{"id":13920,"date":"2022-04-08T16:48:53","date_gmt":"2022-04-08T14:48:53","guid":{"rendered":"https:\/\/odysseus-numismatique.com\/?post_type=product&#038;p=13920"},"modified":"2025-03-18T01:27:02","modified_gmt":"2025-03-18T00:27:02","slug":"maximin-ii-persecution-des-chretiens-nummus","status":"publish","type":"product","link":"https:\/\/odysseus-numismatique.com\/en\/article\/maximin-ii-persecution-des-chretiens-nummus\/","title":{"rendered":"MAXIMINUS II \u2013 PERSECUTION OF CHRISTIANS <br \/> Nummus"},"content":{"rendered":"<style>\n.tableproduct {border-collapse:none}\n.tableproduct td {border:none!important; padding:10px}\n.tableproduct .odd td {background-color:#424242}\n.tableproduct .even td {background-color:#3a3a3a}\n.tableproduct .column-1 {text-transform:uppercase; font-weight:bold; font-size:0.75em; width:20%}\n.tableproduct .column-2 {font-size:1em}\n<\/style>\n<table class=\"tableproduct\">\n<tr class=\"row-1 odd\">\n<td class=\"column-1\">Obverse<\/td>\n<td class=\"column-2\">GENIO ANTIOCHENI<br \/>\nTych\u00e9 d&rsquo;Antioche assise de face sur un rocher, le dieu-fleuve Orontes nageant \u00e0 ses pieds<\/td>\n<\/tr>\n<tr class=\"row-2 even\">\n<td class=\"column-1\">Reverse<\/td>\n<td class=\"column-2\">APOLLONI SANCTO<br \/>\nApollon debout \u00e0 gauche, tenant une pat\u00e8re et une lyre, Z dans le champ, SNA \u00e0 l&rsquo;exergue<\/td>\n<\/tr>\n<tr class=\"row-3 odd\">\n<td class=\"column-1\">Denomination<\/td>\n<td class=\"column-2\">Nummus or Reduced Follis<\/td>\n<\/tr>\n<tr class=\"row-4 even\">\n<td class=\"column-1\">Date<\/td>\n<td class=\"column-2\">AD 310-313<\/td>\n<\/tr>\n<tr class=\"row-5 odd\">\n<td class=\"column-1\">Mint<\/td>\n<td class=\"column-2\">Antioch<\/td>\n<\/tr>\n<tr class=\"row-6 even\">\n<td class=\"column-1\">Metal<\/td>\n<td class=\"column-2\">Bronze<\/td>\n<\/tr>\n<tr class=\"row-7 odd\">\n<td class=\"column-1\">Weight<\/td>\n<td class=\"column-2\">1.66 g<\/td>\n<\/tr>\n<tr class=\"row-8 even\">\n<td class=\"column-1\">Diameter<\/td>\n<td class=\"column-2\">15.8 mm<\/td>\n<\/tr>\n<tr class=\"row-9 odd\">\n<td class=\"column-1\">Reference<\/td>\n<td class=\"column-2\">McAlee 170g &#8211; Vagi 2954<\/td>\n<\/tr>\n<tr class=\"row-10 even\">\n<td class=\"column-1\">Condition<\/td>\n<td class=\"column-2\">VF<\/td>\n<\/tr>\n<\/table>","protected":false},"excerpt":{"rendered":"<p>Avers GENIO ANTIOCHENI Tych\u00e9 d&rsquo;Antioche assise de face sur un rocher, le dieu-fleuve Orontes nageant \u00e0 ses pieds Revers APOLLONI SANCTO Apollon debout \u00e0 gauche, tenant une pat\u00e8re et une lyre, Z dans le champ, SNA \u00e0 l&rsquo;exergue Module Nummus ou Follis r\u00e9duit Date 310-313 ap. J.-C. Atelier Antioche M\u00e9tal Bronze Poids 1.66 g Diam\u00e8tre [&hellip;]<\/p>\n","protected":false},"featured_media":13921,"template":"","meta":[],"product_brand":[],"product_cat":[301,22,17],"product_tag":[303,394],"class_list":{"0":"post-13920","1":"product","2":"type-product","3":"status-publish","4":"has-post-thumbnail","6":"product_cat-imperiales","7":"product_cat-monnaies-romaines","8":"product_cat-numismatique","9":"product_tag-monnaies-romaines-imperiales","10":"product_tag-numismatique","11":"pa_atelier-antioche","12":"pa_metal-bronze","13":"pa_module-nummus","15":"first","16":"instock","17":"sold-individually","18":"shipping-taxable","19":"purchasable","20":"product-type-simple"},"yoast_head":"<!-- This site is optimized with the Yoast SEO plugin v27.2 - https:\/\/yoast.com\/product\/yoast-seo-wordpress\/ -->\n<title>MAXIMIN II - PERS\u00c9CUTION DES CHR\u00c9TIENS \u2022 Nummus &#8226; Odysseus<\/title>\n<meta name=\"robots\" content=\"index, follow, max-snippet:-1, max-image-preview:large, max-video-preview:-1\" \/>\n<link rel=\"canonical\" href=\"https:\/\/odysseus-numismatique.com\/en\/article\/maximin-ii-persecution-des-chretiens-nummus\/\" \/>\n<meta property=\"og:locale\" content=\"en_GB\" \/>\n<meta property=\"og:type\" content=\"article\" \/>\n<meta property=\"og:title\" content=\"MAXIMIN II - PERS\u00c9CUTION DES CHR\u00c9TIENS \u2022 Nummus &#8226; Odysseus\" \/>\n<meta property=\"og:description\" content=\"Avers GENIO ANTIOCHENI Tych\u00e9 d&rsquo;Antioche assise de face sur un rocher, le dieu-fleuve Orontes nageant \u00e0 ses pieds Revers APOLLONI SANCTO Apollon debout \u00e0 gauche, tenant une pat\u00e8re et une lyre, Z dans le champ, SNA \u00e0 l&rsquo;exergue Module Nummus ou Follis r\u00e9duit Date 310-313 ap. J.-C. Atelier Antioche M\u00e9tal Bronze Poids 1.66 g Diam\u00e8tre [&hellip;]\" \/>\n<meta property=\"og:url\" content=\"https:\/\/odysseus-numismatique.com\/en\/article\/maximin-ii-persecution-des-chretiens-nummus\/\" \/>\n<meta property=\"og:site_name\" content=\"Odysseus\" \/>\n<meta property=\"article:modified_time\" content=\"2025-03-18T00:27:02+00:00\" \/>\n<meta property=\"og:image\" content=\"https:\/\/odysseus-numismatique.com\/wp-content\/uploads\/2022\/03\/maximin-ii-persecution-des-chretiens-nummus.jpg\" \/>\n\t<meta property=\"og:image:width\" content=\"1500\" \/>\n\t<meta property=\"og:image:height\" content=\"750\" \/>\n\t<meta property=\"og:image:type\" content=\"image\/jpeg\" \/>\n<meta name=\"twitter:card\" content=\"summary_large_image\" \/>\n<script type=\"application\/ld+json\" class=\"yoast-schema-graph\">{\"@context\":\"https:\/\/schema.org\",\"@graph\":[{\"@type\":\"WebPage\",\"@id\":\"https:\/\/odysseus-numismatique.com\/article\/maximin-ii-persecution-des-chretiens-nummus\/\",\"url\":\"https:\/\/odysseus-numismatique.com\/article\/maximin-ii-persecution-des-chretiens-nummus\/\",\"name\":\"MAXIMIN II - PERS\u00c9CUTION DES CHR\u00c9TIENS \u2022 Nummus &#8226; Odysseus\",\"isPartOf\":{\"@id\":\"https:\/\/odysseus-numismatique.com\/#website\"},\"primaryImageOfPage\":{\"@id\":\"https:\/\/odysseus-numismatique.com\/article\/maximin-ii-persecution-des-chretiens-nummus\/#primaryimage\"},\"image\":{\"@id\":\"https:\/\/odysseus-numismatique.com\/article\/maximin-ii-persecution-des-chretiens-nummus\/#primaryimage\"},\"thumbnailUrl\":\"https:\/\/odysseus-numismatique.com\/wp-content\/uploads\/2022\/03\/maximin-ii-persecution-des-chretiens-nummus.jpg\",\"datePublished\":\"2022-04-08T14:48:53+00:00\",\"dateModified\":\"2025-03-18T00:27:02+00:00\",\"breadcrumb\":{\"@id\":\"https:\/\/odysseus-numismatique.com\/article\/maximin-ii-persecution-des-chretiens-nummus\/#breadcrumb\"},\"inLanguage\":\"en-GB\",\"potentialAction\":[{\"@type\":\"ReadAction\",\"target\":[\"https:\/\/odysseus-numismatique.com\/article\/maximin-ii-persecution-des-chretiens-nummus\/\"]}]},{\"@type\":\"ImageObject\",\"inLanguage\":\"en-GB\",\"@id\":\"https:\/\/odysseus-numismatique.com\/article\/maximin-ii-persecution-des-chretiens-nummus\/#primaryimage\",\"url\":\"https:\/\/odysseus-numismatique.com\/wp-content\/uploads\/2022\/03\/maximin-ii-persecution-des-chretiens-nummus.jpg\",\"contentUrl\":\"https:\/\/odysseus-numismatique.com\/wp-content\/uploads\/2022\/03\/maximin-ii-persecution-des-chretiens-nummus.jpg\",\"width\":1500,\"height\":750,\"caption\":\"Odysseus Numismatique Monnaies Romaines MAXIMIN II DAIA - PERS\u00c9CUTION DES CHR\u00c9TIENS \u2022 Nummus\"},{\"@type\":\"BreadcrumbList\",\"@id\":\"https:\/\/odysseus-numismatique.com\/article\/maximin-ii-persecution-des-chretiens-nummus\/#breadcrumb\",\"itemListElement\":[{\"@type\":\"ListItem\",\"position\":1,\"name\":\"Accueil\",\"item\":\"https:\/\/odysseus-numismatique.com\/\"},{\"@type\":\"ListItem\",\"position\":2,\"name\":\"Boutique\",\"item\":\"https:\/\/odysseus-numismatique.com\/en\/boutique\/\"},{\"@type\":\"ListItem\",\"position\":3,\"name\":\"MAXIMIN II &#8211; PERS\u00c9CUTION DES CHR\u00c9TIENS Nummus\"}]},{\"@type\":\"WebSite\",\"@id\":\"https:\/\/odysseus-numismatique.com\/#website\",\"url\":\"https:\/\/odysseus-numismatique.com\/\",\"name\":\"Odysseus\",\"description\":\"Numismatique\",\"publisher\":{\"@id\":\"https:\/\/odysseus-numismatique.com\/#organization\"},\"potentialAction\":[{\"@type\":\"SearchAction\",\"target\":{\"@type\":\"EntryPoint\",\"urlTemplate\":\"https:\/\/odysseus-numismatique.com\/?s={search_term_string}\"},\"query-input\":{\"@type\":\"PropertyValueSpecification\",\"valueRequired\":true,\"valueName\":\"search_term_string\"}}],\"inLanguage\":\"en-GB\"},{\"@type\":\"Organization\",\"@id\":\"https:\/\/odysseus-numismatique.com\/#organization\",\"name\":\"Odysseus\",\"url\":\"https:\/\/odysseus-numismatique.com\/\",\"logo\":{\"@type\":\"ImageObject\",\"inLanguage\":\"en-GB\",\"@id\":\"https:\/\/odysseus-numismatique.com\/#\/schema\/logo\/image\/\",\"url\":\"https:\/\/odysseus-numismatique.com\/wp-content\/uploads\/2019\/04\/odysseus-numismatique.png\",\"contentUrl\":\"https:\/\/odysseus-numismatique.com\/wp-content\/uploads\/2019\/04\/odysseus-numismatique.png\",\"width\":500,\"height\":500,\"caption\":\"Odysseus\"},\"image\":{\"@id\":\"https:\/\/odysseus-numismatique.com\/#\/schema\/logo\/image\/\"}}]}<\/script>\n<!-- \/ Yoast SEO plugin. -->","yoast_head_json":{"title":"MAXIMIN II - PERS\u00c9CUTION DES CHR\u00c9TIENS \u2022 Nummus &#8226; Odysseus","robots":{"index":"index","follow":"follow","max-snippet":"max-snippet:-1","max-image-preview":"max-image-preview:large","max-video-preview":"max-video-preview:-1"},"canonical":"https:\/\/odysseus-numismatique.com\/en\/article\/maximin-ii-persecution-des-chretiens-nummus\/","og_locale":"en_GB","og_type":"article","og_title":"MAXIMIN II - PERS\u00c9CUTION DES CHR\u00c9TIENS \u2022 Nummus &#8226; Odysseus","og_description":"Avers GENIO ANTIOCHENI Tych\u00e9 d&rsquo;Antioche assise de face sur un rocher, le dieu-fleuve Orontes nageant \u00e0 ses pieds Revers APOLLONI SANCTO Apollon debout \u00e0 gauche, tenant une pat\u00e8re et une lyre, Z dans le champ, SNA \u00e0 l&rsquo;exergue Module Nummus ou Follis r\u00e9duit Date 310-313 ap. J.-C. Atelier Antioche M\u00e9tal Bronze Poids 1.66 g Diam\u00e8tre [&hellip;]","og_url":"https:\/\/odysseus-numismatique.com\/en\/article\/maximin-ii-persecution-des-chretiens-nummus\/","og_site_name":"Odysseus","article_modified_time":"2025-03-18T00:27:02+00:00","og_image":[{"width":1500,"height":750,"url":"https:\/\/odysseus-numismatique.com\/wp-content\/uploads\/2022\/03\/maximin-ii-persecution-des-chretiens-nummus.jpg","type":"image\/jpeg"}],"twitter_card":"summary_large_image","schema":{"@context":"https:\/\/schema.org","@graph":[{"@type":"WebPage","@id":"https:\/\/odysseus-numismatique.com\/article\/maximin-ii-persecution-des-chretiens-nummus\/","url":"https:\/\/odysseus-numismatique.com\/article\/maximin-ii-persecution-des-chretiens-nummus\/","name":"MAXIMIN II - PERS\u00c9CUTION DES CHR\u00c9TIENS \u2022 Nummus &#8226; Odysseus","isPartOf":{"@id":"https:\/\/odysseus-numismatique.com\/#website"},"primaryImageOfPage":{"@id":"https:\/\/odysseus-numismatique.com\/article\/maximin-ii-persecution-des-chretiens-nummus\/#primaryimage"},"image":{"@id":"https:\/\/odysseus-numismatique.com\/article\/maximin-ii-persecution-des-chretiens-nummus\/#primaryimage"},"thumbnailUrl":"https:\/\/odysseus-numismatique.com\/wp-content\/uploads\/2022\/03\/maximin-ii-persecution-des-chretiens-nummus.jpg","datePublished":"2022-04-08T14:48:53+00:00","dateModified":"2025-03-18T00:27:02+00:00","breadcrumb":{"@id":"https:\/\/odysseus-numismatique.com\/article\/maximin-ii-persecution-des-chretiens-nummus\/#breadcrumb"},"inLanguage":"en-GB","potentialAction":[{"@type":"ReadAction","target":["https:\/\/odysseus-numismatique.com\/article\/maximin-ii-persecution-des-chretiens-nummus\/"]}]},{"@type":"ImageObject","inLanguage":"en-GB","@id":"https:\/\/odysseus-numismatique.com\/article\/maximin-ii-persecution-des-chretiens-nummus\/#primaryimage","url":"https:\/\/odysseus-numismatique.com\/wp-content\/uploads\/2022\/03\/maximin-ii-persecution-des-chretiens-nummus.jpg","contentUrl":"https:\/\/odysseus-numismatique.com\/wp-content\/uploads\/2022\/03\/maximin-ii-persecution-des-chretiens-nummus.jpg","width":1500,"height":750,"caption":"Odysseus Numismatique Monnaies Romaines MAXIMIN II DAIA - PERS\u00c9CUTION DES CHR\u00c9TIENS \u2022 Nummus"},{"@type":"BreadcrumbList","@id":"https:\/\/odysseus-numismatique.com\/article\/maximin-ii-persecution-des-chretiens-nummus\/#breadcrumb","itemListElement":[{"@type":"ListItem","position":1,"name":"Accueil","item":"https:\/\/odysseus-numismatique.com\/"},{"@type":"ListItem","position":2,"name":"Boutique","item":"https:\/\/odysseus-numismatique.com\/en\/boutique\/"},{"@type":"ListItem","position":3,"name":"MAXIMIN II &#8211; PERS\u00c9CUTION DES CHR\u00c9TIENS Nummus"}]},{"@type":"WebSite","@id":"https:\/\/odysseus-numismatique.com\/#website","url":"https:\/\/odysseus-numismatique.com\/","name":"Odysseus","description":"Numismatics","publisher":{"@id":"https:\/\/odysseus-numismatique.com\/#organization"},"potentialAction":[{"@type":"SearchAction","target":{"@type":"EntryPoint","urlTemplate":"https:\/\/odysseus-numismatique.com\/?s={search_term_string}"},"query-input":{"@type":"PropertyValueSpecification","valueRequired":true,"valueName":"search_term_string"}}],"inLanguage":"en-GB"},{"@type":"Organization","@id":"https:\/\/odysseus-numismatique.com\/#organization","name":"Odysseus","url":"https:\/\/odysseus-numismatique.com\/","logo":{"@type":"ImageObject","inLanguage":"en-GB","@id":"https:\/\/odysseus-numismatique.com\/#\/schema\/logo\/image\/","url":"https:\/\/odysseus-numismatique.com\/wp-content\/uploads\/2019\/04\/odysseus-numismatique.png","contentUrl":"https:\/\/odysseus-numismatique.com\/wp-content\/uploads\/2019\/04\/odysseus-numismatique.png","width":500,"height":500,"caption":"Odysseus"},"image":{"@id":"https:\/\/odysseus-numismatique.com\/#\/schema\/logo\/image\/"}}]}},"_links":{"self":[{"href":"https:\/\/odysseus-numismatique.com\/en\/wp-json\/wp\/v2\/product\/13920","targetHints":{"allow":["GET"]}}],"collection":[{"href":"https:\/\/odysseus-numismatique.com\/en\/wp-json\/wp\/v2\/product"}],"about":[{"href":"https:\/\/odysseus-numismatique.com\/en\/wp-json\/wp\/v2\/types\/product"}],"wp:featuredmedia":[{"embeddable":true,"href":"https:\/\/odysseus-numismatique.com\/en\/wp-json\/wp\/v2\/media\/13921"}],"wp:attachment":[{"href":"https:\/\/odysseus-numismatique.com\/en\/wp-json\/wp\/v2\/media?parent=13920"}],"wp:term":[{"taxonomy":"product_brand","embeddable":true,"href":"https:\/\/odysseus-numismatique.com\/en\/wp-json\/wp\/v2\/product_brand?post=13920"},{"taxonomy":"product_cat","embeddable":true,"href":"https:\/\/odysseus-numismatique.com\/en\/wp-json\/wp\/v2\/product_cat?post=13920"},{"taxonomy":"product_tag","embeddable":true,"href":"https:\/\/odysseus-numismatique.com\/en\/wp-json\/wp\/v2\/product_tag?post=13920"}],"curies":[{"name":"wp","href":"https:\/\/api.w.org\/{rel}","templated":true}]}}