{"id":13227,"date":"2022-02-11T17:17:34","date_gmt":"2022-02-11T16:17:34","guid":{"rendered":"https:\/\/odysseus-numismatique.com\/?post_type=product&#038;p=13227"},"modified":"2025-03-18T00:02:34","modified_gmt":"2025-03-17T23:02:34","slug":"cesaree-de-cappadoce-trajan-drachme","status":"publish","type":"product","link":"https:\/\/odysseus-numismatique.com\/en\/article\/cesaree-de-cappadoce-trajan-drachme\/","title":{"rendered":"CAESAREA CAPPADOCIA \u2013 TRAJAN <br \/> Drachm"},"content":{"rendered":"<style>\n.tableproduct {border-collapse:none}\n.tableproduct td {border:none!important; padding:10px}\n.tableproduct .odd td {background-color:#424242}\n.tableproduct .even td {background-color:#3a3a3a}\n.tableproduct .column-1 {text-transform:uppercase; font-weight:bold; font-size:0.75em; width:20%}\n.tableproduct .column-2 {font-size:1em}\n<\/style>\n<table class=\"tableproduct\">\n<tr class=\"row-1 odd\">\n<td class=\"column-1\">Obverse<\/td>\n<td class=\"column-2\">\u0391\u03a5\u03a4\u039f\u039a\u03a1 \u039a\u0391\u0399\u0421 \u039d\u0404\u03a1 \u03a4\u03a1\u0391\u0399\u0391\u039d\u039f\u0421 \u0421\u0404\u0392 \u0393\u0404\u03a1\u039c \u0394\u0391\u039a<br \/>\nBuste laur\u00e9 et drap\u00e9 \u00e0 droite, vu de derri\u00e8re<\/td>\n<\/tr>\n<tr class=\"row-2 even\">\n<td class=\"column-1\">Reverse<\/td>\n<td class=\"column-2\">\u0394\u0397\u039c\u0391\u03a1\u03a7 \u0404\u039e \u03a5\u03a0\u0391\u03a4\u039f \u03c2<br \/>\nPoign\u00e9e de main, enseigne militaire sur une proue de navire derri\u00e8re<\/td>\n<\/tr>\n<tr class=\"row-3 odd\">\n<td class=\"column-1\">Denomination<\/td>\n<td class=\"column-2\">Drachm<\/td>\n<\/tr>\n<tr class=\"row-4 even\">\n<td class=\"column-1\">Date<\/td>\n<td class=\"column-2\">Dated COS VI = AD 112-114<\/td>\n<\/tr>\n<tr class=\"row-5 odd\">\n<td class=\"column-1\">Mint<\/td>\n<td class=\"column-2\">Caesarea (Cappadocia)<\/td>\n<\/tr>\n<tr class=\"row-6 even\">\n<td class=\"column-1\">Metal<\/td>\n<td class=\"column-2\">Silver<\/td>\n<\/tr>\n<tr class=\"row-7 odd\">\n<td class=\"column-1\">Weight<\/td>\n<td class=\"column-2\">3.50 g<\/td>\n<\/tr>\n<tr class=\"row-8 even\">\n<td class=\"column-1\">Diameter<\/td>\n<td class=\"column-2\">19 mm<\/td>\n<\/tr>\n<tr class=\"row-9 odd\">\n<td class=\"column-1\">Reference<\/td>\n<td class=\"column-2\">RPC III 3030 &#8211; Sydenham 223a &#8211; Metcalf 71a<\/td>\n<\/tr>\n<tr class=\"row-10 even\">\n<td class=\"column-1\">Condition<\/td>\n<td class=\"column-2\">VF<\/td>\n<\/tr>\n<\/table>","protected":false},"excerpt":{"rendered":"<p>Avers \u0391\u03a5\u03a4\u039f\u039a\u03a1 \u039a\u0391\u0399\u0421 \u039d\u0404\u03a1 \u03a4\u03a1\u0391\u0399\u0391\u039d\u039f\u0421 \u0421\u0404\u0392 \u0393\u0404\u03a1\u039c \u0394\u0391\u039a Buste laur\u00e9 et drap\u00e9 \u00e0 droite, vu de derri\u00e8re Revers \u0394\u0397\u039c\u0391\u03a1\u03a7 \u0404\u039e \u03a5\u03a0\u0391\u03a4\u039f \u03c2 Poign\u00e9e de main, enseigne militaire sur une proue de navire derri\u00e8re Module Drachme Date Dat\u00e9 COS VI = 112-114 ap. J.-C. Atelier Caesarea (Cappadoce) M\u00e9tal Argent Poids 3.50 g Diam\u00e8tre 19 mm R\u00e9f\u00e9rence [&hellip;]<\/p>\n","protected":false},"featured_media":13230,"template":"","meta":[],"product_brand":[],"product_cat":[15],"product_tag":[241,394],"class_list":{"0":"post-13227","1":"product","2":"type-product","3":"status-publish","4":"has-post-thumbnail","6":"product_cat-vendus","7":"product_tag-monnaies-romaines-provinciales","8":"product_tag-numismatique","9":"pa_metal-argent","10":"pa_module-drachme","12":"first","13":"outofstock","14":"sold-individually","15":"shipping-taxable","16":"purchasable","17":"product-type-simple"},"yoast_head":"<!-- This site is optimized with the Yoast SEO plugin v27.5 - https:\/\/yoast.com\/product\/yoast-seo-wordpress\/ -->\n<title>C\u00c9SAR\u00c9E DE CAPPADOCE - TRAJAN \u2022 Drachme &#8226; Odysseus<\/title>\n<meta name=\"robots\" content=\"index, follow, max-snippet:-1, max-image-preview:large, max-video-preview:-1\" \/>\n<link rel=\"canonical\" href=\"https:\/\/odysseus-numismatique.com\/en\/article\/cesaree-de-cappadoce-trajan-drachme\/\" \/>\n<meta property=\"og:locale\" content=\"en_GB\" \/>\n<meta property=\"og:type\" content=\"article\" \/>\n<meta property=\"og:title\" content=\"C\u00c9SAR\u00c9E DE CAPPADOCE - TRAJAN \u2022 Drachme &#8226; Odysseus\" \/>\n<meta property=\"og:description\" content=\"Avers \u0391\u03a5\u03a4\u039f\u039a\u03a1 \u039a\u0391\u0399\u0421 \u039d\u0404\u03a1 \u03a4\u03a1\u0391\u0399\u0391\u039d\u039f\u0421 \u0421\u0404\u0392 \u0393\u0404\u03a1\u039c \u0394\u0391\u039a Buste laur\u00e9 et drap\u00e9 \u00e0 droite, vu de derri\u00e8re Revers \u0394\u0397\u039c\u0391\u03a1\u03a7 \u0404\u039e \u03a5\u03a0\u0391\u03a4\u039f \u03c2 Poign\u00e9e de main, enseigne militaire sur une proue de navire derri\u00e8re Module Drachme Date Dat\u00e9 COS VI = 112-114 ap. J.-C. Atelier Caesarea (Cappadoce) M\u00e9tal Argent Poids 3.50 g Diam\u00e8tre 19 mm R\u00e9f\u00e9rence [&hellip;]\" \/>\n<meta property=\"og:url\" content=\"https:\/\/odysseus-numismatique.com\/en\/article\/cesaree-de-cappadoce-trajan-drachme\/\" \/>\n<meta property=\"og:site_name\" content=\"Odysseus\" \/>\n<meta property=\"article:modified_time\" content=\"2025-03-17T23:02:34+00:00\" \/>\n<meta property=\"og:image\" content=\"https:\/\/odysseus-numismatique.com\/wp-content\/uploads\/2022\/02\/cesaree-de-cappadoce-trajan-drachme.jpg\" \/>\n\t<meta property=\"og:image:width\" content=\"1500\" \/>\n\t<meta property=\"og:image:height\" content=\"750\" \/>\n\t<meta property=\"og:image:type\" content=\"image\/jpeg\" \/>\n<meta name=\"twitter:card\" content=\"summary_large_image\" \/>\n<script type=\"application\/ld+json\" class=\"yoast-schema-graph\">{\"@context\":\"https:\\\/\\\/schema.org\",\"@graph\":[{\"@type\":\"WebPage\",\"@id\":\"https:\\\/\\\/odysseus-numismatique.com\\\/article\\\/cesaree-de-cappadoce-trajan-drachme\\\/\",\"url\":\"https:\\\/\\\/odysseus-numismatique.com\\\/article\\\/cesaree-de-cappadoce-trajan-drachme\\\/\",\"name\":\"C\u00c9SAR\u00c9E DE CAPPADOCE - TRAJAN \u2022 Drachme &#8226; Odysseus\",\"isPartOf\":{\"@id\":\"https:\\\/\\\/odysseus-numismatique.com\\\/#website\"},\"primaryImageOfPage\":{\"@id\":\"https:\\\/\\\/odysseus-numismatique.com\\\/article\\\/cesaree-de-cappadoce-trajan-drachme\\\/#primaryimage\"},\"image\":{\"@id\":\"https:\\\/\\\/odysseus-numismatique.com\\\/article\\\/cesaree-de-cappadoce-trajan-drachme\\\/#primaryimage\"},\"thumbnailUrl\":\"https:\\\/\\\/odysseus-numismatique.com\\\/wp-content\\\/uploads\\\/2022\\\/02\\\/cesaree-de-cappadoce-trajan-drachme.jpg\",\"datePublished\":\"2022-02-11T16:17:34+00:00\",\"dateModified\":\"2025-03-17T23:02:34+00:00\",\"breadcrumb\":{\"@id\":\"https:\\\/\\\/odysseus-numismatique.com\\\/article\\\/cesaree-de-cappadoce-trajan-drachme\\\/#breadcrumb\"},\"inLanguage\":\"en-GB\",\"potentialAction\":[{\"@type\":\"ReadAction\",\"target\":[\"https:\\\/\\\/odysseus-numismatique.com\\\/article\\\/cesaree-de-cappadoce-trajan-drachme\\\/\"]}]},{\"@type\":\"ImageObject\",\"inLanguage\":\"en-GB\",\"@id\":\"https:\\\/\\\/odysseus-numismatique.com\\\/article\\\/cesaree-de-cappadoce-trajan-drachme\\\/#primaryimage\",\"url\":\"https:\\\/\\\/odysseus-numismatique.com\\\/wp-content\\\/uploads\\\/2022\\\/02\\\/cesaree-de-cappadoce-trajan-drachme.jpg\",\"contentUrl\":\"https:\\\/\\\/odysseus-numismatique.com\\\/wp-content\\\/uploads\\\/2022\\\/02\\\/cesaree-de-cappadoce-trajan-drachme.jpg\",\"width\":1500,\"height\":750,\"caption\":\"Odysseus Numismatique Monnaies Romaines Provinciales C\u00c9SAR\u00c9E DE CAPPADOCE - TRAJAN \u2022 Drachme\"},{\"@type\":\"BreadcrumbList\",\"@id\":\"https:\\\/\\\/odysseus-numismatique.com\\\/article\\\/cesaree-de-cappadoce-trajan-drachme\\\/#breadcrumb\",\"itemListElement\":[{\"@type\":\"ListItem\",\"position\":1,\"name\":\"Accueil\",\"item\":\"https:\\\/\\\/odysseus-numismatique.com\\\/\"},{\"@type\":\"ListItem\",\"position\":2,\"name\":\"Boutique\",\"item\":\"https:\\\/\\\/odysseus-numismatique.com\\\/en\\\/boutique\\\/\"},{\"@type\":\"ListItem\",\"position\":3,\"name\":\"C\u00c9SAR\u00c9E DE CAPPADOCE &#8211; TRAJAN Drachme\"}]},{\"@type\":\"WebSite\",\"@id\":\"https:\\\/\\\/odysseus-numismatique.com\\\/#website\",\"url\":\"https:\\\/\\\/odysseus-numismatique.com\\\/\",\"name\":\"Odysseus\",\"description\":\"Numismatique\",\"publisher\":{\"@id\":\"https:\\\/\\\/odysseus-numismatique.com\\\/#organization\"},\"potentialAction\":[{\"@type\":\"SearchAction\",\"target\":{\"@type\":\"EntryPoint\",\"urlTemplate\":\"https:\\\/\\\/odysseus-numismatique.com\\\/?s={search_term_string}\"},\"query-input\":{\"@type\":\"PropertyValueSpecification\",\"valueRequired\":true,\"valueName\":\"search_term_string\"}}],\"inLanguage\":\"en-GB\"},{\"@type\":\"Organization\",\"@id\":\"https:\\\/\\\/odysseus-numismatique.com\\\/#organization\",\"name\":\"Odysseus\",\"url\":\"https:\\\/\\\/odysseus-numismatique.com\\\/\",\"logo\":{\"@type\":\"ImageObject\",\"inLanguage\":\"en-GB\",\"@id\":\"https:\\\/\\\/odysseus-numismatique.com\\\/#\\\/schema\\\/logo\\\/image\\\/\",\"url\":\"https:\\\/\\\/odysseus-numismatique.com\\\/wp-content\\\/uploads\\\/2019\\\/04\\\/odysseus-numismatique.png\",\"contentUrl\":\"https:\\\/\\\/odysseus-numismatique.com\\\/wp-content\\\/uploads\\\/2019\\\/04\\\/odysseus-numismatique.png\",\"width\":500,\"height\":500,\"caption\":\"Odysseus\"},\"image\":{\"@id\":\"https:\\\/\\\/odysseus-numismatique.com\\\/#\\\/schema\\\/logo\\\/image\\\/\"}}]}<\/script>\n<!-- \/ Yoast SEO plugin. -->","yoast_head_json":{"title":"C\u00c9SAR\u00c9E DE CAPPADOCE - TRAJAN \u2022 Drachme &#8226; Odysseus","robots":{"index":"index","follow":"follow","max-snippet":"max-snippet:-1","max-image-preview":"max-image-preview:large","max-video-preview":"max-video-preview:-1"},"canonical":"https:\/\/odysseus-numismatique.com\/en\/article\/cesaree-de-cappadoce-trajan-drachme\/","og_locale":"en_GB","og_type":"article","og_title":"C\u00c9SAR\u00c9E DE CAPPADOCE - TRAJAN \u2022 Drachme &#8226; Odysseus","og_description":"Avers \u0391\u03a5\u03a4\u039f\u039a\u03a1 \u039a\u0391\u0399\u0421 \u039d\u0404\u03a1 \u03a4\u03a1\u0391\u0399\u0391\u039d\u039f\u0421 \u0421\u0404\u0392 \u0393\u0404\u03a1\u039c \u0394\u0391\u039a Buste laur\u00e9 et drap\u00e9 \u00e0 droite, vu de derri\u00e8re Revers \u0394\u0397\u039c\u0391\u03a1\u03a7 \u0404\u039e \u03a5\u03a0\u0391\u03a4\u039f \u03c2 Poign\u00e9e de main, enseigne militaire sur une proue de navire derri\u00e8re Module Drachme Date Dat\u00e9 COS VI = 112-114 ap. J.-C. Atelier Caesarea (Cappadoce) M\u00e9tal Argent Poids 3.50 g Diam\u00e8tre 19 mm R\u00e9f\u00e9rence [&hellip;]","og_url":"https:\/\/odysseus-numismatique.com\/en\/article\/cesaree-de-cappadoce-trajan-drachme\/","og_site_name":"Odysseus","article_modified_time":"2025-03-17T23:02:34+00:00","og_image":[{"width":1500,"height":750,"url":"https:\/\/odysseus-numismatique.com\/wp-content\/uploads\/2022\/02\/cesaree-de-cappadoce-trajan-drachme.jpg","type":"image\/jpeg"}],"twitter_card":"summary_large_image","schema":{"@context":"https:\/\/schema.org","@graph":[{"@type":"WebPage","@id":"https:\/\/odysseus-numismatique.com\/article\/cesaree-de-cappadoce-trajan-drachme\/","url":"https:\/\/odysseus-numismatique.com\/article\/cesaree-de-cappadoce-trajan-drachme\/","name":"C\u00c9SAR\u00c9E DE CAPPADOCE - TRAJAN \u2022 Drachme &#8226; Odysseus","isPartOf":{"@id":"https:\/\/odysseus-numismatique.com\/#website"},"primaryImageOfPage":{"@id":"https:\/\/odysseus-numismatique.com\/article\/cesaree-de-cappadoce-trajan-drachme\/#primaryimage"},"image":{"@id":"https:\/\/odysseus-numismatique.com\/article\/cesaree-de-cappadoce-trajan-drachme\/#primaryimage"},"thumbnailUrl":"https:\/\/odysseus-numismatique.com\/wp-content\/uploads\/2022\/02\/cesaree-de-cappadoce-trajan-drachme.jpg","datePublished":"2022-02-11T16:17:34+00:00","dateModified":"2025-03-17T23:02:34+00:00","breadcrumb":{"@id":"https:\/\/odysseus-numismatique.com\/article\/cesaree-de-cappadoce-trajan-drachme\/#breadcrumb"},"inLanguage":"en-GB","potentialAction":[{"@type":"ReadAction","target":["https:\/\/odysseus-numismatique.com\/article\/cesaree-de-cappadoce-trajan-drachme\/"]}]},{"@type":"ImageObject","inLanguage":"en-GB","@id":"https:\/\/odysseus-numismatique.com\/article\/cesaree-de-cappadoce-trajan-drachme\/#primaryimage","url":"https:\/\/odysseus-numismatique.com\/wp-content\/uploads\/2022\/02\/cesaree-de-cappadoce-trajan-drachme.jpg","contentUrl":"https:\/\/odysseus-numismatique.com\/wp-content\/uploads\/2022\/02\/cesaree-de-cappadoce-trajan-drachme.jpg","width":1500,"height":750,"caption":"Odysseus Numismatique Monnaies Romaines Provinciales C\u00c9SAR\u00c9E DE CAPPADOCE - TRAJAN \u2022 Drachme"},{"@type":"BreadcrumbList","@id":"https:\/\/odysseus-numismatique.com\/article\/cesaree-de-cappadoce-trajan-drachme\/#breadcrumb","itemListElement":[{"@type":"ListItem","position":1,"name":"Accueil","item":"https:\/\/odysseus-numismatique.com\/"},{"@type":"ListItem","position":2,"name":"Boutique","item":"https:\/\/odysseus-numismatique.com\/en\/boutique\/"},{"@type":"ListItem","position":3,"name":"C\u00c9SAR\u00c9E DE CAPPADOCE &#8211; TRAJAN Drachme"}]},{"@type":"WebSite","@id":"https:\/\/odysseus-numismatique.com\/#website","url":"https:\/\/odysseus-numismatique.com\/","name":"Odysseus","description":"Numismatics","publisher":{"@id":"https:\/\/odysseus-numismatique.com\/#organization"},"potentialAction":[{"@type":"SearchAction","target":{"@type":"EntryPoint","urlTemplate":"https:\/\/odysseus-numismatique.com\/?s={search_term_string}"},"query-input":{"@type":"PropertyValueSpecification","valueRequired":true,"valueName":"search_term_string"}}],"inLanguage":"en-GB"},{"@type":"Organization","@id":"https:\/\/odysseus-numismatique.com\/#organization","name":"Odysseus","url":"https:\/\/odysseus-numismatique.com\/","logo":{"@type":"ImageObject","inLanguage":"en-GB","@id":"https:\/\/odysseus-numismatique.com\/#\/schema\/logo\/image\/","url":"https:\/\/odysseus-numismatique.com\/wp-content\/uploads\/2019\/04\/odysseus-numismatique.png","contentUrl":"https:\/\/odysseus-numismatique.com\/wp-content\/uploads\/2019\/04\/odysseus-numismatique.png","width":500,"height":500,"caption":"Odysseus"},"image":{"@id":"https:\/\/odysseus-numismatique.com\/#\/schema\/logo\/image\/"}}]}},"_links":{"self":[{"href":"https:\/\/odysseus-numismatique.com\/en\/wp-json\/wp\/v2\/product\/13227","targetHints":{"allow":["GET"]}}],"collection":[{"href":"https:\/\/odysseus-numismatique.com\/en\/wp-json\/wp\/v2\/product"}],"about":[{"href":"https:\/\/odysseus-numismatique.com\/en\/wp-json\/wp\/v2\/types\/product"}],"wp:featuredmedia":[{"embeddable":true,"href":"https:\/\/odysseus-numismatique.com\/en\/wp-json\/wp\/v2\/media\/13230"}],"wp:attachment":[{"href":"https:\/\/odysseus-numismatique.com\/en\/wp-json\/wp\/v2\/media?parent=13227"}],"wp:term":[{"taxonomy":"product_brand","embeddable":true,"href":"https:\/\/odysseus-numismatique.com\/en\/wp-json\/wp\/v2\/product_brand?post=13227"},{"taxonomy":"product_cat","embeddable":true,"href":"https:\/\/odysseus-numismatique.com\/en\/wp-json\/wp\/v2\/product_cat?post=13227"},{"taxonomy":"product_tag","embeddable":true,"href":"https:\/\/odysseus-numismatique.com\/en\/wp-json\/wp\/v2\/product_tag?post=13227"}],"curies":[{"name":"wp","href":"https:\/\/api.w.org\/{rel}","templated":true}]}}