{"id":13215,"date":"2022-02-11T17:22:18","date_gmt":"2022-02-11T16:22:18","guid":{"rendered":"https:\/\/odysseus-numismatique.com\/?post_type=product&#038;p=13215"},"modified":"2025-03-18T00:02:33","modified_gmt":"2025-03-17T23:02:33","slug":"royaume-greco-bactrien-eukratides-ier-bronze","status":"publish","type":"product","link":"https:\/\/odysseus-numismatique.com\/en\/article\/royaume-greco-bactrien-eukratides-ier-bronze\/","title":{"rendered":"GRECO-BAKTRIAN KINGDOM \u2013 EUKRATIDES I <br \/> Bronze"},"content":{"rendered":"<style>\n.tableproduct {border-collapse:none}\n.tableproduct td {border:none!important; padding:10px}\n.tableproduct .odd td {background-color:#424242}\n.tableproduct .even td {background-color:#3a3a3a}\n.tableproduct .column-1 {text-transform:uppercase; font-weight:bold; font-size:0.75em; width:20%}\n.tableproduct .column-2 {font-size:1em}\n<\/style>\n<table class=\"tableproduct\">\n<tr class=\"row-1 odd\">\n<td class=\"column-1\">Obverse<\/td>\n<td class=\"column-2\">\u0392\u0391\u03a3\u0399\u039b\u0395\u03a9\u03a3 \u039c\u0395\u0393\u0391\u039b\u039f\u03a5 \u0395\u03a5\u039a\u03a1\u0391\u03a4\u0399\u0394\u039f\u03a5<br \/>\nBuste casqu\u00e9, diad\u00e9m\u00e9 et drap\u00e9 \u00e0 droite<\/td>\n<\/tr>\n<tr class=\"row-2 even\">\n<td class=\"column-1\">Reverse<\/td>\n<td class=\"column-2\">L\u00e9gende kharoshthi<br \/>\nLes Dioscures chevauchant \u00e0 droite, tenant chacun une palme et une lance, monogramme \u00e0 gauche<\/td>\n<\/tr>\n<tr class=\"row-3 odd\">\n<td class=\"column-1\">Denomination<\/td>\n<td class=\"column-2\">\u00c6<\/td>\n<\/tr>\n<tr class=\"row-4 even\">\n<td class=\"column-1\">Date<\/td>\n<td class=\"column-2\">Circa 170-145 BC<\/td>\n<\/tr>\n<tr class=\"row-5 odd\">\n<td class=\"column-1\">Mint<\/td>\n<td class=\"column-2\">Paropamisadai or Gandhara<\/td>\n<\/tr>\n<tr class=\"row-6 even\">\n<td class=\"column-1\">Metal<\/td>\n<td class=\"column-2\">Bronze<\/td>\n<\/tr>\n<tr class=\"row-7 odd\">\n<td class=\"column-1\">Weight<\/td>\n<td class=\"column-2\">7.93 g<\/td>\n<\/tr>\n<tr class=\"row-8 even\">\n<td class=\"column-1\">Diameter<\/td>\n<td class=\"column-2\">21.6 x 22.2 mm<\/td>\n<\/tr>\n<tr class=\"row-9 odd\">\n<td class=\"column-1\">Reference<\/td>\n<td class=\"column-2\">Bopearachchi 19 &#8211; HGC 12, 146<\/td>\n<\/tr>\n<tr class=\"row-10 even\">\n<td class=\"column-1\">Condition<\/td>\n<td class=\"column-2\">F<\/td>\n<\/tr>\n<\/table>","protected":false},"excerpt":{"rendered":"<p>Avers \u0392\u0391\u03a3\u0399\u039b\u0395\u03a9\u03a3 \u039c\u0395\u0393\u0391\u039b\u039f\u03a5 \u0395\u03a5\u039a\u03a1\u0391\u03a4\u0399\u0394\u039f\u03a5 Buste casqu\u00e9, diad\u00e9m\u00e9 et drap\u00e9 \u00e0 droite Revers L\u00e9gende kharoshthi Les Dioscures chevauchant \u00e0 droite, tenant chacun une palme et une lance, monogramme \u00e0 gauche Module \u00c6 Date Vers 170-145 av. J.-C. Atelier Paropamisadai ou Gandhara M\u00e9tal Bronze Poids 7.93 g Diam\u00e8tre 21.6 x 22.2 mm R\u00e9f\u00e9rence Bopearachchi 19 &#8211; HGC [&hellip;]<\/p>\n","protected":false},"featured_media":13216,"template":"","meta":[],"product_brand":[],"product_cat":[15],"product_tag":[149,394],"class_list":{"0":"post-13215","1":"product","2":"type-product","3":"status-publish","4":"has-post-thumbnail","6":"product_cat-vendus","7":"product_tag-monnaies-grecques","8":"product_tag-numismatique","9":"pa_metal-bronze","10":"pa_module-ae","12":"first","13":"outofstock","14":"sold-individually","15":"shipping-taxable","16":"purchasable","17":"product-type-simple"},"yoast_head":"<!-- This site is optimized with the Yoast SEO plugin v27.5 - https:\/\/yoast.com\/product\/yoast-seo-wordpress\/ -->\n<title>ROYAUME GR\u00c9CO-BACTRIEN - EUKRATIDES Ier \u2022 Bronze &#8226; Odysseus<\/title>\n<meta name=\"robots\" content=\"index, follow, max-snippet:-1, max-image-preview:large, max-video-preview:-1\" \/>\n<link rel=\"canonical\" href=\"https:\/\/odysseus-numismatique.com\/en\/article\/royaume-greco-bactrien-eukratides-ier-bronze\/\" \/>\n<meta property=\"og:locale\" content=\"en_GB\" \/>\n<meta property=\"og:type\" content=\"article\" \/>\n<meta property=\"og:title\" content=\"ROYAUME GR\u00c9CO-BACTRIEN - EUKRATIDES Ier \u2022 Bronze &#8226; Odysseus\" \/>\n<meta property=\"og:description\" content=\"Avers \u0392\u0391\u03a3\u0399\u039b\u0395\u03a9\u03a3 \u039c\u0395\u0393\u0391\u039b\u039f\u03a5 \u0395\u03a5\u039a\u03a1\u0391\u03a4\u0399\u0394\u039f\u03a5 Buste casqu\u00e9, diad\u00e9m\u00e9 et drap\u00e9 \u00e0 droite Revers L\u00e9gende kharoshthi Les Dioscures chevauchant \u00e0 droite, tenant chacun une palme et une lance, monogramme \u00e0 gauche Module \u00c6 Date Vers 170-145 av. J.-C. Atelier Paropamisadai ou Gandhara M\u00e9tal Bronze Poids 7.93 g Diam\u00e8tre 21.6 x 22.2 mm R\u00e9f\u00e9rence Bopearachchi 19 &#8211; HGC [&hellip;]\" \/>\n<meta property=\"og:url\" content=\"https:\/\/odysseus-numismatique.com\/en\/article\/royaume-greco-bactrien-eukratides-ier-bronze\/\" \/>\n<meta property=\"og:site_name\" content=\"Odysseus\" \/>\n<meta property=\"article:modified_time\" content=\"2025-03-17T23:02:33+00:00\" \/>\n<meta property=\"og:image\" content=\"https:\/\/odysseus-numismatique.com\/wp-content\/uploads\/2022\/01\/royaume-greco-bactrien-eukratides-ier-bronze.jpg\" \/>\n\t<meta property=\"og:image:width\" content=\"1500\" \/>\n\t<meta property=\"og:image:height\" content=\"750\" \/>\n\t<meta property=\"og:image:type\" content=\"image\/jpeg\" \/>\n<meta name=\"twitter:card\" content=\"summary_large_image\" \/>\n<script type=\"application\/ld+json\" class=\"yoast-schema-graph\">{\"@context\":\"https:\\\/\\\/schema.org\",\"@graph\":[{\"@type\":\"WebPage\",\"@id\":\"https:\\\/\\\/odysseus-numismatique.com\\\/article\\\/royaume-greco-bactrien-eukratides-ier-bronze\\\/\",\"url\":\"https:\\\/\\\/odysseus-numismatique.com\\\/article\\\/royaume-greco-bactrien-eukratides-ier-bronze\\\/\",\"name\":\"ROYAUME GR\u00c9CO-BACTRIEN - EUKRATIDES Ier \u2022 Bronze &#8226; Odysseus\",\"isPartOf\":{\"@id\":\"https:\\\/\\\/odysseus-numismatique.com\\\/#website\"},\"primaryImageOfPage\":{\"@id\":\"https:\\\/\\\/odysseus-numismatique.com\\\/article\\\/royaume-greco-bactrien-eukratides-ier-bronze\\\/#primaryimage\"},\"image\":{\"@id\":\"https:\\\/\\\/odysseus-numismatique.com\\\/article\\\/royaume-greco-bactrien-eukratides-ier-bronze\\\/#primaryimage\"},\"thumbnailUrl\":\"https:\\\/\\\/odysseus-numismatique.com\\\/wp-content\\\/uploads\\\/2022\\\/01\\\/royaume-greco-bactrien-eukratides-ier-bronze.jpg\",\"datePublished\":\"2022-02-11T16:22:18+00:00\",\"dateModified\":\"2025-03-17T23:02:33+00:00\",\"breadcrumb\":{\"@id\":\"https:\\\/\\\/odysseus-numismatique.com\\\/article\\\/royaume-greco-bactrien-eukratides-ier-bronze\\\/#breadcrumb\"},\"inLanguage\":\"en-GB\",\"potentialAction\":[{\"@type\":\"ReadAction\",\"target\":[\"https:\\\/\\\/odysseus-numismatique.com\\\/article\\\/royaume-greco-bactrien-eukratides-ier-bronze\\\/\"]}]},{\"@type\":\"ImageObject\",\"inLanguage\":\"en-GB\",\"@id\":\"https:\\\/\\\/odysseus-numismatique.com\\\/article\\\/royaume-greco-bactrien-eukratides-ier-bronze\\\/#primaryimage\",\"url\":\"https:\\\/\\\/odysseus-numismatique.com\\\/wp-content\\\/uploads\\\/2022\\\/01\\\/royaume-greco-bactrien-eukratides-ier-bronze.jpg\",\"contentUrl\":\"https:\\\/\\\/odysseus-numismatique.com\\\/wp-content\\\/uploads\\\/2022\\\/01\\\/royaume-greco-bactrien-eukratides-ier-bronze.jpg\",\"width\":1500,\"height\":750,\"caption\":\"Odysseus Numismatique Monnaies Grecques ROYAUME GR\u00c9CO-BACTRIEN - EUKRATIDES Ier \u2022 Bronze\"},{\"@type\":\"BreadcrumbList\",\"@id\":\"https:\\\/\\\/odysseus-numismatique.com\\\/article\\\/royaume-greco-bactrien-eukratides-ier-bronze\\\/#breadcrumb\",\"itemListElement\":[{\"@type\":\"ListItem\",\"position\":1,\"name\":\"Accueil\",\"item\":\"https:\\\/\\\/odysseus-numismatique.com\\\/\"},{\"@type\":\"ListItem\",\"position\":2,\"name\":\"Boutique\",\"item\":\"https:\\\/\\\/odysseus-numismatique.com\\\/en\\\/boutique\\\/\"},{\"@type\":\"ListItem\",\"position\":3,\"name\":\"ROYAUME GR\u00c9CO-BACTRIEN &#8211; EUKRATIDES Ier Bronze\"}]},{\"@type\":\"WebSite\",\"@id\":\"https:\\\/\\\/odysseus-numismatique.com\\\/#website\",\"url\":\"https:\\\/\\\/odysseus-numismatique.com\\\/\",\"name\":\"Odysseus\",\"description\":\"Numismatique\",\"publisher\":{\"@id\":\"https:\\\/\\\/odysseus-numismatique.com\\\/#organization\"},\"potentialAction\":[{\"@type\":\"SearchAction\",\"target\":{\"@type\":\"EntryPoint\",\"urlTemplate\":\"https:\\\/\\\/odysseus-numismatique.com\\\/?s={search_term_string}\"},\"query-input\":{\"@type\":\"PropertyValueSpecification\",\"valueRequired\":true,\"valueName\":\"search_term_string\"}}],\"inLanguage\":\"en-GB\"},{\"@type\":\"Organization\",\"@id\":\"https:\\\/\\\/odysseus-numismatique.com\\\/#organization\",\"name\":\"Odysseus\",\"url\":\"https:\\\/\\\/odysseus-numismatique.com\\\/\",\"logo\":{\"@type\":\"ImageObject\",\"inLanguage\":\"en-GB\",\"@id\":\"https:\\\/\\\/odysseus-numismatique.com\\\/#\\\/schema\\\/logo\\\/image\\\/\",\"url\":\"https:\\\/\\\/odysseus-numismatique.com\\\/wp-content\\\/uploads\\\/2019\\\/04\\\/odysseus-numismatique.png\",\"contentUrl\":\"https:\\\/\\\/odysseus-numismatique.com\\\/wp-content\\\/uploads\\\/2019\\\/04\\\/odysseus-numismatique.png\",\"width\":500,\"height\":500,\"caption\":\"Odysseus\"},\"image\":{\"@id\":\"https:\\\/\\\/odysseus-numismatique.com\\\/#\\\/schema\\\/logo\\\/image\\\/\"}}]}<\/script>\n<!-- \/ Yoast SEO plugin. -->","yoast_head_json":{"title":"ROYAUME GR\u00c9CO-BACTRIEN - EUKRATIDES Ier \u2022 Bronze &#8226; Odysseus","robots":{"index":"index","follow":"follow","max-snippet":"max-snippet:-1","max-image-preview":"max-image-preview:large","max-video-preview":"max-video-preview:-1"},"canonical":"https:\/\/odysseus-numismatique.com\/en\/article\/royaume-greco-bactrien-eukratides-ier-bronze\/","og_locale":"en_GB","og_type":"article","og_title":"ROYAUME GR\u00c9CO-BACTRIEN - EUKRATIDES Ier \u2022 Bronze &#8226; Odysseus","og_description":"Avers \u0392\u0391\u03a3\u0399\u039b\u0395\u03a9\u03a3 \u039c\u0395\u0393\u0391\u039b\u039f\u03a5 \u0395\u03a5\u039a\u03a1\u0391\u03a4\u0399\u0394\u039f\u03a5 Buste casqu\u00e9, diad\u00e9m\u00e9 et drap\u00e9 \u00e0 droite Revers L\u00e9gende kharoshthi Les Dioscures chevauchant \u00e0 droite, tenant chacun une palme et une lance, monogramme \u00e0 gauche Module \u00c6 Date Vers 170-145 av. J.-C. Atelier Paropamisadai ou Gandhara M\u00e9tal Bronze Poids 7.93 g Diam\u00e8tre 21.6 x 22.2 mm R\u00e9f\u00e9rence Bopearachchi 19 &#8211; HGC [&hellip;]","og_url":"https:\/\/odysseus-numismatique.com\/en\/article\/royaume-greco-bactrien-eukratides-ier-bronze\/","og_site_name":"Odysseus","article_modified_time":"2025-03-17T23:02:33+00:00","og_image":[{"width":1500,"height":750,"url":"https:\/\/odysseus-numismatique.com\/wp-content\/uploads\/2022\/01\/royaume-greco-bactrien-eukratides-ier-bronze.jpg","type":"image\/jpeg"}],"twitter_card":"summary_large_image","schema":{"@context":"https:\/\/schema.org","@graph":[{"@type":"WebPage","@id":"https:\/\/odysseus-numismatique.com\/article\/royaume-greco-bactrien-eukratides-ier-bronze\/","url":"https:\/\/odysseus-numismatique.com\/article\/royaume-greco-bactrien-eukratides-ier-bronze\/","name":"ROYAUME GR\u00c9CO-BACTRIEN - EUKRATIDES Ier \u2022 Bronze &#8226; Odysseus","isPartOf":{"@id":"https:\/\/odysseus-numismatique.com\/#website"},"primaryImageOfPage":{"@id":"https:\/\/odysseus-numismatique.com\/article\/royaume-greco-bactrien-eukratides-ier-bronze\/#primaryimage"},"image":{"@id":"https:\/\/odysseus-numismatique.com\/article\/royaume-greco-bactrien-eukratides-ier-bronze\/#primaryimage"},"thumbnailUrl":"https:\/\/odysseus-numismatique.com\/wp-content\/uploads\/2022\/01\/royaume-greco-bactrien-eukratides-ier-bronze.jpg","datePublished":"2022-02-11T16:22:18+00:00","dateModified":"2025-03-17T23:02:33+00:00","breadcrumb":{"@id":"https:\/\/odysseus-numismatique.com\/article\/royaume-greco-bactrien-eukratides-ier-bronze\/#breadcrumb"},"inLanguage":"en-GB","potentialAction":[{"@type":"ReadAction","target":["https:\/\/odysseus-numismatique.com\/article\/royaume-greco-bactrien-eukratides-ier-bronze\/"]}]},{"@type":"ImageObject","inLanguage":"en-GB","@id":"https:\/\/odysseus-numismatique.com\/article\/royaume-greco-bactrien-eukratides-ier-bronze\/#primaryimage","url":"https:\/\/odysseus-numismatique.com\/wp-content\/uploads\/2022\/01\/royaume-greco-bactrien-eukratides-ier-bronze.jpg","contentUrl":"https:\/\/odysseus-numismatique.com\/wp-content\/uploads\/2022\/01\/royaume-greco-bactrien-eukratides-ier-bronze.jpg","width":1500,"height":750,"caption":"Odysseus Numismatique Monnaies Grecques ROYAUME GR\u00c9CO-BACTRIEN - EUKRATIDES Ier \u2022 Bronze"},{"@type":"BreadcrumbList","@id":"https:\/\/odysseus-numismatique.com\/article\/royaume-greco-bactrien-eukratides-ier-bronze\/#breadcrumb","itemListElement":[{"@type":"ListItem","position":1,"name":"Accueil","item":"https:\/\/odysseus-numismatique.com\/"},{"@type":"ListItem","position":2,"name":"Boutique","item":"https:\/\/odysseus-numismatique.com\/en\/boutique\/"},{"@type":"ListItem","position":3,"name":"ROYAUME GR\u00c9CO-BACTRIEN &#8211; EUKRATIDES Ier Bronze"}]},{"@type":"WebSite","@id":"https:\/\/odysseus-numismatique.com\/#website","url":"https:\/\/odysseus-numismatique.com\/","name":"Odysseus","description":"Numismatics","publisher":{"@id":"https:\/\/odysseus-numismatique.com\/#organization"},"potentialAction":[{"@type":"SearchAction","target":{"@type":"EntryPoint","urlTemplate":"https:\/\/odysseus-numismatique.com\/?s={search_term_string}"},"query-input":{"@type":"PropertyValueSpecification","valueRequired":true,"valueName":"search_term_string"}}],"inLanguage":"en-GB"},{"@type":"Organization","@id":"https:\/\/odysseus-numismatique.com\/#organization","name":"Odysseus","url":"https:\/\/odysseus-numismatique.com\/","logo":{"@type":"ImageObject","inLanguage":"en-GB","@id":"https:\/\/odysseus-numismatique.com\/#\/schema\/logo\/image\/","url":"https:\/\/odysseus-numismatique.com\/wp-content\/uploads\/2019\/04\/odysseus-numismatique.png","contentUrl":"https:\/\/odysseus-numismatique.com\/wp-content\/uploads\/2019\/04\/odysseus-numismatique.png","width":500,"height":500,"caption":"Odysseus"},"image":{"@id":"https:\/\/odysseus-numismatique.com\/#\/schema\/logo\/image\/"}}]}},"_links":{"self":[{"href":"https:\/\/odysseus-numismatique.com\/en\/wp-json\/wp\/v2\/product\/13215","targetHints":{"allow":["GET"]}}],"collection":[{"href":"https:\/\/odysseus-numismatique.com\/en\/wp-json\/wp\/v2\/product"}],"about":[{"href":"https:\/\/odysseus-numismatique.com\/en\/wp-json\/wp\/v2\/types\/product"}],"wp:featuredmedia":[{"embeddable":true,"href":"https:\/\/odysseus-numismatique.com\/en\/wp-json\/wp\/v2\/media\/13216"}],"wp:attachment":[{"href":"https:\/\/odysseus-numismatique.com\/en\/wp-json\/wp\/v2\/media?parent=13215"}],"wp:term":[{"taxonomy":"product_brand","embeddable":true,"href":"https:\/\/odysseus-numismatique.com\/en\/wp-json\/wp\/v2\/product_brand?post=13215"},{"taxonomy":"product_cat","embeddable":true,"href":"https:\/\/odysseus-numismatique.com\/en\/wp-json\/wp\/v2\/product_cat?post=13215"},{"taxonomy":"product_tag","embeddable":true,"href":"https:\/\/odysseus-numismatique.com\/en\/wp-json\/wp\/v2\/product_tag?post=13215"}],"curies":[{"name":"wp","href":"https:\/\/api.w.org\/{rel}","templated":true}]}}