{"id":12738,"date":"2022-01-07T17:36:47","date_gmt":"2022-01-07T16:36:47","guid":{"rendered":"https:\/\/odysseus-numismatique.com\/?post_type=product&#038;p=12738"},"modified":"2025-03-18T00:02:53","modified_gmt":"2025-03-17T23:02:53","slug":"royaume-parthe-vologases-iv-drachme","status":"publish","type":"product","link":"https:\/\/odysseus-numismatique.com\/en\/article\/royaume-parthe-vologases-iv-drachme\/","title":{"rendered":"PARTHIAN KINGDOM \u2013 VOLOGASES IV <br \/> Drachm"},"content":{"rendered":"<style>\n.tableproduct {border-collapse:none}\n.tableproduct td {border:none!important; padding:10px}\n.tableproduct .odd td {background-color:#424242}\n.tableproduct .even td {background-color:#3a3a3a}\n.tableproduct .column-1 {text-transform:uppercase; font-weight:bold; font-size:0.75em; width:20%}\n.tableproduct .column-2 {font-size:1em}\n<\/style>\n<table class=\"tableproduct\">\n<tr class=\"row-1 odd\">\n<td class=\"column-1\">Obverse<\/td>\n<td class=\"column-2\">Buste diad\u00e9m\u00e9 \u00e0 gauche, coiff\u00e9 de la tiare<\/td>\n<\/tr>\n<tr class=\"row-2 even\">\n<td class=\"column-1\">Reverse<\/td>\n<td class=\"column-2\">L\u00e9gende d\u00e9g\u00e9n\u00e9r\u00e9e<br \/>\nArcher (Arsakes I) assis \u00e0 droite sur un tr\u00f4ne, tenant un arc, monogramme \u00e0 ses pieds<\/td>\n<\/tr>\n<tr class=\"row-3 odd\">\n<td class=\"column-1\">Denomination<\/td>\n<td class=\"column-2\">Drachm<\/td>\n<\/tr>\n<tr class=\"row-4 even\">\n<td class=\"column-1\">Date<\/td>\n<td class=\"column-2\">AD 147-191<\/td>\n<\/tr>\n<tr class=\"row-5 odd\">\n<td class=\"column-1\">Mint<\/td>\n<td class=\"column-2\">Ecbatana<\/td>\n<\/tr>\n<tr class=\"row-6 even\">\n<td class=\"column-1\">Metal<\/td>\n<td class=\"column-2\">Silver<\/td>\n<\/tr>\n<tr class=\"row-7 odd\">\n<td class=\"column-1\">Weight<\/td>\n<td class=\"column-2\">3.49 g<\/td>\n<\/tr>\n<tr class=\"row-8 even\">\n<td class=\"column-1\">Diameter<\/td>\n<td class=\"column-2\">20.1 mm<\/td>\n<\/tr>\n<tr class=\"row-9 odd\">\n<td class=\"column-1\">Reference<\/td>\n<td class=\"column-2\">Sellwood 84.130 &#8211; cf. Shore 433-4<\/td>\n<\/tr>\n<tr class=\"row-10 even\">\n<td class=\"column-1\">Condition<\/td>\n<td class=\"column-2\">VF<\/td>\n<\/tr>\n<\/table>","protected":false},"excerpt":{"rendered":"<p>Avers Buste diad\u00e9m\u00e9 \u00e0 gauche, coiff\u00e9 de la tiare Revers L\u00e9gende d\u00e9g\u00e9n\u00e9r\u00e9e Archer (Arsakes I) assis \u00e0 droite sur un tr\u00f4ne, tenant un arc, monogramme \u00e0 ses pieds Module Drachme Date 147-191 ap. J.-C. Atelier Ecbatana M\u00e9tal Argent Poids 3.49 g Diam\u00e8tre 20.1 mm R\u00e9f\u00e9rence Sellwood 84.130 &#8211; cf. Shore 433-4 \u00c9tat TTB<\/p>","protected":false},"featured_media":12739,"template":"","meta":[],"product_brand":[],"product_cat":[15],"product_tag":[149,394],"class_list":{"0":"post-12738","1":"product","2":"type-product","3":"status-publish","4":"has-post-thumbnail","6":"product_cat-vendus","7":"product_tag-monnaies-grecques","8":"product_tag-numismatique","9":"pa_metal-argent","10":"pa_module-drachme","12":"first","13":"outofstock","14":"sold-individually","15":"shipping-taxable","16":"purchasable","17":"product-type-simple"},"yoast_head":"<!-- This site is optimized with the Yoast SEO plugin v27.2 - https:\/\/yoast.com\/product\/yoast-seo-wordpress\/ -->\n<title>ROYAUME PARTHE - VOLOGASES IV \u2022 Drachme &#8226; Odysseus<\/title>\n<meta name=\"robots\" content=\"index, follow, max-snippet:-1, max-image-preview:large, max-video-preview:-1\" \/>\n<link rel=\"canonical\" href=\"https:\/\/odysseus-numismatique.com\/en\/article\/royaume-parthe-vologases-iv-drachme\/\" \/>\n<meta property=\"og:locale\" content=\"en_GB\" \/>\n<meta property=\"og:type\" content=\"article\" \/>\n<meta property=\"og:title\" content=\"ROYAUME PARTHE - VOLOGASES IV \u2022 Drachme &#8226; Odysseus\" \/>\n<meta property=\"og:description\" content=\"Avers Buste diad\u00e9m\u00e9 \u00e0 gauche, coiff\u00e9 de la tiare Revers L\u00e9gende d\u00e9g\u00e9n\u00e9r\u00e9e Archer (Arsakes I) assis \u00e0 droite sur un tr\u00f4ne, tenant un arc, monogramme \u00e0 ses pieds Module Drachme Date 147-191 ap. J.-C. Atelier Ecbatana M\u00e9tal Argent Poids 3.49 g Diam\u00e8tre 20.1 mm R\u00e9f\u00e9rence Sellwood 84.130 &#8211; cf. Shore 433-4 \u00c9tat TTB\" \/>\n<meta property=\"og:url\" content=\"https:\/\/odysseus-numismatique.com\/en\/article\/royaume-parthe-vologases-iv-drachme\/\" \/>\n<meta property=\"og:site_name\" content=\"Odysseus\" \/>\n<meta property=\"article:modified_time\" content=\"2025-03-17T23:02:53+00:00\" \/>\n<meta property=\"og:image\" content=\"https:\/\/odysseus-numismatique.com\/wp-content\/uploads\/2021\/12\/royaume-parthe-vologases-iv-drachme.jpg\" \/>\n\t<meta property=\"og:image:width\" content=\"1500\" \/>\n\t<meta property=\"og:image:height\" content=\"750\" \/>\n\t<meta property=\"og:image:type\" content=\"image\/jpeg\" \/>\n<meta name=\"twitter:card\" content=\"summary_large_image\" \/>\n<script type=\"application\/ld+json\" class=\"yoast-schema-graph\">{\"@context\":\"https:\/\/schema.org\",\"@graph\":[{\"@type\":\"WebPage\",\"@id\":\"https:\/\/odysseus-numismatique.com\/article\/royaume-parthe-vologases-iv-drachme\/\",\"url\":\"https:\/\/odysseus-numismatique.com\/article\/royaume-parthe-vologases-iv-drachme\/\",\"name\":\"ROYAUME PARTHE - VOLOGASES IV \u2022 Drachme &#8226; Odysseus\",\"isPartOf\":{\"@id\":\"https:\/\/odysseus-numismatique.com\/#website\"},\"primaryImageOfPage\":{\"@id\":\"https:\/\/odysseus-numismatique.com\/article\/royaume-parthe-vologases-iv-drachme\/#primaryimage\"},\"image\":{\"@id\":\"https:\/\/odysseus-numismatique.com\/article\/royaume-parthe-vologases-iv-drachme\/#primaryimage\"},\"thumbnailUrl\":\"https:\/\/odysseus-numismatique.com\/wp-content\/uploads\/2021\/12\/royaume-parthe-vologases-iv-drachme.jpg\",\"datePublished\":\"2022-01-07T16:36:47+00:00\",\"dateModified\":\"2025-03-17T23:02:53+00:00\",\"breadcrumb\":{\"@id\":\"https:\/\/odysseus-numismatique.com\/article\/royaume-parthe-vologases-iv-drachme\/#breadcrumb\"},\"inLanguage\":\"en-GB\",\"potentialAction\":[{\"@type\":\"ReadAction\",\"target\":[\"https:\/\/odysseus-numismatique.com\/article\/royaume-parthe-vologases-iv-drachme\/\"]}]},{\"@type\":\"ImageObject\",\"inLanguage\":\"en-GB\",\"@id\":\"https:\/\/odysseus-numismatique.com\/article\/royaume-parthe-vologases-iv-drachme\/#primaryimage\",\"url\":\"https:\/\/odysseus-numismatique.com\/wp-content\/uploads\/2021\/12\/royaume-parthe-vologases-iv-drachme.jpg\",\"contentUrl\":\"https:\/\/odysseus-numismatique.com\/wp-content\/uploads\/2021\/12\/royaume-parthe-vologases-iv-drachme.jpg\",\"width\":1500,\"height\":750,\"caption\":\"Odysseus Numismatique Monnaies Grecques ROYAUME PARTHE - VOLOGASES IV \u2022 Drachme\"},{\"@type\":\"BreadcrumbList\",\"@id\":\"https:\/\/odysseus-numismatique.com\/article\/royaume-parthe-vologases-iv-drachme\/#breadcrumb\",\"itemListElement\":[{\"@type\":\"ListItem\",\"position\":1,\"name\":\"Accueil\",\"item\":\"https:\/\/odysseus-numismatique.com\/\"},{\"@type\":\"ListItem\",\"position\":2,\"name\":\"Boutique\",\"item\":\"https:\/\/odysseus-numismatique.com\/en\/boutique\/\"},{\"@type\":\"ListItem\",\"position\":3,\"name\":\"ROYAUME PARTHE &#8211; VOLOGASES IV Drachme\"}]},{\"@type\":\"WebSite\",\"@id\":\"https:\/\/odysseus-numismatique.com\/#website\",\"url\":\"https:\/\/odysseus-numismatique.com\/\",\"name\":\"Odysseus\",\"description\":\"Numismatique\",\"publisher\":{\"@id\":\"https:\/\/odysseus-numismatique.com\/#organization\"},\"potentialAction\":[{\"@type\":\"SearchAction\",\"target\":{\"@type\":\"EntryPoint\",\"urlTemplate\":\"https:\/\/odysseus-numismatique.com\/?s={search_term_string}\"},\"query-input\":{\"@type\":\"PropertyValueSpecification\",\"valueRequired\":true,\"valueName\":\"search_term_string\"}}],\"inLanguage\":\"en-GB\"},{\"@type\":\"Organization\",\"@id\":\"https:\/\/odysseus-numismatique.com\/#organization\",\"name\":\"Odysseus\",\"url\":\"https:\/\/odysseus-numismatique.com\/\",\"logo\":{\"@type\":\"ImageObject\",\"inLanguage\":\"en-GB\",\"@id\":\"https:\/\/odysseus-numismatique.com\/#\/schema\/logo\/image\/\",\"url\":\"https:\/\/odysseus-numismatique.com\/wp-content\/uploads\/2019\/04\/odysseus-numismatique.png\",\"contentUrl\":\"https:\/\/odysseus-numismatique.com\/wp-content\/uploads\/2019\/04\/odysseus-numismatique.png\",\"width\":500,\"height\":500,\"caption\":\"Odysseus\"},\"image\":{\"@id\":\"https:\/\/odysseus-numismatique.com\/#\/schema\/logo\/image\/\"}}]}<\/script>\n<!-- \/ Yoast SEO plugin. -->","yoast_head_json":{"title":"ROYAUME PARTHE - VOLOGASES IV \u2022 Drachme &#8226; Odysseus","robots":{"index":"index","follow":"follow","max-snippet":"max-snippet:-1","max-image-preview":"max-image-preview:large","max-video-preview":"max-video-preview:-1"},"canonical":"https:\/\/odysseus-numismatique.com\/en\/article\/royaume-parthe-vologases-iv-drachme\/","og_locale":"en_GB","og_type":"article","og_title":"ROYAUME PARTHE - VOLOGASES IV \u2022 Drachme &#8226; Odysseus","og_description":"Avers Buste diad\u00e9m\u00e9 \u00e0 gauche, coiff\u00e9 de la tiare Revers L\u00e9gende d\u00e9g\u00e9n\u00e9r\u00e9e Archer (Arsakes I) assis \u00e0 droite sur un tr\u00f4ne, tenant un arc, monogramme \u00e0 ses pieds Module Drachme Date 147-191 ap. J.-C. Atelier Ecbatana M\u00e9tal Argent Poids 3.49 g Diam\u00e8tre 20.1 mm R\u00e9f\u00e9rence Sellwood 84.130 &#8211; cf. Shore 433-4 \u00c9tat TTB","og_url":"https:\/\/odysseus-numismatique.com\/en\/article\/royaume-parthe-vologases-iv-drachme\/","og_site_name":"Odysseus","article_modified_time":"2025-03-17T23:02:53+00:00","og_image":[{"width":1500,"height":750,"url":"https:\/\/odysseus-numismatique.com\/wp-content\/uploads\/2021\/12\/royaume-parthe-vologases-iv-drachme.jpg","type":"image\/jpeg"}],"twitter_card":"summary_large_image","schema":{"@context":"https:\/\/schema.org","@graph":[{"@type":"WebPage","@id":"https:\/\/odysseus-numismatique.com\/article\/royaume-parthe-vologases-iv-drachme\/","url":"https:\/\/odysseus-numismatique.com\/article\/royaume-parthe-vologases-iv-drachme\/","name":"ROYAUME PARTHE - VOLOGASES IV \u2022 Drachme &#8226; Odysseus","isPartOf":{"@id":"https:\/\/odysseus-numismatique.com\/#website"},"primaryImageOfPage":{"@id":"https:\/\/odysseus-numismatique.com\/article\/royaume-parthe-vologases-iv-drachme\/#primaryimage"},"image":{"@id":"https:\/\/odysseus-numismatique.com\/article\/royaume-parthe-vologases-iv-drachme\/#primaryimage"},"thumbnailUrl":"https:\/\/odysseus-numismatique.com\/wp-content\/uploads\/2021\/12\/royaume-parthe-vologases-iv-drachme.jpg","datePublished":"2022-01-07T16:36:47+00:00","dateModified":"2025-03-17T23:02:53+00:00","breadcrumb":{"@id":"https:\/\/odysseus-numismatique.com\/article\/royaume-parthe-vologases-iv-drachme\/#breadcrumb"},"inLanguage":"en-GB","potentialAction":[{"@type":"ReadAction","target":["https:\/\/odysseus-numismatique.com\/article\/royaume-parthe-vologases-iv-drachme\/"]}]},{"@type":"ImageObject","inLanguage":"en-GB","@id":"https:\/\/odysseus-numismatique.com\/article\/royaume-parthe-vologases-iv-drachme\/#primaryimage","url":"https:\/\/odysseus-numismatique.com\/wp-content\/uploads\/2021\/12\/royaume-parthe-vologases-iv-drachme.jpg","contentUrl":"https:\/\/odysseus-numismatique.com\/wp-content\/uploads\/2021\/12\/royaume-parthe-vologases-iv-drachme.jpg","width":1500,"height":750,"caption":"Odysseus Numismatique Monnaies Grecques ROYAUME PARTHE - VOLOGASES IV \u2022 Drachme"},{"@type":"BreadcrumbList","@id":"https:\/\/odysseus-numismatique.com\/article\/royaume-parthe-vologases-iv-drachme\/#breadcrumb","itemListElement":[{"@type":"ListItem","position":1,"name":"Accueil","item":"https:\/\/odysseus-numismatique.com\/"},{"@type":"ListItem","position":2,"name":"Boutique","item":"https:\/\/odysseus-numismatique.com\/en\/boutique\/"},{"@type":"ListItem","position":3,"name":"ROYAUME PARTHE &#8211; VOLOGASES IV Drachme"}]},{"@type":"WebSite","@id":"https:\/\/odysseus-numismatique.com\/#website","url":"https:\/\/odysseus-numismatique.com\/","name":"Odysseus","description":"Numismatics","publisher":{"@id":"https:\/\/odysseus-numismatique.com\/#organization"},"potentialAction":[{"@type":"SearchAction","target":{"@type":"EntryPoint","urlTemplate":"https:\/\/odysseus-numismatique.com\/?s={search_term_string}"},"query-input":{"@type":"PropertyValueSpecification","valueRequired":true,"valueName":"search_term_string"}}],"inLanguage":"en-GB"},{"@type":"Organization","@id":"https:\/\/odysseus-numismatique.com\/#organization","name":"Odysseus","url":"https:\/\/odysseus-numismatique.com\/","logo":{"@type":"ImageObject","inLanguage":"en-GB","@id":"https:\/\/odysseus-numismatique.com\/#\/schema\/logo\/image\/","url":"https:\/\/odysseus-numismatique.com\/wp-content\/uploads\/2019\/04\/odysseus-numismatique.png","contentUrl":"https:\/\/odysseus-numismatique.com\/wp-content\/uploads\/2019\/04\/odysseus-numismatique.png","width":500,"height":500,"caption":"Odysseus"},"image":{"@id":"https:\/\/odysseus-numismatique.com\/#\/schema\/logo\/image\/"}}]}},"_links":{"self":[{"href":"https:\/\/odysseus-numismatique.com\/en\/wp-json\/wp\/v2\/product\/12738","targetHints":{"allow":["GET"]}}],"collection":[{"href":"https:\/\/odysseus-numismatique.com\/en\/wp-json\/wp\/v2\/product"}],"about":[{"href":"https:\/\/odysseus-numismatique.com\/en\/wp-json\/wp\/v2\/types\/product"}],"wp:featuredmedia":[{"embeddable":true,"href":"https:\/\/odysseus-numismatique.com\/en\/wp-json\/wp\/v2\/media\/12739"}],"wp:attachment":[{"href":"https:\/\/odysseus-numismatique.com\/en\/wp-json\/wp\/v2\/media?parent=12738"}],"wp:term":[{"taxonomy":"product_brand","embeddable":true,"href":"https:\/\/odysseus-numismatique.com\/en\/wp-json\/wp\/v2\/product_brand?post=12738"},{"taxonomy":"product_cat","embeddable":true,"href":"https:\/\/odysseus-numismatique.com\/en\/wp-json\/wp\/v2\/product_cat?post=12738"},{"taxonomy":"product_tag","embeddable":true,"href":"https:\/\/odysseus-numismatique.com\/en\/wp-json\/wp\/v2\/product_tag?post=12738"}],"curies":[{"name":"wp","href":"https:\/\/api.w.org\/{rel}","templated":true}]}}