{"id":12117,"date":"2021-11-08T16:39:09","date_gmt":"2021-11-08T14:39:09","guid":{"rendered":"https:\/\/odysseus-numismatique.com\/?post_type=product&#038;p=12117"},"modified":"2025-03-17T23:48:00","modified_gmt":"2025-03-17T22:48:00","slug":"gryllos-agate-rubanee-intaille-romaine","status":"publish","type":"product","link":"https:\/\/odysseus-numismatique.com\/en\/article\/gryllos-agate-rubanee-intaille-romaine\/","title":{"rendered":"GRYLLOS \u2013 BANDED AGATE <br \/> Roman Intaglio"},"content":{"rendered":"<style>\n.tableproduct {border-collapse:none}\n.tableproduct td {border:none!important; padding:10px}\n.tableproduct .odd td {background-color:#424242}\n.tableproduct .even td {background-color:#3a3a3a}\n.tableproduct .column-1 {text-transform:uppercase; font-weight:bold; font-size:0.75em; width:20%}\n.tableproduct .column-2 {font-size:1em}\n<\/style>\n<table class=\"tableproduct\">\n<tr class=\"row-1 odd\">\n<td class=\"column-1\">Subject<\/td>\n<td class=\"column-2\">Gryllos, paon \u00e0 droite, le corps form\u00e9 par une t\u00eate de b\u00e9lier \u00e0 gauche, le cou par un dauphin vers le bas, la queue se finissant par deux \u00e9pis de bl\u00e9, sur son dos un serpent dress\u00e9 \u00e0 gauche (Uraeus)<\/td>\n<\/tr>\n<tr class=\"row-2 even\">\n<td class=\"column-1\">Period<\/td>\n<td class=\"column-2\">1st century AD<\/td>\n<\/tr>\n<tr class=\"row-3 odd\">\n<td class=\"column-1\">Gemstone<\/td>\n<td class=\"column-2\">Banded Agate<\/td>\n<\/tr>\n<tr class=\"row-4 even\">\n<td class=\"column-1\">Dimensions<\/td>\n<td class=\"column-2\">11.4 x 17.2 mm<br \/>\nThickness : 2 mm<\/td>\n<\/tr>\n<\/table>","protected":false},"excerpt":{"rendered":"<p>Sujet Gryllos, paon \u00e0 droite, le corps form\u00e9 par une t\u00eate de b\u00e9lier \u00e0 gauche, le cou par un dauphin vers le bas, la queue se finissant par deux \u00e9pis de bl\u00e9, sur son dos un serpent dress\u00e9 \u00e0 gauche (Uraeus) P\u00e9riode Ier si\u00e8cle ap. J.-C. Pierre Agate Ruban\u00e9e Dimensions 11.4 x 17.2 mm \u00c9paisseur [&hellip;]<\/p>\n","protected":false},"featured_media":12392,"template":"","meta":[],"product_brand":[],"product_cat":[296],"product_tag":[392,181],"class_list":{"0":"post-12117","1":"product","2":"type-product","3":"status-publish","4":"has-post-thumbnail","6":"product_cat-archives-glyptique","7":"product_tag-glyptique","8":"product_tag-intailles-camees","9":"pa_pierre-agate-rubanee","11":"first","12":"outofstock","13":"sold-individually","14":"shipping-taxable","15":"purchasable","16":"product-type-simple"},"yoast_head":"<!-- This site is optimized with the Yoast SEO plugin v27.5 - https:\/\/yoast.com\/product\/yoast-seo-wordpress\/ -->\n<title>GRYLLOS - AGATE RUBAN\u00c9E \u2022 Intaille Romaine &#8226; Odysseus<\/title>\n<meta name=\"robots\" content=\"index, follow, max-snippet:-1, max-image-preview:large, max-video-preview:-1\" \/>\n<link rel=\"canonical\" href=\"https:\/\/odysseus-numismatique.com\/en\/article\/gryllos-agate-rubanee-intaille-romaine\/\" \/>\n<meta property=\"og:locale\" content=\"en_GB\" \/>\n<meta property=\"og:type\" content=\"article\" \/>\n<meta property=\"og:title\" content=\"GRYLLOS - AGATE RUBAN\u00c9E \u2022 Intaille Romaine &#8226; Odysseus\" \/>\n<meta property=\"og:description\" content=\"Sujet Gryllos, paon \u00e0 droite, le corps form\u00e9 par une t\u00eate de b\u00e9lier \u00e0 gauche, le cou par un dauphin vers le bas, la queue se finissant par deux \u00e9pis de bl\u00e9, sur son dos un serpent dress\u00e9 \u00e0 gauche (Uraeus) P\u00e9riode Ier si\u00e8cle ap. J.-C. Pierre Agate Ruban\u00e9e Dimensions 11.4 x 17.2 mm \u00c9paisseur [&hellip;]\" \/>\n<meta property=\"og:url\" content=\"https:\/\/odysseus-numismatique.com\/en\/article\/gryllos-agate-rubanee-intaille-romaine\/\" \/>\n<meta property=\"og:site_name\" content=\"Odysseus\" \/>\n<meta property=\"article:modified_time\" content=\"2025-03-17T22:48:00+00:00\" \/>\n<meta property=\"og:image\" content=\"https:\/\/odysseus-numismatique.com\/wp-content\/uploads\/2021\/11\/gryllos-agate-rubanee-intaille-romaine.jpg\" \/>\n\t<meta property=\"og:image:width\" content=\"1500\" \/>\n\t<meta property=\"og:image:height\" content=\"750\" \/>\n\t<meta property=\"og:image:type\" content=\"image\/jpeg\" \/>\n<meta name=\"twitter:card\" content=\"summary_large_image\" \/>\n<script type=\"application\/ld+json\" class=\"yoast-schema-graph\">{\"@context\":\"https:\\\/\\\/schema.org\",\"@graph\":[{\"@type\":\"WebPage\",\"@id\":\"https:\\\/\\\/odysseus-numismatique.com\\\/article\\\/gryllos-agate-rubanee-intaille-romaine\\\/\",\"url\":\"https:\\\/\\\/odysseus-numismatique.com\\\/article\\\/gryllos-agate-rubanee-intaille-romaine\\\/\",\"name\":\"GRYLLOS - AGATE RUBAN\u00c9E \u2022 Intaille Romaine &#8226; Odysseus\",\"isPartOf\":{\"@id\":\"https:\\\/\\\/odysseus-numismatique.com\\\/#website\"},\"primaryImageOfPage\":{\"@id\":\"https:\\\/\\\/odysseus-numismatique.com\\\/article\\\/gryllos-agate-rubanee-intaille-romaine\\\/#primaryimage\"},\"image\":{\"@id\":\"https:\\\/\\\/odysseus-numismatique.com\\\/article\\\/gryllos-agate-rubanee-intaille-romaine\\\/#primaryimage\"},\"thumbnailUrl\":\"https:\\\/\\\/odysseus-numismatique.com\\\/wp-content\\\/uploads\\\/2021\\\/11\\\/gryllos-agate-rubanee-intaille-romaine.jpg\",\"datePublished\":\"2021-11-08T14:39:09+00:00\",\"dateModified\":\"2025-03-17T22:48:00+00:00\",\"breadcrumb\":{\"@id\":\"https:\\\/\\\/odysseus-numismatique.com\\\/article\\\/gryllos-agate-rubanee-intaille-romaine\\\/#breadcrumb\"},\"inLanguage\":\"en-GB\",\"potentialAction\":[{\"@type\":\"ReadAction\",\"target\":[\"https:\\\/\\\/odysseus-numismatique.com\\\/article\\\/gryllos-agate-rubanee-intaille-romaine\\\/\"]}]},{\"@type\":\"ImageObject\",\"inLanguage\":\"en-GB\",\"@id\":\"https:\\\/\\\/odysseus-numismatique.com\\\/article\\\/gryllos-agate-rubanee-intaille-romaine\\\/#primaryimage\",\"url\":\"https:\\\/\\\/odysseus-numismatique.com\\\/wp-content\\\/uploads\\\/2021\\\/11\\\/gryllos-agate-rubanee-intaille-romaine.jpg\",\"contentUrl\":\"https:\\\/\\\/odysseus-numismatique.com\\\/wp-content\\\/uploads\\\/2021\\\/11\\\/gryllos-agate-rubanee-intaille-romaine.jpg\",\"width\":1500,\"height\":750,\"caption\":\"Odysseus Numismatique Glyptique Pierres Grav\u00e9es GRYLLOS - AGATE RUBAN\u00c9E \u2022 Intaille Romaine\"},{\"@type\":\"BreadcrumbList\",\"@id\":\"https:\\\/\\\/odysseus-numismatique.com\\\/article\\\/gryllos-agate-rubanee-intaille-romaine\\\/#breadcrumb\",\"itemListElement\":[{\"@type\":\"ListItem\",\"position\":1,\"name\":\"Accueil\",\"item\":\"https:\\\/\\\/odysseus-numismatique.com\\\/\"},{\"@type\":\"ListItem\",\"position\":2,\"name\":\"Boutique\",\"item\":\"https:\\\/\\\/odysseus-numismatique.com\\\/en\\\/boutique\\\/\"},{\"@type\":\"ListItem\",\"position\":3,\"name\":\"GRYLLOS &#8211; AGATE RUBAN\u00c9E Intaille Romaine\"}]},{\"@type\":\"WebSite\",\"@id\":\"https:\\\/\\\/odysseus-numismatique.com\\\/#website\",\"url\":\"https:\\\/\\\/odysseus-numismatique.com\\\/\",\"name\":\"Odysseus\",\"description\":\"Numismatique\",\"publisher\":{\"@id\":\"https:\\\/\\\/odysseus-numismatique.com\\\/#organization\"},\"potentialAction\":[{\"@type\":\"SearchAction\",\"target\":{\"@type\":\"EntryPoint\",\"urlTemplate\":\"https:\\\/\\\/odysseus-numismatique.com\\\/?s={search_term_string}\"},\"query-input\":{\"@type\":\"PropertyValueSpecification\",\"valueRequired\":true,\"valueName\":\"search_term_string\"}}],\"inLanguage\":\"en-GB\"},{\"@type\":\"Organization\",\"@id\":\"https:\\\/\\\/odysseus-numismatique.com\\\/#organization\",\"name\":\"Odysseus\",\"url\":\"https:\\\/\\\/odysseus-numismatique.com\\\/\",\"logo\":{\"@type\":\"ImageObject\",\"inLanguage\":\"en-GB\",\"@id\":\"https:\\\/\\\/odysseus-numismatique.com\\\/#\\\/schema\\\/logo\\\/image\\\/\",\"url\":\"https:\\\/\\\/odysseus-numismatique.com\\\/wp-content\\\/uploads\\\/2019\\\/04\\\/odysseus-numismatique.png\",\"contentUrl\":\"https:\\\/\\\/odysseus-numismatique.com\\\/wp-content\\\/uploads\\\/2019\\\/04\\\/odysseus-numismatique.png\",\"width\":500,\"height\":500,\"caption\":\"Odysseus\"},\"image\":{\"@id\":\"https:\\\/\\\/odysseus-numismatique.com\\\/#\\\/schema\\\/logo\\\/image\\\/\"}}]}<\/script>\n<!-- \/ Yoast SEO plugin. -->","yoast_head_json":{"title":"GRYLLOS - AGATE RUBAN\u00c9E \u2022 Intaille Romaine &#8226; Odysseus","robots":{"index":"index","follow":"follow","max-snippet":"max-snippet:-1","max-image-preview":"max-image-preview:large","max-video-preview":"max-video-preview:-1"},"canonical":"https:\/\/odysseus-numismatique.com\/en\/article\/gryllos-agate-rubanee-intaille-romaine\/","og_locale":"en_GB","og_type":"article","og_title":"GRYLLOS - AGATE RUBAN\u00c9E \u2022 Intaille Romaine &#8226; Odysseus","og_description":"Sujet Gryllos, paon \u00e0 droite, le corps form\u00e9 par une t\u00eate de b\u00e9lier \u00e0 gauche, le cou par un dauphin vers le bas, la queue se finissant par deux \u00e9pis de bl\u00e9, sur son dos un serpent dress\u00e9 \u00e0 gauche (Uraeus) P\u00e9riode Ier si\u00e8cle ap. J.-C. Pierre Agate Ruban\u00e9e Dimensions 11.4 x 17.2 mm \u00c9paisseur [&hellip;]","og_url":"https:\/\/odysseus-numismatique.com\/en\/article\/gryllos-agate-rubanee-intaille-romaine\/","og_site_name":"Odysseus","article_modified_time":"2025-03-17T22:48:00+00:00","og_image":[{"width":1500,"height":750,"url":"https:\/\/odysseus-numismatique.com\/wp-content\/uploads\/2021\/11\/gryllos-agate-rubanee-intaille-romaine.jpg","type":"image\/jpeg"}],"twitter_card":"summary_large_image","schema":{"@context":"https:\/\/schema.org","@graph":[{"@type":"WebPage","@id":"https:\/\/odysseus-numismatique.com\/article\/gryllos-agate-rubanee-intaille-romaine\/","url":"https:\/\/odysseus-numismatique.com\/article\/gryllos-agate-rubanee-intaille-romaine\/","name":"GRYLLOS - AGATE RUBAN\u00c9E \u2022 Intaille Romaine &#8226; Odysseus","isPartOf":{"@id":"https:\/\/odysseus-numismatique.com\/#website"},"primaryImageOfPage":{"@id":"https:\/\/odysseus-numismatique.com\/article\/gryllos-agate-rubanee-intaille-romaine\/#primaryimage"},"image":{"@id":"https:\/\/odysseus-numismatique.com\/article\/gryllos-agate-rubanee-intaille-romaine\/#primaryimage"},"thumbnailUrl":"https:\/\/odysseus-numismatique.com\/wp-content\/uploads\/2021\/11\/gryllos-agate-rubanee-intaille-romaine.jpg","datePublished":"2021-11-08T14:39:09+00:00","dateModified":"2025-03-17T22:48:00+00:00","breadcrumb":{"@id":"https:\/\/odysseus-numismatique.com\/article\/gryllos-agate-rubanee-intaille-romaine\/#breadcrumb"},"inLanguage":"en-GB","potentialAction":[{"@type":"ReadAction","target":["https:\/\/odysseus-numismatique.com\/article\/gryllos-agate-rubanee-intaille-romaine\/"]}]},{"@type":"ImageObject","inLanguage":"en-GB","@id":"https:\/\/odysseus-numismatique.com\/article\/gryllos-agate-rubanee-intaille-romaine\/#primaryimage","url":"https:\/\/odysseus-numismatique.com\/wp-content\/uploads\/2021\/11\/gryllos-agate-rubanee-intaille-romaine.jpg","contentUrl":"https:\/\/odysseus-numismatique.com\/wp-content\/uploads\/2021\/11\/gryllos-agate-rubanee-intaille-romaine.jpg","width":1500,"height":750,"caption":"Odysseus Numismatique Glyptique Pierres Grav\u00e9es GRYLLOS - AGATE RUBAN\u00c9E \u2022 Intaille Romaine"},{"@type":"BreadcrumbList","@id":"https:\/\/odysseus-numismatique.com\/article\/gryllos-agate-rubanee-intaille-romaine\/#breadcrumb","itemListElement":[{"@type":"ListItem","position":1,"name":"Accueil","item":"https:\/\/odysseus-numismatique.com\/"},{"@type":"ListItem","position":2,"name":"Boutique","item":"https:\/\/odysseus-numismatique.com\/en\/boutique\/"},{"@type":"ListItem","position":3,"name":"GRYLLOS &#8211; AGATE RUBAN\u00c9E Intaille Romaine"}]},{"@type":"WebSite","@id":"https:\/\/odysseus-numismatique.com\/#website","url":"https:\/\/odysseus-numismatique.com\/","name":"Odysseus","description":"Numismatics","publisher":{"@id":"https:\/\/odysseus-numismatique.com\/#organization"},"potentialAction":[{"@type":"SearchAction","target":{"@type":"EntryPoint","urlTemplate":"https:\/\/odysseus-numismatique.com\/?s={search_term_string}"},"query-input":{"@type":"PropertyValueSpecification","valueRequired":true,"valueName":"search_term_string"}}],"inLanguage":"en-GB"},{"@type":"Organization","@id":"https:\/\/odysseus-numismatique.com\/#organization","name":"Odysseus","url":"https:\/\/odysseus-numismatique.com\/","logo":{"@type":"ImageObject","inLanguage":"en-GB","@id":"https:\/\/odysseus-numismatique.com\/#\/schema\/logo\/image\/","url":"https:\/\/odysseus-numismatique.com\/wp-content\/uploads\/2019\/04\/odysseus-numismatique.png","contentUrl":"https:\/\/odysseus-numismatique.com\/wp-content\/uploads\/2019\/04\/odysseus-numismatique.png","width":500,"height":500,"caption":"Odysseus"},"image":{"@id":"https:\/\/odysseus-numismatique.com\/#\/schema\/logo\/image\/"}}]}},"_links":{"self":[{"href":"https:\/\/odysseus-numismatique.com\/en\/wp-json\/wp\/v2\/product\/12117","targetHints":{"allow":["GET"]}}],"collection":[{"href":"https:\/\/odysseus-numismatique.com\/en\/wp-json\/wp\/v2\/product"}],"about":[{"href":"https:\/\/odysseus-numismatique.com\/en\/wp-json\/wp\/v2\/types\/product"}],"wp:featuredmedia":[{"embeddable":true,"href":"https:\/\/odysseus-numismatique.com\/en\/wp-json\/wp\/v2\/media\/12392"}],"wp:attachment":[{"href":"https:\/\/odysseus-numismatique.com\/en\/wp-json\/wp\/v2\/media?parent=12117"}],"wp:term":[{"taxonomy":"product_brand","embeddable":true,"href":"https:\/\/odysseus-numismatique.com\/en\/wp-json\/wp\/v2\/product_brand?post=12117"},{"taxonomy":"product_cat","embeddable":true,"href":"https:\/\/odysseus-numismatique.com\/en\/wp-json\/wp\/v2\/product_cat?post=12117"},{"taxonomy":"product_tag","embeddable":true,"href":"https:\/\/odysseus-numismatique.com\/en\/wp-json\/wp\/v2\/product_tag?post=12117"}],"curies":[{"name":"wp","href":"https:\/\/api.w.org\/{rel}","templated":true}]}}