{"id":11656,"date":"2021-09-18T15:43:16","date_gmt":"2021-09-18T13:43:16","guid":{"rendered":"https:\/\/odysseus-numismatique.com\/?post_type=product&#038;p=11656"},"modified":"2025-03-18T01:01:05","modified_gmt":"2025-03-18T00:01:05","slug":"suisse-bale-adalbero-ii-pfennig","status":"publish","type":"product","link":"https:\/\/odysseus-numismatique.com\/en\/article\/suisse-bale-adalbero-ii-pfennig\/","title":{"rendered":"SCHWEIZ \u2013 BASEL \u2013 ADALBERO II <br \/> Pfennig"},"content":{"rendered":"<style>\n.tableproduct {border-collapse:none}\n.tableproduct td {border:none!important; padding:10px}\n.tableproduct .odd td {background-color:#424242}\n.tableproduct .even td {background-color:#3a3a3a}\n.tableproduct .column-1 {text-transform:uppercase; font-weight:bold; font-size:0.75em; width:20%}\n.tableproduct .column-2 {font-size:1em}\n<\/style>\n<table class=\"tableproduct\">\n<tr class=\"row-1 odd\">\n<td class=\"column-1\">Avers<\/td>\n<td class=\"column-2\">Autel inscrit BASLEA<\/td>\n<\/tr>\n<tr class=\"row-2 even\">\n<td class=\"column-1\">Revers<\/td>\n<td class=\"column-2\">+ ADELB[ERO EPS]<br \/>\nCroix dans un quadrilobe<\/td>\n<\/tr>\n<tr class=\"row-3 odd\">\n<td class=\"column-1\">Module<\/td>\n<td class=\"column-2\">Pfennig ou Denier<\/td>\n<\/tr>\n<tr class=\"row-4 even\">\n<td class=\"column-1\">Date<\/td>\n<td class=\"column-2\">999-1025 ap. J.-C.<\/td>\n<\/tr>\n<tr class=\"row-5 odd\">\n<td class=\"column-1\">Atelier<\/td>\n<td class=\"column-2\">B\u00e2le (Basel Bistum)<\/td>\n<\/tr>\n<tr class=\"row-6 even\">\n<td class=\"column-1\">M\u00e9tal<\/td>\n<td class=\"column-2\">Argent<\/td>\n<\/tr>\n<tr class=\"row-7 odd\">\n<td class=\"column-1\">Poids<\/td>\n<td class=\"column-2\">0.72 g<\/td>\n<\/tr>\n<tr class=\"row-8 even\">\n<td class=\"column-1\">Diam\u00e8tre<\/td>\n<td class=\"column-2\">23.8 mm<\/td>\n<\/tr>\n<tr class=\"row-9 odd\">\n<td class=\"column-1\">R\u00e9f\u00e9rence<\/td>\n<td class=\"column-2\">Wielandt 21 &#8211; HMZ 1-188 &#8211; Dannenberg 972<\/td>\n<\/tr>\n<tr class=\"row-10 even\">\n<td class=\"column-1\">\u00c9tat<\/td>\n<td class=\"column-2\">SUP<\/td>\n<\/tr>\n<\/table>\n","protected":false},"excerpt":{"rendered":"<p>Avers Autel inscrit BASLEA Revers + ADELB[ERO EPS] Croix dans un quadrilobe Module Pfennig ou Denier Date 999-1025 ap. J.-C. Atelier B\u00e2le (Basel Bistum) M\u00e9tal Argent Poids 0.72 g Diam\u00e8tre 23.8 mm R\u00e9f\u00e9rence Wielandt 21 &#8211; HMZ 1-188 &#8211; Dannenberg 972 \u00c9tat SUP<\/p>\n","protected":false},"featured_media":11659,"template":"","meta":[],"product_brand":[],"product_cat":[15],"product_tag":[238,394],"class_list":{"0":"post-11656","1":"product","2":"type-product","3":"status-publish","4":"has-post-thumbnail","6":"product_cat-vendus","7":"product_tag-monnaies-feodales","8":"product_tag-numismatique","9":"pa_metal-argent","10":"pa_module-denier","12":"first","13":"outofstock","14":"sold-individually","15":"shipping-taxable","16":"purchasable","17":"product-type-simple"},"yoast_head":"<!-- This site is optimized with the Yoast SEO plugin v27.2 - https:\/\/yoast.com\/product\/yoast-seo-wordpress\/ -->\n<title>SUISSE - B\u00c2LE - ADALBERO II \u2022 Pfennig &#8226; Odysseus<\/title>\n<meta name=\"robots\" content=\"index, follow, max-snippet:-1, max-image-preview:large, max-video-preview:-1\" \/>\n<link rel=\"canonical\" href=\"https:\/\/odysseus-numismatique.com\/en\/article\/suisse-bale-adalbero-ii-pfennig\/\" \/>\n<meta property=\"og:locale\" content=\"en_GB\" \/>\n<meta property=\"og:type\" content=\"article\" \/>\n<meta property=\"og:title\" content=\"SUISSE - B\u00c2LE - ADALBERO II \u2022 Pfennig &#8226; Odysseus\" \/>\n<meta property=\"og:description\" content=\"Avers Autel inscrit BASLEA Revers + ADELB[ERO EPS] Croix dans un quadrilobe Module Pfennig ou Denier Date 999-1025 ap. J.-C. Atelier B\u00e2le (Basel Bistum) M\u00e9tal Argent Poids 0.72 g Diam\u00e8tre 23.8 mm R\u00e9f\u00e9rence Wielandt 21 &#8211; HMZ 1-188 &#8211; Dannenberg 972 \u00c9tat SUP\" \/>\n<meta property=\"og:url\" content=\"https:\/\/odysseus-numismatique.com\/en\/article\/suisse-bale-adalbero-ii-pfennig\/\" \/>\n<meta property=\"og:site_name\" content=\"Odysseus\" \/>\n<meta property=\"article:modified_time\" content=\"2025-03-18T00:01:05+00:00\" \/>\n<meta property=\"og:image\" content=\"https:\/\/odysseus-numismatique.com\/wp-content\/uploads\/2021\/09\/suisse-bale-adalbero-ii-pfennig.jpg\" \/>\n\t<meta property=\"og:image:width\" content=\"1500\" \/>\n\t<meta property=\"og:image:height\" content=\"750\" \/>\n\t<meta property=\"og:image:type\" content=\"image\/jpeg\" \/>\n<meta name=\"twitter:card\" content=\"summary_large_image\" \/>\n<script type=\"application\/ld+json\" class=\"yoast-schema-graph\">{\"@context\":\"https:\/\/schema.org\",\"@graph\":[{\"@type\":\"WebPage\",\"@id\":\"https:\/\/odysseus-numismatique.com\/article\/suisse-bale-adalbero-ii-pfennig\/\",\"url\":\"https:\/\/odysseus-numismatique.com\/article\/suisse-bale-adalbero-ii-pfennig\/\",\"name\":\"SUISSE - B\u00c2LE - ADALBERO II \u2022 Pfennig &#8226; Odysseus\",\"isPartOf\":{\"@id\":\"https:\/\/odysseus-numismatique.com\/#website\"},\"primaryImageOfPage\":{\"@id\":\"https:\/\/odysseus-numismatique.com\/article\/suisse-bale-adalbero-ii-pfennig\/#primaryimage\"},\"image\":{\"@id\":\"https:\/\/odysseus-numismatique.com\/article\/suisse-bale-adalbero-ii-pfennig\/#primaryimage\"},\"thumbnailUrl\":\"https:\/\/odysseus-numismatique.com\/wp-content\/uploads\/2021\/09\/suisse-bale-adalbero-ii-pfennig.jpg\",\"datePublished\":\"2021-09-18T13:43:16+00:00\",\"dateModified\":\"2025-03-18T00:01:05+00:00\",\"breadcrumb\":{\"@id\":\"https:\/\/odysseus-numismatique.com\/article\/suisse-bale-adalbero-ii-pfennig\/#breadcrumb\"},\"inLanguage\":\"en-GB\",\"potentialAction\":[{\"@type\":\"ReadAction\",\"target\":[\"https:\/\/odysseus-numismatique.com\/article\/suisse-bale-adalbero-ii-pfennig\/\"]}]},{\"@type\":\"ImageObject\",\"inLanguage\":\"en-GB\",\"@id\":\"https:\/\/odysseus-numismatique.com\/article\/suisse-bale-adalbero-ii-pfennig\/#primaryimage\",\"url\":\"https:\/\/odysseus-numismatique.com\/wp-content\/uploads\/2021\/09\/suisse-bale-adalbero-ii-pfennig.jpg\",\"contentUrl\":\"https:\/\/odysseus-numismatique.com\/wp-content\/uploads\/2021\/09\/suisse-bale-adalbero-ii-pfennig.jpg\",\"width\":1500,\"height\":750,\"caption\":\"Odysseus Numismatique Monnaies F\u00e9odales SUISSE - B\u00c2LE - ADALBERO II \u2022 Pfennig\"},{\"@type\":\"BreadcrumbList\",\"@id\":\"https:\/\/odysseus-numismatique.com\/article\/suisse-bale-adalbero-ii-pfennig\/#breadcrumb\",\"itemListElement\":[{\"@type\":\"ListItem\",\"position\":1,\"name\":\"Accueil\",\"item\":\"https:\/\/odysseus-numismatique.com\/\"},{\"@type\":\"ListItem\",\"position\":2,\"name\":\"Boutique\",\"item\":\"https:\/\/odysseus-numismatique.com\/en\/boutique\/\"},{\"@type\":\"ListItem\",\"position\":3,\"name\":\"SUISSE &#8211; B\u00c2LE &#8211; ADALBERO II Pfennig\"}]},{\"@type\":\"WebSite\",\"@id\":\"https:\/\/odysseus-numismatique.com\/#website\",\"url\":\"https:\/\/odysseus-numismatique.com\/\",\"name\":\"Odysseus\",\"description\":\"Numismatique\",\"publisher\":{\"@id\":\"https:\/\/odysseus-numismatique.com\/#organization\"},\"potentialAction\":[{\"@type\":\"SearchAction\",\"target\":{\"@type\":\"EntryPoint\",\"urlTemplate\":\"https:\/\/odysseus-numismatique.com\/?s={search_term_string}\"},\"query-input\":{\"@type\":\"PropertyValueSpecification\",\"valueRequired\":true,\"valueName\":\"search_term_string\"}}],\"inLanguage\":\"en-GB\"},{\"@type\":\"Organization\",\"@id\":\"https:\/\/odysseus-numismatique.com\/#organization\",\"name\":\"Odysseus\",\"url\":\"https:\/\/odysseus-numismatique.com\/\",\"logo\":{\"@type\":\"ImageObject\",\"inLanguage\":\"en-GB\",\"@id\":\"https:\/\/odysseus-numismatique.com\/#\/schema\/logo\/image\/\",\"url\":\"https:\/\/odysseus-numismatique.com\/wp-content\/uploads\/2019\/04\/odysseus-numismatique.png\",\"contentUrl\":\"https:\/\/odysseus-numismatique.com\/wp-content\/uploads\/2019\/04\/odysseus-numismatique.png\",\"width\":500,\"height\":500,\"caption\":\"Odysseus\"},\"image\":{\"@id\":\"https:\/\/odysseus-numismatique.com\/#\/schema\/logo\/image\/\"}}]}<\/script>\n<!-- \/ Yoast SEO plugin. -->","yoast_head_json":{"title":"SUISSE - B\u00c2LE - ADALBERO II \u2022 Pfennig &#8226; Odysseus","robots":{"index":"index","follow":"follow","max-snippet":"max-snippet:-1","max-image-preview":"max-image-preview:large","max-video-preview":"max-video-preview:-1"},"canonical":"https:\/\/odysseus-numismatique.com\/en\/article\/suisse-bale-adalbero-ii-pfennig\/","og_locale":"en_GB","og_type":"article","og_title":"SUISSE - B\u00c2LE - ADALBERO II \u2022 Pfennig &#8226; Odysseus","og_description":"Avers Autel inscrit BASLEA Revers + ADELB[ERO EPS] Croix dans un quadrilobe Module Pfennig ou Denier Date 999-1025 ap. J.-C. Atelier B\u00e2le (Basel Bistum) M\u00e9tal Argent Poids 0.72 g Diam\u00e8tre 23.8 mm R\u00e9f\u00e9rence Wielandt 21 &#8211; HMZ 1-188 &#8211; Dannenberg 972 \u00c9tat SUP","og_url":"https:\/\/odysseus-numismatique.com\/en\/article\/suisse-bale-adalbero-ii-pfennig\/","og_site_name":"Odysseus","article_modified_time":"2025-03-18T00:01:05+00:00","og_image":[{"width":1500,"height":750,"url":"https:\/\/odysseus-numismatique.com\/wp-content\/uploads\/2021\/09\/suisse-bale-adalbero-ii-pfennig.jpg","type":"image\/jpeg"}],"twitter_card":"summary_large_image","schema":{"@context":"https:\/\/schema.org","@graph":[{"@type":"WebPage","@id":"https:\/\/odysseus-numismatique.com\/article\/suisse-bale-adalbero-ii-pfennig\/","url":"https:\/\/odysseus-numismatique.com\/article\/suisse-bale-adalbero-ii-pfennig\/","name":"SUISSE - B\u00c2LE - ADALBERO II \u2022 Pfennig &#8226; Odysseus","isPartOf":{"@id":"https:\/\/odysseus-numismatique.com\/#website"},"primaryImageOfPage":{"@id":"https:\/\/odysseus-numismatique.com\/article\/suisse-bale-adalbero-ii-pfennig\/#primaryimage"},"image":{"@id":"https:\/\/odysseus-numismatique.com\/article\/suisse-bale-adalbero-ii-pfennig\/#primaryimage"},"thumbnailUrl":"https:\/\/odysseus-numismatique.com\/wp-content\/uploads\/2021\/09\/suisse-bale-adalbero-ii-pfennig.jpg","datePublished":"2021-09-18T13:43:16+00:00","dateModified":"2025-03-18T00:01:05+00:00","breadcrumb":{"@id":"https:\/\/odysseus-numismatique.com\/article\/suisse-bale-adalbero-ii-pfennig\/#breadcrumb"},"inLanguage":"en-GB","potentialAction":[{"@type":"ReadAction","target":["https:\/\/odysseus-numismatique.com\/article\/suisse-bale-adalbero-ii-pfennig\/"]}]},{"@type":"ImageObject","inLanguage":"en-GB","@id":"https:\/\/odysseus-numismatique.com\/article\/suisse-bale-adalbero-ii-pfennig\/#primaryimage","url":"https:\/\/odysseus-numismatique.com\/wp-content\/uploads\/2021\/09\/suisse-bale-adalbero-ii-pfennig.jpg","contentUrl":"https:\/\/odysseus-numismatique.com\/wp-content\/uploads\/2021\/09\/suisse-bale-adalbero-ii-pfennig.jpg","width":1500,"height":750,"caption":"Odysseus Numismatique Monnaies F\u00e9odales SUISSE - B\u00c2LE - ADALBERO II \u2022 Pfennig"},{"@type":"BreadcrumbList","@id":"https:\/\/odysseus-numismatique.com\/article\/suisse-bale-adalbero-ii-pfennig\/#breadcrumb","itemListElement":[{"@type":"ListItem","position":1,"name":"Accueil","item":"https:\/\/odysseus-numismatique.com\/"},{"@type":"ListItem","position":2,"name":"Boutique","item":"https:\/\/odysseus-numismatique.com\/en\/boutique\/"},{"@type":"ListItem","position":3,"name":"SUISSE &#8211; B\u00c2LE &#8211; ADALBERO II Pfennig"}]},{"@type":"WebSite","@id":"https:\/\/odysseus-numismatique.com\/#website","url":"https:\/\/odysseus-numismatique.com\/","name":"Odysseus","description":"Numismatics","publisher":{"@id":"https:\/\/odysseus-numismatique.com\/#organization"},"potentialAction":[{"@type":"SearchAction","target":{"@type":"EntryPoint","urlTemplate":"https:\/\/odysseus-numismatique.com\/?s={search_term_string}"},"query-input":{"@type":"PropertyValueSpecification","valueRequired":true,"valueName":"search_term_string"}}],"inLanguage":"en-GB"},{"@type":"Organization","@id":"https:\/\/odysseus-numismatique.com\/#organization","name":"Odysseus","url":"https:\/\/odysseus-numismatique.com\/","logo":{"@type":"ImageObject","inLanguage":"en-GB","@id":"https:\/\/odysseus-numismatique.com\/#\/schema\/logo\/image\/","url":"https:\/\/odysseus-numismatique.com\/wp-content\/uploads\/2019\/04\/odysseus-numismatique.png","contentUrl":"https:\/\/odysseus-numismatique.com\/wp-content\/uploads\/2019\/04\/odysseus-numismatique.png","width":500,"height":500,"caption":"Odysseus"},"image":{"@id":"https:\/\/odysseus-numismatique.com\/#\/schema\/logo\/image\/"}}]}},"_links":{"self":[{"href":"https:\/\/odysseus-numismatique.com\/en\/wp-json\/wp\/v2\/product\/11656","targetHints":{"allow":["GET"]}}],"collection":[{"href":"https:\/\/odysseus-numismatique.com\/en\/wp-json\/wp\/v2\/product"}],"about":[{"href":"https:\/\/odysseus-numismatique.com\/en\/wp-json\/wp\/v2\/types\/product"}],"wp:featuredmedia":[{"embeddable":true,"href":"https:\/\/odysseus-numismatique.com\/en\/wp-json\/wp\/v2\/media\/11659"}],"wp:attachment":[{"href":"https:\/\/odysseus-numismatique.com\/en\/wp-json\/wp\/v2\/media?parent=11656"}],"wp:term":[{"taxonomy":"product_brand","embeddable":true,"href":"https:\/\/odysseus-numismatique.com\/en\/wp-json\/wp\/v2\/product_brand?post=11656"},{"taxonomy":"product_cat","embeddable":true,"href":"https:\/\/odysseus-numismatique.com\/en\/wp-json\/wp\/v2\/product_cat?post=11656"},{"taxonomy":"product_tag","embeddable":true,"href":"https:\/\/odysseus-numismatique.com\/en\/wp-json\/wp\/v2\/product_tag?post=11656"}],"curies":[{"name":"wp","href":"https:\/\/api.w.org\/{rel}","templated":true}]}}