{"id":1154,"date":"2019-04-03T18:05:08","date_gmt":"2019-04-03T16:05:08","guid":{"rendered":"https:\/\/odysseus-numismatique.com\/?post_type=product&#038;p=1154"},"modified":"2025-04-02T23:36:33","modified_gmt":"2025-04-02T22:36:33","slug":"auction-80-the-c-g-collection-of-roman-coins-numismatica-ars-classica-2014","status":"publish","type":"product","link":"https:\/\/odysseus-numismatique.com\/en\/article\/auction-80-the-c-g-collection-of-roman-coins-numismatica-ars-classica-2014\/","title":{"rendered":"AUCTION 80 &#8211; THE C. G. COLLECTION OF ROMAN COINS <br \/> Numismatica Ars Classica 2014"},"content":{"rendered":"<style>\n.tableproduct {border-collapse:none}\n.tableproduct td {border:none!important; padding:10px}\n.tableproduct .odd td {background-color:#424242}\n.tableproduct .even td {background-color:#3a3a3a}\n.tableproduct .column-1 {text-transform:uppercase; font-weight:bold; font-size:0.75em; width:20%}\n.tableproduct .column-2 {font-size:1em}\n<\/style>\n<table class=\"tableproduct\">\n<tr class=\"row-1 odd\">\n<td class=\"column-1\">Full Title<\/td>\n<td class=\"column-2\">Auction 80<br \/>\nThe C. G. Collection of Roman Coins<\/td>\n<\/tr>\n<tr class=\"row-2 even\">\n<td class=\"column-1\">Firm<\/td>\n<td class=\"column-2\">Numismatica Ars Classica NAC AG<\/td>\n<\/tr>\n<tr class=\"row-3 odd\">\n<td class=\"column-1\">Place<\/td>\n<td class=\"column-2\">Hotel Baur au Lac (Z\u00fcrich)<\/td>\n<\/tr>\n<tr class=\"row-4 even\">\n<td class=\"column-1\">Date<\/td>\n<td class=\"column-2\">20 Octobre 2014<\/td>\n<\/tr>\n<tr class=\"row-5 odd\">\n<td class=\"column-1\">Language<\/td>\n<td class=\"column-2\">Anglais<\/td>\n<\/tr>\n<tr class=\"row-6 even\">\n<td class=\"column-1\">Pages<\/td>\n<td class=\"column-2\">92 pages &#8211; 304 num\u00e9ros<\/td>\n<\/tr>\n<tr class=\"row-7 odd\">\n<td class=\"column-1\">Specifications<\/td>\n<td class=\"column-2\">Broch\u00e9 &#8211; 210 x 295 mm<\/td>\n<\/tr>\n<tr class=\"row-8 even\">\n<td class=\"column-1\">Condition<\/td>\n<td class=\"column-2\">Comme neuf<\/td>\n<\/tr>\n<\/table>","protected":false},"excerpt":{"rendered":"<p>Titre complet Auction 80 The C. G. Collection of Roman Coins Firme Numismatica Ars Classica NAC AG Lieu Hotel Baur au Lac (Z\u00fcrich) Date 20 Octobre 2014 Langue Anglais Pages 92 pages &#8211; 304 num\u00e9ros Caract\u00e9ristiques Broch\u00e9 &#8211; 210 x 295 mm \u00c9tat Comme neuf<\/p>","protected":false},"featured_media":20828,"template":"","meta":[],"product_brand":[],"product_cat":[36,19,32],"product_tag":[166,393,158],"class_list":{"0":"post-1154","1":"product","2":"type-product","3":"status-publish","4":"has-post-thumbnail","6":"product_cat-catalogues-de-vente","7":"product_cat-librairie","8":"product_cat-livres-monnaies-romaines","9":"product_tag-catalogues-de-vente","10":"product_tag-librairie","11":"product_tag-livres-monnaies-romaines","13":"first","14":"instock","15":"sold-individually","16":"shipping-taxable","17":"purchasable","18":"product-type-simple"},"yoast_head":"<!-- This site is optimized with the Yoast SEO plugin v27.5 - https:\/\/yoast.com\/product\/yoast-seo-wordpress\/ -->\n<title>AUCTION 80 - THE C. G. COLLECTION OF ROMAN COINS \u2022 Numismatica Ars Classica 2014 &#8226; Odysseus<\/title>\n<meta name=\"robots\" content=\"index, follow, max-snippet:-1, max-image-preview:large, max-video-preview:-1\" \/>\n<link rel=\"canonical\" href=\"https:\/\/odysseus-numismatique.com\/en\/article\/auction-80-the-c-g-collection-of-roman-coins-numismatica-ars-classica-2014\/\" \/>\n<meta property=\"og:locale\" content=\"en_GB\" \/>\n<meta property=\"og:type\" content=\"article\" \/>\n<meta property=\"og:title\" content=\"AUCTION 80 - THE C. G. COLLECTION OF ROMAN COINS \u2022 Numismatica Ars Classica 2014 &#8226; Odysseus\" \/>\n<meta property=\"og:description\" content=\"Titre complet Auction 80 The C. G. Collection of Roman Coins Firme Numismatica Ars Classica NAC AG Lieu Hotel Baur au Lac (Z\u00fcrich) Date 20 Octobre 2014 Langue Anglais Pages 92 pages &#8211; 304 num\u00e9ros Caract\u00e9ristiques Broch\u00e9 &#8211; 210 x 295 mm \u00c9tat Comme neuf\" \/>\n<meta property=\"og:url\" content=\"https:\/\/odysseus-numismatique.com\/en\/article\/auction-80-the-c-g-collection-of-roman-coins-numismatica-ars-classica-2014\/\" \/>\n<meta property=\"og:site_name\" content=\"Odysseus\" \/>\n<meta property=\"article:modified_time\" content=\"2025-04-02T22:36:33+00:00\" \/>\n<meta property=\"og:image\" content=\"https:\/\/odysseus-numismatique.com\/wp-content\/uploads\/2019\/04\/auction-80-the-c-g-collection-of-roman-coins-numismatica-ars-classica-2014.jpg\" \/>\n\t<meta property=\"og:image:width\" content=\"1500\" \/>\n\t<meta property=\"og:image:height\" content=\"750\" \/>\n\t<meta property=\"og:image:type\" content=\"image\/jpeg\" \/>\n<meta name=\"twitter:card\" content=\"summary_large_image\" \/>\n<meta name=\"twitter:label1\" content=\"Estimated reading time\" \/>\n\t<meta name=\"twitter:data1\" content=\"1 minute\" \/>\n<script type=\"application\/ld+json\" class=\"yoast-schema-graph\">{\"@context\":\"https:\\\/\\\/schema.org\",\"@graph\":[{\"@type\":\"WebPage\",\"@id\":\"https:\\\/\\\/odysseus-numismatique.com\\\/article\\\/auction-80-the-c-g-collection-of-roman-coins-numismatica-ars-classica-2014\\\/\",\"url\":\"https:\\\/\\\/odysseus-numismatique.com\\\/article\\\/auction-80-the-c-g-collection-of-roman-coins-numismatica-ars-classica-2014\\\/\",\"name\":\"AUCTION 80 - THE C. G. COLLECTION OF ROMAN COINS \u2022 Numismatica Ars Classica 2014 &#8226; Odysseus\",\"isPartOf\":{\"@id\":\"https:\\\/\\\/odysseus-numismatique.com\\\/#website\"},\"primaryImageOfPage\":{\"@id\":\"https:\\\/\\\/odysseus-numismatique.com\\\/article\\\/auction-80-the-c-g-collection-of-roman-coins-numismatica-ars-classica-2014\\\/#primaryimage\"},\"image\":{\"@id\":\"https:\\\/\\\/odysseus-numismatique.com\\\/article\\\/auction-80-the-c-g-collection-of-roman-coins-numismatica-ars-classica-2014\\\/#primaryimage\"},\"thumbnailUrl\":\"https:\\\/\\\/odysseus-numismatique.com\\\/wp-content\\\/uploads\\\/2019\\\/04\\\/auction-80-the-c-g-collection-of-roman-coins-numismatica-ars-classica-2014.jpg\",\"datePublished\":\"2019-04-03T16:05:08+00:00\",\"dateModified\":\"2025-04-02T22:36:33+00:00\",\"breadcrumb\":{\"@id\":\"https:\\\/\\\/odysseus-numismatique.com\\\/article\\\/auction-80-the-c-g-collection-of-roman-coins-numismatica-ars-classica-2014\\\/#breadcrumb\"},\"inLanguage\":\"en-GB\",\"potentialAction\":[{\"@type\":\"ReadAction\",\"target\":[\"https:\\\/\\\/odysseus-numismatique.com\\\/article\\\/auction-80-the-c-g-collection-of-roman-coins-numismatica-ars-classica-2014\\\/\"]}]},{\"@type\":\"ImageObject\",\"inLanguage\":\"en-GB\",\"@id\":\"https:\\\/\\\/odysseus-numismatique.com\\\/article\\\/auction-80-the-c-g-collection-of-roman-coins-numismatica-ars-classica-2014\\\/#primaryimage\",\"url\":\"https:\\\/\\\/odysseus-numismatique.com\\\/wp-content\\\/uploads\\\/2019\\\/04\\\/auction-80-the-c-g-collection-of-roman-coins-numismatica-ars-classica-2014.jpg\",\"contentUrl\":\"https:\\\/\\\/odysseus-numismatique.com\\\/wp-content\\\/uploads\\\/2019\\\/04\\\/auction-80-the-c-g-collection-of-roman-coins-numismatica-ars-classica-2014.jpg\",\"width\":1500,\"height\":750,\"caption\":\"Odysseus Numismatique Livres Catalogues de Vente Monnaies AUCTION 80 - THE C.G. COLLECTION OF ROMAN COINS \u2022 Numismatica Ars Classica 2014\"},{\"@type\":\"BreadcrumbList\",\"@id\":\"https:\\\/\\\/odysseus-numismatique.com\\\/article\\\/auction-80-the-c-g-collection-of-roman-coins-numismatica-ars-classica-2014\\\/#breadcrumb\",\"itemListElement\":[{\"@type\":\"ListItem\",\"position\":1,\"name\":\"Accueil\",\"item\":\"https:\\\/\\\/odysseus-numismatique.com\\\/\"},{\"@type\":\"ListItem\",\"position\":2,\"name\":\"Boutique\",\"item\":\"https:\\\/\\\/odysseus-numismatique.com\\\/en\\\/boutique\\\/\"},{\"@type\":\"ListItem\",\"position\":3,\"name\":\"AUCTION 80 &#8211; THE C. G. COLLECTION OF ROMAN COINS Numismatica Ars Classica 2014\"}]},{\"@type\":\"WebSite\",\"@id\":\"https:\\\/\\\/odysseus-numismatique.com\\\/#website\",\"url\":\"https:\\\/\\\/odysseus-numismatique.com\\\/\",\"name\":\"Odysseus\",\"description\":\"Numismatique\",\"publisher\":{\"@id\":\"https:\\\/\\\/odysseus-numismatique.com\\\/#organization\"},\"potentialAction\":[{\"@type\":\"SearchAction\",\"target\":{\"@type\":\"EntryPoint\",\"urlTemplate\":\"https:\\\/\\\/odysseus-numismatique.com\\\/?s={search_term_string}\"},\"query-input\":{\"@type\":\"PropertyValueSpecification\",\"valueRequired\":true,\"valueName\":\"search_term_string\"}}],\"inLanguage\":\"en-GB\"},{\"@type\":\"Organization\",\"@id\":\"https:\\\/\\\/odysseus-numismatique.com\\\/#organization\",\"name\":\"Odysseus\",\"url\":\"https:\\\/\\\/odysseus-numismatique.com\\\/\",\"logo\":{\"@type\":\"ImageObject\",\"inLanguage\":\"en-GB\",\"@id\":\"https:\\\/\\\/odysseus-numismatique.com\\\/#\\\/schema\\\/logo\\\/image\\\/\",\"url\":\"https:\\\/\\\/odysseus-numismatique.com\\\/wp-content\\\/uploads\\\/2019\\\/04\\\/odysseus-numismatique.png\",\"contentUrl\":\"https:\\\/\\\/odysseus-numismatique.com\\\/wp-content\\\/uploads\\\/2019\\\/04\\\/odysseus-numismatique.png\",\"width\":500,\"height\":500,\"caption\":\"Odysseus\"},\"image\":{\"@id\":\"https:\\\/\\\/odysseus-numismatique.com\\\/#\\\/schema\\\/logo\\\/image\\\/\"}}]}<\/script>\n<!-- \/ Yoast SEO plugin. -->","yoast_head_json":{"title":"AUCTION 80 - THE C. G. COLLECTION OF ROMAN COINS \u2022 Numismatica Ars Classica 2014 &#8226; Odysseus","robots":{"index":"index","follow":"follow","max-snippet":"max-snippet:-1","max-image-preview":"max-image-preview:large","max-video-preview":"max-video-preview:-1"},"canonical":"https:\/\/odysseus-numismatique.com\/en\/article\/auction-80-the-c-g-collection-of-roman-coins-numismatica-ars-classica-2014\/","og_locale":"en_GB","og_type":"article","og_title":"AUCTION 80 - THE C. G. COLLECTION OF ROMAN COINS \u2022 Numismatica Ars Classica 2014 &#8226; Odysseus","og_description":"Titre complet Auction 80 The C. G. Collection of Roman Coins Firme Numismatica Ars Classica NAC AG Lieu Hotel Baur au Lac (Z\u00fcrich) Date 20 Octobre 2014 Langue Anglais Pages 92 pages &#8211; 304 num\u00e9ros Caract\u00e9ristiques Broch\u00e9 &#8211; 210 x 295 mm \u00c9tat Comme neuf","og_url":"https:\/\/odysseus-numismatique.com\/en\/article\/auction-80-the-c-g-collection-of-roman-coins-numismatica-ars-classica-2014\/","og_site_name":"Odysseus","article_modified_time":"2025-04-02T22:36:33+00:00","og_image":[{"width":1500,"height":750,"url":"https:\/\/odysseus-numismatique.com\/wp-content\/uploads\/2019\/04\/auction-80-the-c-g-collection-of-roman-coins-numismatica-ars-classica-2014.jpg","type":"image\/jpeg"}],"twitter_card":"summary_large_image","twitter_misc":{"Estimated reading time":"1 minute"},"schema":{"@context":"https:\/\/schema.org","@graph":[{"@type":"WebPage","@id":"https:\/\/odysseus-numismatique.com\/article\/auction-80-the-c-g-collection-of-roman-coins-numismatica-ars-classica-2014\/","url":"https:\/\/odysseus-numismatique.com\/article\/auction-80-the-c-g-collection-of-roman-coins-numismatica-ars-classica-2014\/","name":"AUCTION 80 - THE C. G. COLLECTION OF ROMAN COINS \u2022 Numismatica Ars Classica 2014 &#8226; Odysseus","isPartOf":{"@id":"https:\/\/odysseus-numismatique.com\/#website"},"primaryImageOfPage":{"@id":"https:\/\/odysseus-numismatique.com\/article\/auction-80-the-c-g-collection-of-roman-coins-numismatica-ars-classica-2014\/#primaryimage"},"image":{"@id":"https:\/\/odysseus-numismatique.com\/article\/auction-80-the-c-g-collection-of-roman-coins-numismatica-ars-classica-2014\/#primaryimage"},"thumbnailUrl":"https:\/\/odysseus-numismatique.com\/wp-content\/uploads\/2019\/04\/auction-80-the-c-g-collection-of-roman-coins-numismatica-ars-classica-2014.jpg","datePublished":"2019-04-03T16:05:08+00:00","dateModified":"2025-04-02T22:36:33+00:00","breadcrumb":{"@id":"https:\/\/odysseus-numismatique.com\/article\/auction-80-the-c-g-collection-of-roman-coins-numismatica-ars-classica-2014\/#breadcrumb"},"inLanguage":"en-GB","potentialAction":[{"@type":"ReadAction","target":["https:\/\/odysseus-numismatique.com\/article\/auction-80-the-c-g-collection-of-roman-coins-numismatica-ars-classica-2014\/"]}]},{"@type":"ImageObject","inLanguage":"en-GB","@id":"https:\/\/odysseus-numismatique.com\/article\/auction-80-the-c-g-collection-of-roman-coins-numismatica-ars-classica-2014\/#primaryimage","url":"https:\/\/odysseus-numismatique.com\/wp-content\/uploads\/2019\/04\/auction-80-the-c-g-collection-of-roman-coins-numismatica-ars-classica-2014.jpg","contentUrl":"https:\/\/odysseus-numismatique.com\/wp-content\/uploads\/2019\/04\/auction-80-the-c-g-collection-of-roman-coins-numismatica-ars-classica-2014.jpg","width":1500,"height":750,"caption":"Odysseus Numismatique Livres Catalogues de Vente Monnaies AUCTION 80 - THE C.G. COLLECTION OF ROMAN COINS \u2022 Numismatica Ars Classica 2014"},{"@type":"BreadcrumbList","@id":"https:\/\/odysseus-numismatique.com\/article\/auction-80-the-c-g-collection-of-roman-coins-numismatica-ars-classica-2014\/#breadcrumb","itemListElement":[{"@type":"ListItem","position":1,"name":"Accueil","item":"https:\/\/odysseus-numismatique.com\/"},{"@type":"ListItem","position":2,"name":"Boutique","item":"https:\/\/odysseus-numismatique.com\/en\/boutique\/"},{"@type":"ListItem","position":3,"name":"AUCTION 80 &#8211; THE C. G. COLLECTION OF ROMAN COINS Numismatica Ars Classica 2014"}]},{"@type":"WebSite","@id":"https:\/\/odysseus-numismatique.com\/#website","url":"https:\/\/odysseus-numismatique.com\/","name":"Odysseus","description":"Numismatics","publisher":{"@id":"https:\/\/odysseus-numismatique.com\/#organization"},"potentialAction":[{"@type":"SearchAction","target":{"@type":"EntryPoint","urlTemplate":"https:\/\/odysseus-numismatique.com\/?s={search_term_string}"},"query-input":{"@type":"PropertyValueSpecification","valueRequired":true,"valueName":"search_term_string"}}],"inLanguage":"en-GB"},{"@type":"Organization","@id":"https:\/\/odysseus-numismatique.com\/#organization","name":"Odysseus","url":"https:\/\/odysseus-numismatique.com\/","logo":{"@type":"ImageObject","inLanguage":"en-GB","@id":"https:\/\/odysseus-numismatique.com\/#\/schema\/logo\/image\/","url":"https:\/\/odysseus-numismatique.com\/wp-content\/uploads\/2019\/04\/odysseus-numismatique.png","contentUrl":"https:\/\/odysseus-numismatique.com\/wp-content\/uploads\/2019\/04\/odysseus-numismatique.png","width":500,"height":500,"caption":"Odysseus"},"image":{"@id":"https:\/\/odysseus-numismatique.com\/#\/schema\/logo\/image\/"}}]}},"_links":{"self":[{"href":"https:\/\/odysseus-numismatique.com\/en\/wp-json\/wp\/v2\/product\/1154","targetHints":{"allow":["GET"]}}],"collection":[{"href":"https:\/\/odysseus-numismatique.com\/en\/wp-json\/wp\/v2\/product"}],"about":[{"href":"https:\/\/odysseus-numismatique.com\/en\/wp-json\/wp\/v2\/types\/product"}],"wp:featuredmedia":[{"embeddable":true,"href":"https:\/\/odysseus-numismatique.com\/en\/wp-json\/wp\/v2\/media\/20828"}],"wp:attachment":[{"href":"https:\/\/odysseus-numismatique.com\/en\/wp-json\/wp\/v2\/media?parent=1154"}],"wp:term":[{"taxonomy":"product_brand","embeddable":true,"href":"https:\/\/odysseus-numismatique.com\/en\/wp-json\/wp\/v2\/product_brand?post=1154"},{"taxonomy":"product_cat","embeddable":true,"href":"https:\/\/odysseus-numismatique.com\/en\/wp-json\/wp\/v2\/product_cat?post=1154"},{"taxonomy":"product_tag","embeddable":true,"href":"https:\/\/odysseus-numismatique.com\/en\/wp-json\/wp\/v2\/product_tag?post=1154"}],"curies":[{"name":"wp","href":"https:\/\/api.w.org\/{rel}","templated":true}]}}