{"id":11489,"date":"2021-09-18T16:30:18","date_gmt":"2021-09-18T14:30:18","guid":{"rendered":"https:\/\/odysseus-numismatique.com\/?post_type=product&#038;p=11489"},"modified":"2025-03-18T01:00:55","modified_gmt":"2025-03-18T00:00:55","slug":"lombards-au-nom-de-justinien-ier-demi-silique","status":"publish","type":"product","link":"https:\/\/odysseus-numismatique.com\/en\/article\/lombards-au-nom-de-justinien-ier-demi-silique\/","title":{"rendered":"LOMBARDS \u2013 IN THE NAME OF JUSTINIAN I <br \/> Half Siliqua"},"content":{"rendered":"<style>\n.tableproduct {border-collapse:none}\n.tableproduct td {border:none!important; padding:10px}\n.tableproduct .odd td {background-color:#424242}\n.tableproduct .even td {background-color:#3a3a3a}\n.tableproduct .column-1 {text-transform:uppercase; font-weight:bold; font-size:0.75em; width:20%}\n.tableproduct .column-2 {font-size:1em}\n<\/style>\n<table class=\"tableproduct\">\n<tr class=\"row-1 odd\">\n<td class=\"column-1\">Obverse<\/td>\n<td class=\"column-2\">D N IVSTINIANVS P P AV<br \/>\nBuste diad\u00e9m\u00e9, drap\u00e9 et cuirass\u00e9 de Justinien Ier \u00e0 droite<\/td>\n<\/tr>\n<tr class=\"row-2 even\">\n<td class=\"column-1\">Reverse<\/td>\n<td class=\"column-2\">Staurogramme pos\u00e9 sur un globe, une \u00e9toile de chaque c\u00f4t\u00e9, le tout dans une couronne<\/td>\n<\/tr>\n<tr class=\"row-3 odd\">\n<td class=\"column-1\">Denomination<\/td>\n<td class=\"column-2\">Half Siliqua<\/td>\n<\/tr>\n<tr class=\"row-4 even\">\n<td class=\"column-1\">Date<\/td>\n<td class=\"column-2\">AD 568-690<\/td>\n<\/tr>\n<tr class=\"row-5 odd\">\n<td class=\"column-1\">Mint<\/td>\n<td class=\"column-2\">Ravenna<\/td>\n<\/tr>\n<tr class=\"row-6 even\">\n<td class=\"column-1\">Metal<\/td>\n<td class=\"column-2\">Silver<\/td>\n<\/tr>\n<tr class=\"row-7 odd\">\n<td class=\"column-1\">Weight<\/td>\n<td class=\"column-2\">0.73 g<\/td>\n<\/tr>\n<tr class=\"row-8 even\">\n<td class=\"column-1\">Diameter<\/td>\n<td class=\"column-2\">13 mm<\/td>\n<\/tr>\n<tr class=\"row-9 odd\">\n<td class=\"column-1\">Reference<\/td>\n<td class=\"column-2\">MEC I, 297 &#8211; BMC Vandals 5<\/td>\n<\/tr>\n<tr class=\"row-10 even\">\n<td class=\"column-1\">Condition<\/td>\n<td class=\"column-2\">VF<\/td>\n<\/tr>\n<\/table>","protected":false},"excerpt":{"rendered":"<p>Avers D N IVSTINIANVS P P AV Buste diad\u00e9m\u00e9, drap\u00e9 et cuirass\u00e9 de Justinien Ier \u00e0 droite Revers Staurogramme pos\u00e9 sur un globe, une \u00e9toile de chaque c\u00f4t\u00e9, le tout dans une couronne Module Demi Silique Date 568-690 ap. J.-C. Atelier Ravenne M\u00e9tal Argent Poids 0.73 g Diam\u00e8tre 13 mm R\u00e9f\u00e9rence MEC I, 297 &#8211; [&hellip;]<\/p>\n","protected":false},"featured_media":11725,"template":"","meta":[],"product_brand":[],"product_cat":[15],"product_tag":[234,394],"class_list":{"0":"post-11489","1":"product","2":"type-product","3":"status-publish","4":"has-post-thumbnail","6":"product_cat-vendus","7":"product_tag-monnaies-peuples-barbares","8":"product_tag-numismatique","9":"pa_metal-argent","10":"pa_module-silique","12":"first","13":"outofstock","14":"sold-individually","15":"shipping-taxable","16":"purchasable","17":"product-type-simple"},"yoast_head":"<!-- This site is optimized with the Yoast SEO plugin v27.2 - https:\/\/yoast.com\/product\/yoast-seo-wordpress\/ -->\n<title>LOMBARDS - AU NOM DE JUSTINIEN Ier \u2022 Demi Silique &#8226; Odysseus<\/title>\n<meta name=\"robots\" content=\"index, follow, max-snippet:-1, max-image-preview:large, max-video-preview:-1\" \/>\n<link rel=\"canonical\" href=\"https:\/\/odysseus-numismatique.com\/en\/article\/lombards-au-nom-de-justinien-ier-demi-silique\/\" \/>\n<meta property=\"og:locale\" content=\"en_GB\" \/>\n<meta property=\"og:type\" content=\"article\" \/>\n<meta property=\"og:title\" content=\"LOMBARDS - AU NOM DE JUSTINIEN Ier \u2022 Demi Silique &#8226; Odysseus\" \/>\n<meta property=\"og:description\" content=\"Avers D N IVSTINIANVS P P AV Buste diad\u00e9m\u00e9, drap\u00e9 et cuirass\u00e9 de Justinien Ier \u00e0 droite Revers Staurogramme pos\u00e9 sur un globe, une \u00e9toile de chaque c\u00f4t\u00e9, le tout dans une couronne Module Demi Silique Date 568-690 ap. J.-C. Atelier Ravenne M\u00e9tal Argent Poids 0.73 g Diam\u00e8tre 13 mm R\u00e9f\u00e9rence MEC I, 297 &#8211; [&hellip;]\" \/>\n<meta property=\"og:url\" content=\"https:\/\/odysseus-numismatique.com\/en\/article\/lombards-au-nom-de-justinien-ier-demi-silique\/\" \/>\n<meta property=\"og:site_name\" content=\"Odysseus\" \/>\n<meta property=\"article:modified_time\" content=\"2025-03-18T00:00:55+00:00\" \/>\n<meta property=\"og:image\" content=\"https:\/\/odysseus-numismatique.com\/wp-content\/uploads\/2021\/09\/lombards-au-nom-de-justinien-ier-demi-silique.jpg\" \/>\n\t<meta property=\"og:image:width\" content=\"1500\" \/>\n\t<meta property=\"og:image:height\" content=\"750\" \/>\n\t<meta property=\"og:image:type\" content=\"image\/jpeg\" \/>\n<meta name=\"twitter:card\" content=\"summary_large_image\" \/>\n<script type=\"application\/ld+json\" class=\"yoast-schema-graph\">{\"@context\":\"https:\/\/schema.org\",\"@graph\":[{\"@type\":\"WebPage\",\"@id\":\"https:\/\/odysseus-numismatique.com\/article\/lombards-au-nom-de-justinien-ier-demi-silique\/\",\"url\":\"https:\/\/odysseus-numismatique.com\/article\/lombards-au-nom-de-justinien-ier-demi-silique\/\",\"name\":\"LOMBARDS - AU NOM DE JUSTINIEN Ier \u2022 Demi Silique &#8226; Odysseus\",\"isPartOf\":{\"@id\":\"https:\/\/odysseus-numismatique.com\/#website\"},\"primaryImageOfPage\":{\"@id\":\"https:\/\/odysseus-numismatique.com\/article\/lombards-au-nom-de-justinien-ier-demi-silique\/#primaryimage\"},\"image\":{\"@id\":\"https:\/\/odysseus-numismatique.com\/article\/lombards-au-nom-de-justinien-ier-demi-silique\/#primaryimage\"},\"thumbnailUrl\":\"https:\/\/odysseus-numismatique.com\/wp-content\/uploads\/2021\/09\/lombards-au-nom-de-justinien-ier-demi-silique.jpg\",\"datePublished\":\"2021-09-18T14:30:18+00:00\",\"dateModified\":\"2025-03-18T00:00:55+00:00\",\"breadcrumb\":{\"@id\":\"https:\/\/odysseus-numismatique.com\/article\/lombards-au-nom-de-justinien-ier-demi-silique\/#breadcrumb\"},\"inLanguage\":\"en-GB\",\"potentialAction\":[{\"@type\":\"ReadAction\",\"target\":[\"https:\/\/odysseus-numismatique.com\/article\/lombards-au-nom-de-justinien-ier-demi-silique\/\"]}]},{\"@type\":\"ImageObject\",\"inLanguage\":\"en-GB\",\"@id\":\"https:\/\/odysseus-numismatique.com\/article\/lombards-au-nom-de-justinien-ier-demi-silique\/#primaryimage\",\"url\":\"https:\/\/odysseus-numismatique.com\/wp-content\/uploads\/2021\/09\/lombards-au-nom-de-justinien-ier-demi-silique.jpg\",\"contentUrl\":\"https:\/\/odysseus-numismatique.com\/wp-content\/uploads\/2021\/09\/lombards-au-nom-de-justinien-ier-demi-silique.jpg\",\"width\":1500,\"height\":750,\"caption\":\"Odysseus Numismatique Monnaies Peuples Barbares LOMBARDS - AU NOM DE JUSTINIEN Ier \u2022 Demi Silique\"},{\"@type\":\"BreadcrumbList\",\"@id\":\"https:\/\/odysseus-numismatique.com\/article\/lombards-au-nom-de-justinien-ier-demi-silique\/#breadcrumb\",\"itemListElement\":[{\"@type\":\"ListItem\",\"position\":1,\"name\":\"Accueil\",\"item\":\"https:\/\/odysseus-numismatique.com\/\"},{\"@type\":\"ListItem\",\"position\":2,\"name\":\"Boutique\",\"item\":\"https:\/\/odysseus-numismatique.com\/en\/boutique\/\"},{\"@type\":\"ListItem\",\"position\":3,\"name\":\"LOMBARDS &#8211; AU NOM DE JUSTINIEN Ier Demi Silique\"}]},{\"@type\":\"WebSite\",\"@id\":\"https:\/\/odysseus-numismatique.com\/#website\",\"url\":\"https:\/\/odysseus-numismatique.com\/\",\"name\":\"Odysseus\",\"description\":\"Numismatique\",\"publisher\":{\"@id\":\"https:\/\/odysseus-numismatique.com\/#organization\"},\"potentialAction\":[{\"@type\":\"SearchAction\",\"target\":{\"@type\":\"EntryPoint\",\"urlTemplate\":\"https:\/\/odysseus-numismatique.com\/?s={search_term_string}\"},\"query-input\":{\"@type\":\"PropertyValueSpecification\",\"valueRequired\":true,\"valueName\":\"search_term_string\"}}],\"inLanguage\":\"en-GB\"},{\"@type\":\"Organization\",\"@id\":\"https:\/\/odysseus-numismatique.com\/#organization\",\"name\":\"Odysseus\",\"url\":\"https:\/\/odysseus-numismatique.com\/\",\"logo\":{\"@type\":\"ImageObject\",\"inLanguage\":\"en-GB\",\"@id\":\"https:\/\/odysseus-numismatique.com\/#\/schema\/logo\/image\/\",\"url\":\"https:\/\/odysseus-numismatique.com\/wp-content\/uploads\/2019\/04\/odysseus-numismatique.png\",\"contentUrl\":\"https:\/\/odysseus-numismatique.com\/wp-content\/uploads\/2019\/04\/odysseus-numismatique.png\",\"width\":500,\"height\":500,\"caption\":\"Odysseus\"},\"image\":{\"@id\":\"https:\/\/odysseus-numismatique.com\/#\/schema\/logo\/image\/\"}}]}<\/script>\n<!-- \/ Yoast SEO plugin. -->","yoast_head_json":{"title":"LOMBARDS - AU NOM DE JUSTINIEN Ier \u2022 Demi Silique &#8226; Odysseus","robots":{"index":"index","follow":"follow","max-snippet":"max-snippet:-1","max-image-preview":"max-image-preview:large","max-video-preview":"max-video-preview:-1"},"canonical":"https:\/\/odysseus-numismatique.com\/en\/article\/lombards-au-nom-de-justinien-ier-demi-silique\/","og_locale":"en_GB","og_type":"article","og_title":"LOMBARDS - AU NOM DE JUSTINIEN Ier \u2022 Demi Silique &#8226; Odysseus","og_description":"Avers D N IVSTINIANVS P P AV Buste diad\u00e9m\u00e9, drap\u00e9 et cuirass\u00e9 de Justinien Ier \u00e0 droite Revers Staurogramme pos\u00e9 sur un globe, une \u00e9toile de chaque c\u00f4t\u00e9, le tout dans une couronne Module Demi Silique Date 568-690 ap. J.-C. Atelier Ravenne M\u00e9tal Argent Poids 0.73 g Diam\u00e8tre 13 mm R\u00e9f\u00e9rence MEC I, 297 &#8211; [&hellip;]","og_url":"https:\/\/odysseus-numismatique.com\/en\/article\/lombards-au-nom-de-justinien-ier-demi-silique\/","og_site_name":"Odysseus","article_modified_time":"2025-03-18T00:00:55+00:00","og_image":[{"width":1500,"height":750,"url":"https:\/\/odysseus-numismatique.com\/wp-content\/uploads\/2021\/09\/lombards-au-nom-de-justinien-ier-demi-silique.jpg","type":"image\/jpeg"}],"twitter_card":"summary_large_image","schema":{"@context":"https:\/\/schema.org","@graph":[{"@type":"WebPage","@id":"https:\/\/odysseus-numismatique.com\/article\/lombards-au-nom-de-justinien-ier-demi-silique\/","url":"https:\/\/odysseus-numismatique.com\/article\/lombards-au-nom-de-justinien-ier-demi-silique\/","name":"LOMBARDS - AU NOM DE JUSTINIEN Ier \u2022 Demi Silique &#8226; Odysseus","isPartOf":{"@id":"https:\/\/odysseus-numismatique.com\/#website"},"primaryImageOfPage":{"@id":"https:\/\/odysseus-numismatique.com\/article\/lombards-au-nom-de-justinien-ier-demi-silique\/#primaryimage"},"image":{"@id":"https:\/\/odysseus-numismatique.com\/article\/lombards-au-nom-de-justinien-ier-demi-silique\/#primaryimage"},"thumbnailUrl":"https:\/\/odysseus-numismatique.com\/wp-content\/uploads\/2021\/09\/lombards-au-nom-de-justinien-ier-demi-silique.jpg","datePublished":"2021-09-18T14:30:18+00:00","dateModified":"2025-03-18T00:00:55+00:00","breadcrumb":{"@id":"https:\/\/odysseus-numismatique.com\/article\/lombards-au-nom-de-justinien-ier-demi-silique\/#breadcrumb"},"inLanguage":"en-GB","potentialAction":[{"@type":"ReadAction","target":["https:\/\/odysseus-numismatique.com\/article\/lombards-au-nom-de-justinien-ier-demi-silique\/"]}]},{"@type":"ImageObject","inLanguage":"en-GB","@id":"https:\/\/odysseus-numismatique.com\/article\/lombards-au-nom-de-justinien-ier-demi-silique\/#primaryimage","url":"https:\/\/odysseus-numismatique.com\/wp-content\/uploads\/2021\/09\/lombards-au-nom-de-justinien-ier-demi-silique.jpg","contentUrl":"https:\/\/odysseus-numismatique.com\/wp-content\/uploads\/2021\/09\/lombards-au-nom-de-justinien-ier-demi-silique.jpg","width":1500,"height":750,"caption":"Odysseus Numismatique Monnaies Peuples Barbares LOMBARDS - AU NOM DE JUSTINIEN Ier \u2022 Demi Silique"},{"@type":"BreadcrumbList","@id":"https:\/\/odysseus-numismatique.com\/article\/lombards-au-nom-de-justinien-ier-demi-silique\/#breadcrumb","itemListElement":[{"@type":"ListItem","position":1,"name":"Accueil","item":"https:\/\/odysseus-numismatique.com\/"},{"@type":"ListItem","position":2,"name":"Boutique","item":"https:\/\/odysseus-numismatique.com\/en\/boutique\/"},{"@type":"ListItem","position":3,"name":"LOMBARDS &#8211; AU NOM DE JUSTINIEN Ier Demi Silique"}]},{"@type":"WebSite","@id":"https:\/\/odysseus-numismatique.com\/#website","url":"https:\/\/odysseus-numismatique.com\/","name":"Odysseus","description":"Numismatics","publisher":{"@id":"https:\/\/odysseus-numismatique.com\/#organization"},"potentialAction":[{"@type":"SearchAction","target":{"@type":"EntryPoint","urlTemplate":"https:\/\/odysseus-numismatique.com\/?s={search_term_string}"},"query-input":{"@type":"PropertyValueSpecification","valueRequired":true,"valueName":"search_term_string"}}],"inLanguage":"en-GB"},{"@type":"Organization","@id":"https:\/\/odysseus-numismatique.com\/#organization","name":"Odysseus","url":"https:\/\/odysseus-numismatique.com\/","logo":{"@type":"ImageObject","inLanguage":"en-GB","@id":"https:\/\/odysseus-numismatique.com\/#\/schema\/logo\/image\/","url":"https:\/\/odysseus-numismatique.com\/wp-content\/uploads\/2019\/04\/odysseus-numismatique.png","contentUrl":"https:\/\/odysseus-numismatique.com\/wp-content\/uploads\/2019\/04\/odysseus-numismatique.png","width":500,"height":500,"caption":"Odysseus"},"image":{"@id":"https:\/\/odysseus-numismatique.com\/#\/schema\/logo\/image\/"}}]}},"_links":{"self":[{"href":"https:\/\/odysseus-numismatique.com\/en\/wp-json\/wp\/v2\/product\/11489","targetHints":{"allow":["GET"]}}],"collection":[{"href":"https:\/\/odysseus-numismatique.com\/en\/wp-json\/wp\/v2\/product"}],"about":[{"href":"https:\/\/odysseus-numismatique.com\/en\/wp-json\/wp\/v2\/types\/product"}],"wp:featuredmedia":[{"embeddable":true,"href":"https:\/\/odysseus-numismatique.com\/en\/wp-json\/wp\/v2\/media\/11725"}],"wp:attachment":[{"href":"https:\/\/odysseus-numismatique.com\/en\/wp-json\/wp\/v2\/media?parent=11489"}],"wp:term":[{"taxonomy":"product_brand","embeddable":true,"href":"https:\/\/odysseus-numismatique.com\/en\/wp-json\/wp\/v2\/product_brand?post=11489"},{"taxonomy":"product_cat","embeddable":true,"href":"https:\/\/odysseus-numismatique.com\/en\/wp-json\/wp\/v2\/product_cat?post=11489"},{"taxonomy":"product_tag","embeddable":true,"href":"https:\/\/odysseus-numismatique.com\/en\/wp-json\/wp\/v2\/product_tag?post=11489"}],"curies":[{"name":"wp","href":"https:\/\/api.w.org\/{rel}","templated":true}]}}