{"id":11487,"date":"2021-09-18T16:29:02","date_gmt":"2021-09-18T14:29:02","guid":{"rendered":"https:\/\/odysseus-numismatique.com\/?post_type=product&#038;p=11487"},"modified":"2025-03-18T01:00:55","modified_gmt":"2025-03-18T00:00:55","slug":"empire-byzantin-anastase-ier-tremissis","status":"publish","type":"product","link":"https:\/\/odysseus-numismatique.com\/en\/article\/empire-byzantin-anastase-ier-tremissis\/","title":{"rendered":"BYZANTINE EMPIRE \u2013 ANASTASIUS I <br \/> Tremissis"},"content":{"rendered":"<style>\n.tableproduct {border-collapse:none}\n.tableproduct td {border:none!important; padding:10px}\n.tableproduct .odd td {background-color:#424242}\n.tableproduct .even td {background-color:#3a3a3a}\n.tableproduct .column-1 {text-transform:uppercase; font-weight:bold; font-size:0.75em; width:20%}\n.tableproduct .column-2 {font-size:1em}\n<\/style>\n<table class=\"tableproduct\">\n<tr class=\"row-1 odd\">\n<td class=\"column-1\">Obverse<\/td>\n<td class=\"column-2\">D N ANASTASIVS P P AVG<br \/>\nBuste diad\u00e9m\u00e9, drap\u00e9 et cuirass\u00e9 \u00e0 droite<\/td>\n<\/tr>\n<tr class=\"row-2 even\">\n<td class=\"column-1\">Reverse<\/td>\n<td class=\"column-2\">VICTORIA AVGVSTORVM<br \/>\nVictoire avan\u00e7ant \u00e0 droite, la t\u00eate tourn\u00e9e \u00e0 gauche, tenant une couronne et un globe crucig\u00e8re, \u00e9toile dans le champ \u00e0 droite, CONOB \u00e0 l&rsquo;exergue<\/td>\n<\/tr>\n<tr class=\"row-3 odd\">\n<td class=\"column-1\">Denomination<\/td>\n<td class=\"column-2\">Tremissis or Triens<\/td>\n<\/tr>\n<tr class=\"row-4 even\">\n<td class=\"column-1\">Date<\/td>\n<td class=\"column-2\">AD 491-518<\/td>\n<\/tr>\n<tr class=\"row-5 odd\">\n<td class=\"column-1\">Mint<\/td>\n<td class=\"column-2\">Constantinople<\/td>\n<\/tr>\n<tr class=\"row-6 even\">\n<td class=\"column-1\">Metal<\/td>\n<td class=\"column-2\">Gold<\/td>\n<\/tr>\n<tr class=\"row-7 odd\">\n<td class=\"column-1\">Weight<\/td>\n<td class=\"column-2\">1.47 g<\/td>\n<\/tr>\n<tr class=\"row-8 even\">\n<td class=\"column-1\">Diameter<\/td>\n<td class=\"column-2\">15.1 mm<\/td>\n<\/tr>\n<tr class=\"row-9 odd\">\n<td class=\"column-1\">Reference<\/td>\n<td class=\"column-2\">DOC 10a &#8211; Sear 8<\/td>\n<\/tr>\n<tr class=\"row-10 even\">\n<td class=\"column-1\">Condition<\/td>\n<td class=\"column-2\">VF<\/td>\n<\/tr>\n<\/table>","protected":false},"excerpt":{"rendered":"<p>Avers D N ANASTASIVS P P AVG Buste diad\u00e9m\u00e9, drap\u00e9 et cuirass\u00e9 \u00e0 droite Revers VICTORIA AVGVSTORVM Victoire avan\u00e7ant \u00e0 droite, la t\u00eate tourn\u00e9e \u00e0 gauche, tenant une couronne et un globe crucig\u00e8re, \u00e9toile dans le champ \u00e0 droite, CONOB \u00e0 l&rsquo;exergue Module Tr\u00e9missis ou Triens Date 491-518 ap. J.-C. Atelier Constantinople M\u00e9tal Or Poids [&hellip;]<\/p>\n","protected":false},"featured_media":11488,"template":"","meta":[],"product_brand":[],"product_cat":[15],"product_tag":[235,394],"class_list":{"0":"post-11487","1":"product","2":"type-product","3":"status-publish","4":"has-post-thumbnail","6":"product_cat-vendus","7":"product_tag-monnaies-byzantines","8":"product_tag-numismatique","9":"pa_metal-or","10":"pa_module-tremissis","12":"first","13":"outofstock","14":"sold-individually","15":"shipping-taxable","16":"purchasable","17":"product-type-simple"},"yoast_head":"<!-- This site is optimized with the Yoast SEO plugin v27.2 - https:\/\/yoast.com\/product\/yoast-seo-wordpress\/ -->\n<title>EMPIRE BYZANTIN - ANASTASE Ier \u2022 Tr\u00e9missis &#8226; Odysseus<\/title>\n<meta name=\"robots\" content=\"index, follow, max-snippet:-1, max-image-preview:large, max-video-preview:-1\" \/>\n<link rel=\"canonical\" href=\"https:\/\/odysseus-numismatique.com\/en\/article\/empire-byzantin-anastase-ier-tremissis\/\" \/>\n<meta property=\"og:locale\" content=\"en_GB\" \/>\n<meta property=\"og:type\" content=\"article\" \/>\n<meta property=\"og:title\" content=\"EMPIRE BYZANTIN - ANASTASE Ier \u2022 Tr\u00e9missis &#8226; Odysseus\" \/>\n<meta property=\"og:description\" content=\"Avers D N ANASTASIVS P P AVG Buste diad\u00e9m\u00e9, drap\u00e9 et cuirass\u00e9 \u00e0 droite Revers VICTORIA AVGVSTORVM Victoire avan\u00e7ant \u00e0 droite, la t\u00eate tourn\u00e9e \u00e0 gauche, tenant une couronne et un globe crucig\u00e8re, \u00e9toile dans le champ \u00e0 droite, CONOB \u00e0 l&rsquo;exergue Module Tr\u00e9missis ou Triens Date 491-518 ap. J.-C. Atelier Constantinople M\u00e9tal Or Poids [&hellip;]\" \/>\n<meta property=\"og:url\" content=\"https:\/\/odysseus-numismatique.com\/en\/article\/empire-byzantin-anastase-ier-tremissis\/\" \/>\n<meta property=\"og:site_name\" content=\"Odysseus\" \/>\n<meta property=\"article:modified_time\" content=\"2025-03-18T00:00:55+00:00\" \/>\n<meta property=\"og:image\" content=\"https:\/\/odysseus-numismatique.com\/wp-content\/uploads\/2021\/09\/empire-byzantin-anastase-ier-tremissis.jpg\" \/>\n\t<meta property=\"og:image:width\" content=\"1500\" \/>\n\t<meta property=\"og:image:height\" content=\"750\" \/>\n\t<meta property=\"og:image:type\" content=\"image\/jpeg\" \/>\n<meta name=\"twitter:card\" content=\"summary_large_image\" \/>\n<script type=\"application\/ld+json\" class=\"yoast-schema-graph\">{\"@context\":\"https:\/\/schema.org\",\"@graph\":[{\"@type\":\"WebPage\",\"@id\":\"https:\/\/odysseus-numismatique.com\/article\/empire-byzantin-anastase-ier-tremissis\/\",\"url\":\"https:\/\/odysseus-numismatique.com\/article\/empire-byzantin-anastase-ier-tremissis\/\",\"name\":\"EMPIRE BYZANTIN - ANASTASE Ier \u2022 Tr\u00e9missis &#8226; Odysseus\",\"isPartOf\":{\"@id\":\"https:\/\/odysseus-numismatique.com\/#website\"},\"primaryImageOfPage\":{\"@id\":\"https:\/\/odysseus-numismatique.com\/article\/empire-byzantin-anastase-ier-tremissis\/#primaryimage\"},\"image\":{\"@id\":\"https:\/\/odysseus-numismatique.com\/article\/empire-byzantin-anastase-ier-tremissis\/#primaryimage\"},\"thumbnailUrl\":\"https:\/\/odysseus-numismatique.com\/wp-content\/uploads\/2021\/09\/empire-byzantin-anastase-ier-tremissis.jpg\",\"datePublished\":\"2021-09-18T14:29:02+00:00\",\"dateModified\":\"2025-03-18T00:00:55+00:00\",\"breadcrumb\":{\"@id\":\"https:\/\/odysseus-numismatique.com\/article\/empire-byzantin-anastase-ier-tremissis\/#breadcrumb\"},\"inLanguage\":\"en-GB\",\"potentialAction\":[{\"@type\":\"ReadAction\",\"target\":[\"https:\/\/odysseus-numismatique.com\/article\/empire-byzantin-anastase-ier-tremissis\/\"]}]},{\"@type\":\"ImageObject\",\"inLanguage\":\"en-GB\",\"@id\":\"https:\/\/odysseus-numismatique.com\/article\/empire-byzantin-anastase-ier-tremissis\/#primaryimage\",\"url\":\"https:\/\/odysseus-numismatique.com\/wp-content\/uploads\/2021\/09\/empire-byzantin-anastase-ier-tremissis.jpg\",\"contentUrl\":\"https:\/\/odysseus-numismatique.com\/wp-content\/uploads\/2021\/09\/empire-byzantin-anastase-ier-tremissis.jpg\",\"width\":1500,\"height\":750,\"caption\":\"Odysseus Numismatique Monnaies Byzantines EMPIRE BYZANTIN - ANASTASE Ier \u2022 Tr\u00e9missis\"},{\"@type\":\"BreadcrumbList\",\"@id\":\"https:\/\/odysseus-numismatique.com\/article\/empire-byzantin-anastase-ier-tremissis\/#breadcrumb\",\"itemListElement\":[{\"@type\":\"ListItem\",\"position\":1,\"name\":\"Accueil\",\"item\":\"https:\/\/odysseus-numismatique.com\/\"},{\"@type\":\"ListItem\",\"position\":2,\"name\":\"Boutique\",\"item\":\"https:\/\/odysseus-numismatique.com\/en\/boutique\/\"},{\"@type\":\"ListItem\",\"position\":3,\"name\":\"EMPIRE BYZANTIN &#8211; ANASTASE Ier Tr\u00e9missis\"}]},{\"@type\":\"WebSite\",\"@id\":\"https:\/\/odysseus-numismatique.com\/#website\",\"url\":\"https:\/\/odysseus-numismatique.com\/\",\"name\":\"Odysseus\",\"description\":\"Numismatique\",\"publisher\":{\"@id\":\"https:\/\/odysseus-numismatique.com\/#organization\"},\"potentialAction\":[{\"@type\":\"SearchAction\",\"target\":{\"@type\":\"EntryPoint\",\"urlTemplate\":\"https:\/\/odysseus-numismatique.com\/?s={search_term_string}\"},\"query-input\":{\"@type\":\"PropertyValueSpecification\",\"valueRequired\":true,\"valueName\":\"search_term_string\"}}],\"inLanguage\":\"en-GB\"},{\"@type\":\"Organization\",\"@id\":\"https:\/\/odysseus-numismatique.com\/#organization\",\"name\":\"Odysseus\",\"url\":\"https:\/\/odysseus-numismatique.com\/\",\"logo\":{\"@type\":\"ImageObject\",\"inLanguage\":\"en-GB\",\"@id\":\"https:\/\/odysseus-numismatique.com\/#\/schema\/logo\/image\/\",\"url\":\"https:\/\/odysseus-numismatique.com\/wp-content\/uploads\/2019\/04\/odysseus-numismatique.png\",\"contentUrl\":\"https:\/\/odysseus-numismatique.com\/wp-content\/uploads\/2019\/04\/odysseus-numismatique.png\",\"width\":500,\"height\":500,\"caption\":\"Odysseus\"},\"image\":{\"@id\":\"https:\/\/odysseus-numismatique.com\/#\/schema\/logo\/image\/\"}}]}<\/script>\n<!-- \/ Yoast SEO plugin. -->","yoast_head_json":{"title":"EMPIRE BYZANTIN - ANASTASE Ier \u2022 Tr\u00e9missis &#8226; Odysseus","robots":{"index":"index","follow":"follow","max-snippet":"max-snippet:-1","max-image-preview":"max-image-preview:large","max-video-preview":"max-video-preview:-1"},"canonical":"https:\/\/odysseus-numismatique.com\/en\/article\/empire-byzantin-anastase-ier-tremissis\/","og_locale":"en_GB","og_type":"article","og_title":"EMPIRE BYZANTIN - ANASTASE Ier \u2022 Tr\u00e9missis &#8226; Odysseus","og_description":"Avers D N ANASTASIVS P P AVG Buste diad\u00e9m\u00e9, drap\u00e9 et cuirass\u00e9 \u00e0 droite Revers VICTORIA AVGVSTORVM Victoire avan\u00e7ant \u00e0 droite, la t\u00eate tourn\u00e9e \u00e0 gauche, tenant une couronne et un globe crucig\u00e8re, \u00e9toile dans le champ \u00e0 droite, CONOB \u00e0 l&rsquo;exergue Module Tr\u00e9missis ou Triens Date 491-518 ap. J.-C. Atelier Constantinople M\u00e9tal Or Poids [&hellip;]","og_url":"https:\/\/odysseus-numismatique.com\/en\/article\/empire-byzantin-anastase-ier-tremissis\/","og_site_name":"Odysseus","article_modified_time":"2025-03-18T00:00:55+00:00","og_image":[{"width":1500,"height":750,"url":"https:\/\/odysseus-numismatique.com\/wp-content\/uploads\/2021\/09\/empire-byzantin-anastase-ier-tremissis.jpg","type":"image\/jpeg"}],"twitter_card":"summary_large_image","schema":{"@context":"https:\/\/schema.org","@graph":[{"@type":"WebPage","@id":"https:\/\/odysseus-numismatique.com\/article\/empire-byzantin-anastase-ier-tremissis\/","url":"https:\/\/odysseus-numismatique.com\/article\/empire-byzantin-anastase-ier-tremissis\/","name":"EMPIRE BYZANTIN - ANASTASE Ier \u2022 Tr\u00e9missis &#8226; Odysseus","isPartOf":{"@id":"https:\/\/odysseus-numismatique.com\/#website"},"primaryImageOfPage":{"@id":"https:\/\/odysseus-numismatique.com\/article\/empire-byzantin-anastase-ier-tremissis\/#primaryimage"},"image":{"@id":"https:\/\/odysseus-numismatique.com\/article\/empire-byzantin-anastase-ier-tremissis\/#primaryimage"},"thumbnailUrl":"https:\/\/odysseus-numismatique.com\/wp-content\/uploads\/2021\/09\/empire-byzantin-anastase-ier-tremissis.jpg","datePublished":"2021-09-18T14:29:02+00:00","dateModified":"2025-03-18T00:00:55+00:00","breadcrumb":{"@id":"https:\/\/odysseus-numismatique.com\/article\/empire-byzantin-anastase-ier-tremissis\/#breadcrumb"},"inLanguage":"en-GB","potentialAction":[{"@type":"ReadAction","target":["https:\/\/odysseus-numismatique.com\/article\/empire-byzantin-anastase-ier-tremissis\/"]}]},{"@type":"ImageObject","inLanguage":"en-GB","@id":"https:\/\/odysseus-numismatique.com\/article\/empire-byzantin-anastase-ier-tremissis\/#primaryimage","url":"https:\/\/odysseus-numismatique.com\/wp-content\/uploads\/2021\/09\/empire-byzantin-anastase-ier-tremissis.jpg","contentUrl":"https:\/\/odysseus-numismatique.com\/wp-content\/uploads\/2021\/09\/empire-byzantin-anastase-ier-tremissis.jpg","width":1500,"height":750,"caption":"Odysseus Numismatique Monnaies Byzantines EMPIRE BYZANTIN - ANASTASE Ier \u2022 Tr\u00e9missis"},{"@type":"BreadcrumbList","@id":"https:\/\/odysseus-numismatique.com\/article\/empire-byzantin-anastase-ier-tremissis\/#breadcrumb","itemListElement":[{"@type":"ListItem","position":1,"name":"Accueil","item":"https:\/\/odysseus-numismatique.com\/"},{"@type":"ListItem","position":2,"name":"Boutique","item":"https:\/\/odysseus-numismatique.com\/en\/boutique\/"},{"@type":"ListItem","position":3,"name":"EMPIRE BYZANTIN &#8211; ANASTASE Ier Tr\u00e9missis"}]},{"@type":"WebSite","@id":"https:\/\/odysseus-numismatique.com\/#website","url":"https:\/\/odysseus-numismatique.com\/","name":"Odysseus","description":"Numismatics","publisher":{"@id":"https:\/\/odysseus-numismatique.com\/#organization"},"potentialAction":[{"@type":"SearchAction","target":{"@type":"EntryPoint","urlTemplate":"https:\/\/odysseus-numismatique.com\/?s={search_term_string}"},"query-input":{"@type":"PropertyValueSpecification","valueRequired":true,"valueName":"search_term_string"}}],"inLanguage":"en-GB"},{"@type":"Organization","@id":"https:\/\/odysseus-numismatique.com\/#organization","name":"Odysseus","url":"https:\/\/odysseus-numismatique.com\/","logo":{"@type":"ImageObject","inLanguage":"en-GB","@id":"https:\/\/odysseus-numismatique.com\/#\/schema\/logo\/image\/","url":"https:\/\/odysseus-numismatique.com\/wp-content\/uploads\/2019\/04\/odysseus-numismatique.png","contentUrl":"https:\/\/odysseus-numismatique.com\/wp-content\/uploads\/2019\/04\/odysseus-numismatique.png","width":500,"height":500,"caption":"Odysseus"},"image":{"@id":"https:\/\/odysseus-numismatique.com\/#\/schema\/logo\/image\/"}}]}},"_links":{"self":[{"href":"https:\/\/odysseus-numismatique.com\/en\/wp-json\/wp\/v2\/product\/11487","targetHints":{"allow":["GET"]}}],"collection":[{"href":"https:\/\/odysseus-numismatique.com\/en\/wp-json\/wp\/v2\/product"}],"about":[{"href":"https:\/\/odysseus-numismatique.com\/en\/wp-json\/wp\/v2\/types\/product"}],"wp:featuredmedia":[{"embeddable":true,"href":"https:\/\/odysseus-numismatique.com\/en\/wp-json\/wp\/v2\/media\/11488"}],"wp:attachment":[{"href":"https:\/\/odysseus-numismatique.com\/en\/wp-json\/wp\/v2\/media?parent=11487"}],"wp:term":[{"taxonomy":"product_brand","embeddable":true,"href":"https:\/\/odysseus-numismatique.com\/en\/wp-json\/wp\/v2\/product_brand?post=11487"},{"taxonomy":"product_cat","embeddable":true,"href":"https:\/\/odysseus-numismatique.com\/en\/wp-json\/wp\/v2\/product_cat?post=11487"},{"taxonomy":"product_tag","embeddable":true,"href":"https:\/\/odysseus-numismatique.com\/en\/wp-json\/wp\/v2\/product_tag?post=11487"}],"curies":[{"name":"wp","href":"https:\/\/api.w.org\/{rel}","templated":true}]}}