{"id":1133,"date":"2019-04-03T19:40:58","date_gmt":"2019-04-03T17:40:58","guid":{"rendered":"https:\/\/odysseus-numismatique.com\/?post_type=product&#038;p=1133"},"modified":"2025-03-17T23:49:43","modified_gmt":"2025-03-17T22:49:43","slug":"collections-de-feu-m-le-comte-de-la-beraudiere-rollin-feuardent-1885","status":"publish","type":"product","link":"https:\/\/odysseus-numismatique.com\/en\/article\/collections-de-feu-m-le-comte-de-la-beraudiere-rollin-feuardent-1885\/","title":{"rendered":"COLLECTIONS DE FEU M. LE COMTE DE LA B\u00c9RAUDI\u00c8RE <br \/> Rollin &#038; Feuardent 1885"},"content":{"rendered":"<style>\n.tableproduct {border-collapse:none}\n.tableproduct td {border:none!important; padding:10px}\n.tableproduct .odd td {background-color:#424242}\n.tableproduct .even td {background-color:#3a3a3a}\n.tableproduct .column-1 {text-transform:uppercase; font-weight:bold; font-size:0.75em; width:20%}\n.tableproduct .column-2 {font-size:1em}\n<\/style>\n<table class=\"tableproduct\">\n<tr class=\"row-1 odd\">\n<td class=\"column-1\">Full Title<\/td>\n<td class=\"column-2\">Catalogue des Tableaux Anciens, Dessins, Gravures, Objets d&rsquo;Arts et de Haute Curiosit\u00e9 du Moyen \u00c2ge, de la Renaissance et des Temps Modernes, M\u00e9dailles, Livres, Riche Mobilier du XVIIIe Si\u00e8cle composant les Collections de Feu M. le Comte de la B\u00e9raudi\u00e8re<\/td>\n<\/tr>\n<tr class=\"row-2 even\">\n<td class=\"column-1\">Expert<\/td>\n<td class=\"column-2\">Rollin &#038; Feuardent<\/td>\n<\/tr>\n<tr class=\"row-3 odd\">\n<td class=\"column-1\">Auction house<\/td>\n<td class=\"column-2\">H\u00f4tel de la B\u00e9raudi\u00e8re (Paris)<\/td>\n<\/tr>\n<tr class=\"row-4 even\">\n<td class=\"column-1\">Date<\/td>\n<td class=\"column-2\">18-30 Mai 1885<\/td>\n<\/tr>\n<tr class=\"row-5 odd\">\n<td class=\"column-1\">Language<\/td>\n<td class=\"column-2\">Fran\u00e7ais<\/td>\n<\/tr>\n<tr class=\"row-6 even\">\n<td class=\"column-1\">Pages<\/td>\n<td class=\"column-2\">182 pages &#8211; 1175 num\u00e9ros<\/td>\n<\/tr>\n<tr class=\"row-7 odd\">\n<td class=\"column-1\">Specifications<\/td>\n<td class=\"column-2\">Broch\u00e9 &#8211; 175 x 270 mm<\/td>\n<\/tr>\n<tr class=\"row-8 even\">\n<td class=\"column-1\">Condition<\/td>\n<td class=\"column-2\">Bon \u00e9tat, 4e de couverture \u00e9corn\u00e9e<\/td>\n<\/tr>\n<\/table>","protected":false},"excerpt":{"rendered":"<p>Titre complet Catalogue des Tableaux Anciens, Dessins, Gravures, Objets d&rsquo;Arts et de Haute Curiosit\u00e9 du Moyen \u00c2ge, de la Renaissance et des Temps Modernes, M\u00e9dailles, Livres, Riche Mobilier du XVIIIe Si\u00e8cle composant les Collections de Feu M. le Comte de la B\u00e9raudi\u00e8re Expert Rollin &#038; Feuardent Maison de vente H\u00f4tel de la B\u00e9raudi\u00e8re (Paris) Date [&hellip;]<\/p>\n","protected":false},"featured_media":20709,"template":"","meta":[],"product_brand":[],"product_cat":[388],"product_tag":[166,393,389,165],"class_list":{"0":"post-1133","1":"product","2":"type-product","3":"status-publish","4":"has-post-thumbnail","6":"product_cat-archives-librairie","7":"product_tag-catalogues-de-vente","8":"product_tag-librairie","9":"product_tag-livres-anciens","10":"product_tag-livres-archeologie","12":"first","13":"outofstock","14":"sold-individually","15":"shipping-taxable","16":"purchasable","17":"product-type-simple"},"yoast_head":"<!-- This site is optimized with the Yoast SEO plugin v27.2 - https:\/\/yoast.com\/product\/yoast-seo-wordpress\/ -->\n<title>COLLECTIONS DE FEU M. LE COMTE DE LA B\u00c9RAUDI\u00c8RE \u2022 Rollin &amp; Feuardent 1885 &#8226; Odysseus<\/title>\n<meta name=\"robots\" content=\"index, follow, max-snippet:-1, max-image-preview:large, max-video-preview:-1\" \/>\n<link rel=\"canonical\" href=\"https:\/\/odysseus-numismatique.com\/en\/article\/collections-de-feu-m-le-comte-de-la-beraudiere-rollin-feuardent-1885\/\" \/>\n<meta property=\"og:locale\" content=\"en_GB\" \/>\n<meta property=\"og:type\" content=\"article\" \/>\n<meta property=\"og:title\" content=\"COLLECTIONS DE FEU M. LE COMTE DE LA B\u00c9RAUDI\u00c8RE \u2022 Rollin &amp; Feuardent 1885 &#8226; Odysseus\" \/>\n<meta property=\"og:description\" content=\"Titre complet Catalogue des Tableaux Anciens, Dessins, Gravures, Objets d&rsquo;Arts et de Haute Curiosit\u00e9 du Moyen \u00c2ge, de la Renaissance et des Temps Modernes, M\u00e9dailles, Livres, Riche Mobilier du XVIIIe Si\u00e8cle composant les Collections de Feu M. le Comte de la B\u00e9raudi\u00e8re Expert Rollin &#038; Feuardent Maison de vente H\u00f4tel de la B\u00e9raudi\u00e8re (Paris) Date [&hellip;]\" \/>\n<meta property=\"og:url\" content=\"https:\/\/odysseus-numismatique.com\/en\/article\/collections-de-feu-m-le-comte-de-la-beraudiere-rollin-feuardent-1885\/\" \/>\n<meta property=\"og:site_name\" content=\"Odysseus\" \/>\n<meta property=\"article:modified_time\" content=\"2025-03-17T22:49:43+00:00\" \/>\n<meta property=\"og:image\" content=\"https:\/\/odysseus-numismatique.com\/wp-content\/uploads\/2019\/04\/collections-de-feu-m-le-comte-de-la-beraudiere-rollin-feuardent-1885.jpg\" \/>\n\t<meta property=\"og:image:width\" content=\"1500\" \/>\n\t<meta property=\"og:image:height\" content=\"750\" \/>\n\t<meta property=\"og:image:type\" content=\"image\/jpeg\" \/>\n<meta name=\"twitter:card\" content=\"summary_large_image\" \/>\n<meta name=\"twitter:label1\" content=\"Estimated reading time\" \/>\n\t<meta name=\"twitter:data1\" content=\"1 minute\" \/>\n<script type=\"application\/ld+json\" class=\"yoast-schema-graph\">{\"@context\":\"https:\/\/schema.org\",\"@graph\":[{\"@type\":\"WebPage\",\"@id\":\"https:\/\/odysseus-numismatique.com\/article\/collections-de-feu-m-le-comte-de-la-beraudiere-rollin-feuardent-1885\/\",\"url\":\"https:\/\/odysseus-numismatique.com\/article\/collections-de-feu-m-le-comte-de-la-beraudiere-rollin-feuardent-1885\/\",\"name\":\"COLLECTIONS DE FEU M. LE COMTE DE LA B\u00c9RAUDI\u00c8RE \u2022 Rollin & Feuardent 1885 &#8226; Odysseus\",\"isPartOf\":{\"@id\":\"https:\/\/odysseus-numismatique.com\/#website\"},\"primaryImageOfPage\":{\"@id\":\"https:\/\/odysseus-numismatique.com\/article\/collections-de-feu-m-le-comte-de-la-beraudiere-rollin-feuardent-1885\/#primaryimage\"},\"image\":{\"@id\":\"https:\/\/odysseus-numismatique.com\/article\/collections-de-feu-m-le-comte-de-la-beraudiere-rollin-feuardent-1885\/#primaryimage\"},\"thumbnailUrl\":\"https:\/\/odysseus-numismatique.com\/wp-content\/uploads\/2019\/04\/collections-de-feu-m-le-comte-de-la-beraudiere-rollin-feuardent-1885.jpg\",\"datePublished\":\"2019-04-03T17:40:58+00:00\",\"dateModified\":\"2025-03-17T22:49:43+00:00\",\"breadcrumb\":{\"@id\":\"https:\/\/odysseus-numismatique.com\/article\/collections-de-feu-m-le-comte-de-la-beraudiere-rollin-feuardent-1885\/#breadcrumb\"},\"inLanguage\":\"en-GB\",\"potentialAction\":[{\"@type\":\"ReadAction\",\"target\":[\"https:\/\/odysseus-numismatique.com\/article\/collections-de-feu-m-le-comte-de-la-beraudiere-rollin-feuardent-1885\/\"]}]},{\"@type\":\"ImageObject\",\"inLanguage\":\"en-GB\",\"@id\":\"https:\/\/odysseus-numismatique.com\/article\/collections-de-feu-m-le-comte-de-la-beraudiere-rollin-feuardent-1885\/#primaryimage\",\"url\":\"https:\/\/odysseus-numismatique.com\/wp-content\/uploads\/2019\/04\/collections-de-feu-m-le-comte-de-la-beraudiere-rollin-feuardent-1885.jpg\",\"contentUrl\":\"https:\/\/odysseus-numismatique.com\/wp-content\/uploads\/2019\/04\/collections-de-feu-m-le-comte-de-la-beraudiere-rollin-feuardent-1885.jpg\",\"width\":1500,\"height\":750,\"caption\":\"Odysseus Numismatique Livres Catalogues de Vente Arch\u00e9ologie COLLECTIONS DE FEU M. LE COMTE DE LA B\u00c9RAUDI\u00c8RE \u2022 Rollin & Feuardent 1885\"},{\"@type\":\"BreadcrumbList\",\"@id\":\"https:\/\/odysseus-numismatique.com\/article\/collections-de-feu-m-le-comte-de-la-beraudiere-rollin-feuardent-1885\/#breadcrumb\",\"itemListElement\":[{\"@type\":\"ListItem\",\"position\":1,\"name\":\"Accueil\",\"item\":\"https:\/\/odysseus-numismatique.com\/\"},{\"@type\":\"ListItem\",\"position\":2,\"name\":\"Boutique\",\"item\":\"https:\/\/odysseus-numismatique.com\/en\/boutique\/\"},{\"@type\":\"ListItem\",\"position\":3,\"name\":\"COLLECTIONS DE FEU M. LE COMTE DE LA B\u00c9RAUDI\u00c8RE Rollin &#038; Feuardent 1885\"}]},{\"@type\":\"WebSite\",\"@id\":\"https:\/\/odysseus-numismatique.com\/#website\",\"url\":\"https:\/\/odysseus-numismatique.com\/\",\"name\":\"Odysseus\",\"description\":\"Numismatique\",\"publisher\":{\"@id\":\"https:\/\/odysseus-numismatique.com\/#organization\"},\"potentialAction\":[{\"@type\":\"SearchAction\",\"target\":{\"@type\":\"EntryPoint\",\"urlTemplate\":\"https:\/\/odysseus-numismatique.com\/?s={search_term_string}\"},\"query-input\":{\"@type\":\"PropertyValueSpecification\",\"valueRequired\":true,\"valueName\":\"search_term_string\"}}],\"inLanguage\":\"en-GB\"},{\"@type\":\"Organization\",\"@id\":\"https:\/\/odysseus-numismatique.com\/#organization\",\"name\":\"Odysseus\",\"url\":\"https:\/\/odysseus-numismatique.com\/\",\"logo\":{\"@type\":\"ImageObject\",\"inLanguage\":\"en-GB\",\"@id\":\"https:\/\/odysseus-numismatique.com\/#\/schema\/logo\/image\/\",\"url\":\"https:\/\/odysseus-numismatique.com\/wp-content\/uploads\/2019\/04\/odysseus-numismatique.png\",\"contentUrl\":\"https:\/\/odysseus-numismatique.com\/wp-content\/uploads\/2019\/04\/odysseus-numismatique.png\",\"width\":500,\"height\":500,\"caption\":\"Odysseus\"},\"image\":{\"@id\":\"https:\/\/odysseus-numismatique.com\/#\/schema\/logo\/image\/\"}}]}<\/script>\n<!-- \/ Yoast SEO plugin. -->","yoast_head_json":{"title":"COLLECTIONS DE FEU M. LE COMTE DE LA B\u00c9RAUDI\u00c8RE \u2022 Rollin & Feuardent 1885 &#8226; Odysseus","robots":{"index":"index","follow":"follow","max-snippet":"max-snippet:-1","max-image-preview":"max-image-preview:large","max-video-preview":"max-video-preview:-1"},"canonical":"https:\/\/odysseus-numismatique.com\/en\/article\/collections-de-feu-m-le-comte-de-la-beraudiere-rollin-feuardent-1885\/","og_locale":"en_GB","og_type":"article","og_title":"COLLECTIONS DE FEU M. LE COMTE DE LA B\u00c9RAUDI\u00c8RE \u2022 Rollin & Feuardent 1885 &#8226; Odysseus","og_description":"Titre complet Catalogue des Tableaux Anciens, Dessins, Gravures, Objets d&rsquo;Arts et de Haute Curiosit\u00e9 du Moyen \u00c2ge, de la Renaissance et des Temps Modernes, M\u00e9dailles, Livres, Riche Mobilier du XVIIIe Si\u00e8cle composant les Collections de Feu M. le Comte de la B\u00e9raudi\u00e8re Expert Rollin &#038; Feuardent Maison de vente H\u00f4tel de la B\u00e9raudi\u00e8re (Paris) Date [&hellip;]","og_url":"https:\/\/odysseus-numismatique.com\/en\/article\/collections-de-feu-m-le-comte-de-la-beraudiere-rollin-feuardent-1885\/","og_site_name":"Odysseus","article_modified_time":"2025-03-17T22:49:43+00:00","og_image":[{"width":1500,"height":750,"url":"https:\/\/odysseus-numismatique.com\/wp-content\/uploads\/2019\/04\/collections-de-feu-m-le-comte-de-la-beraudiere-rollin-feuardent-1885.jpg","type":"image\/jpeg"}],"twitter_card":"summary_large_image","twitter_misc":{"Estimated reading time":"1 minute"},"schema":{"@context":"https:\/\/schema.org","@graph":[{"@type":"WebPage","@id":"https:\/\/odysseus-numismatique.com\/article\/collections-de-feu-m-le-comte-de-la-beraudiere-rollin-feuardent-1885\/","url":"https:\/\/odysseus-numismatique.com\/article\/collections-de-feu-m-le-comte-de-la-beraudiere-rollin-feuardent-1885\/","name":"COLLECTIONS DE FEU M. LE COMTE DE LA B\u00c9RAUDI\u00c8RE \u2022 Rollin & Feuardent 1885 &#8226; Odysseus","isPartOf":{"@id":"https:\/\/odysseus-numismatique.com\/#website"},"primaryImageOfPage":{"@id":"https:\/\/odysseus-numismatique.com\/article\/collections-de-feu-m-le-comte-de-la-beraudiere-rollin-feuardent-1885\/#primaryimage"},"image":{"@id":"https:\/\/odysseus-numismatique.com\/article\/collections-de-feu-m-le-comte-de-la-beraudiere-rollin-feuardent-1885\/#primaryimage"},"thumbnailUrl":"https:\/\/odysseus-numismatique.com\/wp-content\/uploads\/2019\/04\/collections-de-feu-m-le-comte-de-la-beraudiere-rollin-feuardent-1885.jpg","datePublished":"2019-04-03T17:40:58+00:00","dateModified":"2025-03-17T22:49:43+00:00","breadcrumb":{"@id":"https:\/\/odysseus-numismatique.com\/article\/collections-de-feu-m-le-comte-de-la-beraudiere-rollin-feuardent-1885\/#breadcrumb"},"inLanguage":"en-GB","potentialAction":[{"@type":"ReadAction","target":["https:\/\/odysseus-numismatique.com\/article\/collections-de-feu-m-le-comte-de-la-beraudiere-rollin-feuardent-1885\/"]}]},{"@type":"ImageObject","inLanguage":"en-GB","@id":"https:\/\/odysseus-numismatique.com\/article\/collections-de-feu-m-le-comte-de-la-beraudiere-rollin-feuardent-1885\/#primaryimage","url":"https:\/\/odysseus-numismatique.com\/wp-content\/uploads\/2019\/04\/collections-de-feu-m-le-comte-de-la-beraudiere-rollin-feuardent-1885.jpg","contentUrl":"https:\/\/odysseus-numismatique.com\/wp-content\/uploads\/2019\/04\/collections-de-feu-m-le-comte-de-la-beraudiere-rollin-feuardent-1885.jpg","width":1500,"height":750,"caption":"Odysseus Numismatique Livres Catalogues de Vente Arch\u00e9ologie COLLECTIONS DE FEU M. LE COMTE DE LA B\u00c9RAUDI\u00c8RE \u2022 Rollin & Feuardent 1885"},{"@type":"BreadcrumbList","@id":"https:\/\/odysseus-numismatique.com\/article\/collections-de-feu-m-le-comte-de-la-beraudiere-rollin-feuardent-1885\/#breadcrumb","itemListElement":[{"@type":"ListItem","position":1,"name":"Accueil","item":"https:\/\/odysseus-numismatique.com\/"},{"@type":"ListItem","position":2,"name":"Boutique","item":"https:\/\/odysseus-numismatique.com\/en\/boutique\/"},{"@type":"ListItem","position":3,"name":"COLLECTIONS DE FEU M. LE COMTE DE LA B\u00c9RAUDI\u00c8RE Rollin &#038; Feuardent 1885"}]},{"@type":"WebSite","@id":"https:\/\/odysseus-numismatique.com\/#website","url":"https:\/\/odysseus-numismatique.com\/","name":"Odysseus","description":"Numismatics","publisher":{"@id":"https:\/\/odysseus-numismatique.com\/#organization"},"potentialAction":[{"@type":"SearchAction","target":{"@type":"EntryPoint","urlTemplate":"https:\/\/odysseus-numismatique.com\/?s={search_term_string}"},"query-input":{"@type":"PropertyValueSpecification","valueRequired":true,"valueName":"search_term_string"}}],"inLanguage":"en-GB"},{"@type":"Organization","@id":"https:\/\/odysseus-numismatique.com\/#organization","name":"Odysseus","url":"https:\/\/odysseus-numismatique.com\/","logo":{"@type":"ImageObject","inLanguage":"en-GB","@id":"https:\/\/odysseus-numismatique.com\/#\/schema\/logo\/image\/","url":"https:\/\/odysseus-numismatique.com\/wp-content\/uploads\/2019\/04\/odysseus-numismatique.png","contentUrl":"https:\/\/odysseus-numismatique.com\/wp-content\/uploads\/2019\/04\/odysseus-numismatique.png","width":500,"height":500,"caption":"Odysseus"},"image":{"@id":"https:\/\/odysseus-numismatique.com\/#\/schema\/logo\/image\/"}}]}},"_links":{"self":[{"href":"https:\/\/odysseus-numismatique.com\/en\/wp-json\/wp\/v2\/product\/1133","targetHints":{"allow":["GET"]}}],"collection":[{"href":"https:\/\/odysseus-numismatique.com\/en\/wp-json\/wp\/v2\/product"}],"about":[{"href":"https:\/\/odysseus-numismatique.com\/en\/wp-json\/wp\/v2\/types\/product"}],"wp:featuredmedia":[{"embeddable":true,"href":"https:\/\/odysseus-numismatique.com\/en\/wp-json\/wp\/v2\/media\/20709"}],"wp:attachment":[{"href":"https:\/\/odysseus-numismatique.com\/en\/wp-json\/wp\/v2\/media?parent=1133"}],"wp:term":[{"taxonomy":"product_brand","embeddable":true,"href":"https:\/\/odysseus-numismatique.com\/en\/wp-json\/wp\/v2\/product_brand?post=1133"},{"taxonomy":"product_cat","embeddable":true,"href":"https:\/\/odysseus-numismatique.com\/en\/wp-json\/wp\/v2\/product_cat?post=1133"},{"taxonomy":"product_tag","embeddable":true,"href":"https:\/\/odysseus-numismatique.com\/en\/wp-json\/wp\/v2\/product_tag?post=1133"}],"curies":[{"name":"wp","href":"https:\/\/api.w.org\/{rel}","templated":true}]}}