{"id":1109,"date":"2019-04-03T20:17:55","date_gmt":"2019-04-03T18:17:55","guid":{"rendered":"https:\/\/odysseus-numismatique.com\/?post_type=product&#038;p=1109"},"modified":"2025-03-17T23:48:51","modified_gmt":"2025-03-17T22:48:51","slug":"collection-pauvert-de-la-chapelle-intailles-et-camees-1899-babelon","status":"publish","type":"product","link":"https:\/\/odysseus-numismatique.com\/en\/article\/collection-pauvert-de-la-chapelle-intailles-et-camees-1899-babelon\/","title":{"rendered":"COLLECTION PAUVERT DE LA CHAPELLE &#8211; INTAILLES ET CAM\u00c9ES (1899) <br \/> Ernest Babelon"},"content":{"rendered":"<style>\n.tableproduct {border-collapse:none}\n.tableproduct td {border:none!important; padding:10px}\n.tableproduct .odd td {background-color:#424242}\n.tableproduct .even td {background-color:#3a3a3a}\n.tableproduct .column-1 {text-transform:uppercase; font-weight:bold; font-size:0.75em; width:20%}\n.tableproduct .column-2 {font-size:1em}\n<\/style>\n<table class=\"tableproduct\">\n<tr class=\"row-1 odd\">\n<td class=\"column-1\">Full Title<\/td>\n<td class=\"column-2\">Collection Pauvert de la Chapelle<br \/>\nIntailles et Cam\u00e9es donn\u00e9s au D\u00e9partement des M\u00e9dailles et Antiques de la Biblioth\u00e8que Nationale<\/td>\n<\/tr>\n<tr class=\"row-2 even\">\n<td class=\"column-1\">Author<\/td>\n<td class=\"column-2\">Ernest Babelon<\/td>\n<\/tr>\n<tr class=\"row-3 odd\">\n<td class=\"column-1\">Publisher<\/td>\n<td class=\"column-2\">Ernest Leroux (Paris)<\/td>\n<\/tr>\n<tr class=\"row-4 even\">\n<td class=\"column-1\">Date<\/td>\n<td class=\"column-2\">1899<\/td>\n<\/tr>\n<tr class=\"row-5 odd\">\n<td class=\"column-1\">Language<\/td>\n<td class=\"column-2\">Fran\u00e7ais<\/td>\n<\/tr>\n<tr class=\"row-6 even\">\n<td class=\"column-1\">Pages<\/td>\n<td class=\"column-2\">63 pages + 10 planches<\/td>\n<\/tr>\n<tr class=\"row-7 odd\">\n<td class=\"column-1\">Specifications<\/td>\n<td class=\"column-2\">Reli\u00e9 &#8211; 190 x 285 mm<\/td>\n<\/tr>\n<tr class=\"row-8 even\">\n<td class=\"column-1\">Condition<\/td>\n<td class=\"column-2\">Bon \u00e9tat<\/td>\n<\/tr>\n<\/table>","protected":false},"excerpt":{"rendered":"<p>Titre complet Collection Pauvert de la Chapelle Intailles et Cam\u00e9es donn\u00e9s au D\u00e9partement des M\u00e9dailles et Antiques de la Biblioth\u00e8que Nationale Auteur Ernest Babelon \u00c9diteur Ernest Leroux (Paris) Date 1899 Langue Fran\u00e7ais Pages 63 pages + 10 planches Caract\u00e9ristiques Reli\u00e9 &#8211; 190 x 285 mm \u00c9tat Bon \u00e9tat<\/p>","protected":false},"featured_media":20652,"template":"","meta":[],"product_brand":[],"product_cat":[39,19,386],"product_tag":[393,389,164],"class_list":{"0":"post-1109","1":"product","2":"type-product","3":"status-publish","4":"has-post-thumbnail","6":"product_cat-livres-glyptique","7":"product_cat-librairie","8":"product_cat-livres-anciens","9":"product_tag-librairie","10":"product_tag-livres-anciens","11":"product_tag-livres-glyptique","13":"first","14":"instock","15":"sold-individually","16":"shipping-taxable","17":"purchasable","18":"product-type-simple"},"yoast_head":"<!-- This site is optimized with the Yoast SEO plugin v27.2 - https:\/\/yoast.com\/product\/yoast-seo-wordpress\/ -->\n<title>COLLECTION PAUVERT DE LA CHAPELLE - INTAILLES ET CAM\u00c9ES (1899) \u2022 Ernest Babelon &#8226; Odysseus<\/title>\n<meta name=\"robots\" content=\"index, follow, max-snippet:-1, max-image-preview:large, max-video-preview:-1\" \/>\n<link rel=\"canonical\" href=\"https:\/\/odysseus-numismatique.com\/en\/article\/collection-pauvert-de-la-chapelle-intailles-et-camees-1899-babelon\/\" \/>\n<meta property=\"og:locale\" content=\"en_GB\" \/>\n<meta property=\"og:type\" content=\"article\" \/>\n<meta property=\"og:title\" content=\"COLLECTION PAUVERT DE LA CHAPELLE - INTAILLES ET CAM\u00c9ES (1899) \u2022 Ernest Babelon &#8226; Odysseus\" \/>\n<meta property=\"og:description\" content=\"Titre complet Collection Pauvert de la Chapelle Intailles et Cam\u00e9es donn\u00e9s au D\u00e9partement des M\u00e9dailles et Antiques de la Biblioth\u00e8que Nationale Auteur Ernest Babelon \u00c9diteur Ernest Leroux (Paris) Date 1899 Langue Fran\u00e7ais Pages 63 pages + 10 planches Caract\u00e9ristiques Reli\u00e9 &#8211; 190 x 285 mm \u00c9tat Bon \u00e9tat\" \/>\n<meta property=\"og:url\" content=\"https:\/\/odysseus-numismatique.com\/en\/article\/collection-pauvert-de-la-chapelle-intailles-et-camees-1899-babelon\/\" \/>\n<meta property=\"og:site_name\" content=\"Odysseus\" \/>\n<meta property=\"article:modified_time\" content=\"2025-03-17T22:48:51+00:00\" \/>\n<meta property=\"og:image\" content=\"https:\/\/odysseus-numismatique.com\/wp-content\/uploads\/2019\/04\/collection-pauvert-de-la-chapelle-intailles-et-camees-1899-babelon.jpg\" \/>\n\t<meta property=\"og:image:width\" content=\"1500\" \/>\n\t<meta property=\"og:image:height\" content=\"750\" \/>\n\t<meta property=\"og:image:type\" content=\"image\/jpeg\" \/>\n<meta name=\"twitter:card\" content=\"summary_large_image\" \/>\n<meta name=\"twitter:label1\" content=\"Estimated reading time\" \/>\n\t<meta name=\"twitter:data1\" content=\"1 minute\" \/>\n<script type=\"application\/ld+json\" class=\"yoast-schema-graph\">{\"@context\":\"https:\/\/schema.org\",\"@graph\":[{\"@type\":\"WebPage\",\"@id\":\"https:\/\/odysseus-numismatique.com\/article\/collection-pauvert-de-la-chapelle-intailles-et-camees-1899-babelon\/\",\"url\":\"https:\/\/odysseus-numismatique.com\/article\/collection-pauvert-de-la-chapelle-intailles-et-camees-1899-babelon\/\",\"name\":\"COLLECTION PAUVERT DE LA CHAPELLE - INTAILLES ET CAM\u00c9ES (1899) \u2022 Ernest Babelon &#8226; Odysseus\",\"isPartOf\":{\"@id\":\"https:\/\/odysseus-numismatique.com\/#website\"},\"primaryImageOfPage\":{\"@id\":\"https:\/\/odysseus-numismatique.com\/article\/collection-pauvert-de-la-chapelle-intailles-et-camees-1899-babelon\/#primaryimage\"},\"image\":{\"@id\":\"https:\/\/odysseus-numismatique.com\/article\/collection-pauvert-de-la-chapelle-intailles-et-camees-1899-babelon\/#primaryimage\"},\"thumbnailUrl\":\"https:\/\/odysseus-numismatique.com\/wp-content\/uploads\/2019\/04\/collection-pauvert-de-la-chapelle-intailles-et-camees-1899-babelon.jpg\",\"datePublished\":\"2019-04-03T18:17:55+00:00\",\"dateModified\":\"2025-03-17T22:48:51+00:00\",\"breadcrumb\":{\"@id\":\"https:\/\/odysseus-numismatique.com\/article\/collection-pauvert-de-la-chapelle-intailles-et-camees-1899-babelon\/#breadcrumb\"},\"inLanguage\":\"en-GB\",\"potentialAction\":[{\"@type\":\"ReadAction\",\"target\":[\"https:\/\/odysseus-numismatique.com\/article\/collection-pauvert-de-la-chapelle-intailles-et-camees-1899-babelon\/\"]}]},{\"@type\":\"ImageObject\",\"inLanguage\":\"en-GB\",\"@id\":\"https:\/\/odysseus-numismatique.com\/article\/collection-pauvert-de-la-chapelle-intailles-et-camees-1899-babelon\/#primaryimage\",\"url\":\"https:\/\/odysseus-numismatique.com\/wp-content\/uploads\/2019\/04\/collection-pauvert-de-la-chapelle-intailles-et-camees-1899-babelon.jpg\",\"contentUrl\":\"https:\/\/odysseus-numismatique.com\/wp-content\/uploads\/2019\/04\/collection-pauvert-de-la-chapelle-intailles-et-camees-1899-babelon.jpg\",\"width\":1500,\"height\":750,\"caption\":\"Odysseus Numismatique Livres Glyptique COLLECTION PAUVERT DE LA CHAPELLE - INTAILLES ET CAM\u00c9ES (1899) \u2022 Ernest Babelon\"},{\"@type\":\"BreadcrumbList\",\"@id\":\"https:\/\/odysseus-numismatique.com\/article\/collection-pauvert-de-la-chapelle-intailles-et-camees-1899-babelon\/#breadcrumb\",\"itemListElement\":[{\"@type\":\"ListItem\",\"position\":1,\"name\":\"Accueil\",\"item\":\"https:\/\/odysseus-numismatique.com\/\"},{\"@type\":\"ListItem\",\"position\":2,\"name\":\"Boutique\",\"item\":\"https:\/\/odysseus-numismatique.com\/en\/boutique\/\"},{\"@type\":\"ListItem\",\"position\":3,\"name\":\"COLLECTION PAUVERT DE LA CHAPELLE &#8211; INTAILLES ET CAM\u00c9ES (1899) Ernest Babelon\"}]},{\"@type\":\"WebSite\",\"@id\":\"https:\/\/odysseus-numismatique.com\/#website\",\"url\":\"https:\/\/odysseus-numismatique.com\/\",\"name\":\"Odysseus\",\"description\":\"Numismatique\",\"publisher\":{\"@id\":\"https:\/\/odysseus-numismatique.com\/#organization\"},\"potentialAction\":[{\"@type\":\"SearchAction\",\"target\":{\"@type\":\"EntryPoint\",\"urlTemplate\":\"https:\/\/odysseus-numismatique.com\/?s={search_term_string}\"},\"query-input\":{\"@type\":\"PropertyValueSpecification\",\"valueRequired\":true,\"valueName\":\"search_term_string\"}}],\"inLanguage\":\"en-GB\"},{\"@type\":\"Organization\",\"@id\":\"https:\/\/odysseus-numismatique.com\/#organization\",\"name\":\"Odysseus\",\"url\":\"https:\/\/odysseus-numismatique.com\/\",\"logo\":{\"@type\":\"ImageObject\",\"inLanguage\":\"en-GB\",\"@id\":\"https:\/\/odysseus-numismatique.com\/#\/schema\/logo\/image\/\",\"url\":\"https:\/\/odysseus-numismatique.com\/wp-content\/uploads\/2019\/04\/odysseus-numismatique.png\",\"contentUrl\":\"https:\/\/odysseus-numismatique.com\/wp-content\/uploads\/2019\/04\/odysseus-numismatique.png\",\"width\":500,\"height\":500,\"caption\":\"Odysseus\"},\"image\":{\"@id\":\"https:\/\/odysseus-numismatique.com\/#\/schema\/logo\/image\/\"}}]}<\/script>\n<!-- \/ Yoast SEO plugin. -->","yoast_head_json":{"title":"COLLECTION PAUVERT DE LA CHAPELLE - INTAILLES ET CAM\u00c9ES (1899) \u2022 Ernest Babelon &#8226; Odysseus","robots":{"index":"index","follow":"follow","max-snippet":"max-snippet:-1","max-image-preview":"max-image-preview:large","max-video-preview":"max-video-preview:-1"},"canonical":"https:\/\/odysseus-numismatique.com\/en\/article\/collection-pauvert-de-la-chapelle-intailles-et-camees-1899-babelon\/","og_locale":"en_GB","og_type":"article","og_title":"COLLECTION PAUVERT DE LA CHAPELLE - INTAILLES ET CAM\u00c9ES (1899) \u2022 Ernest Babelon &#8226; Odysseus","og_description":"Titre complet Collection Pauvert de la Chapelle Intailles et Cam\u00e9es donn\u00e9s au D\u00e9partement des M\u00e9dailles et Antiques de la Biblioth\u00e8que Nationale Auteur Ernest Babelon \u00c9diteur Ernest Leroux (Paris) Date 1899 Langue Fran\u00e7ais Pages 63 pages + 10 planches Caract\u00e9ristiques Reli\u00e9 &#8211; 190 x 285 mm \u00c9tat Bon \u00e9tat","og_url":"https:\/\/odysseus-numismatique.com\/en\/article\/collection-pauvert-de-la-chapelle-intailles-et-camees-1899-babelon\/","og_site_name":"Odysseus","article_modified_time":"2025-03-17T22:48:51+00:00","og_image":[{"width":1500,"height":750,"url":"https:\/\/odysseus-numismatique.com\/wp-content\/uploads\/2019\/04\/collection-pauvert-de-la-chapelle-intailles-et-camees-1899-babelon.jpg","type":"image\/jpeg"}],"twitter_card":"summary_large_image","twitter_misc":{"Estimated reading time":"1 minute"},"schema":{"@context":"https:\/\/schema.org","@graph":[{"@type":"WebPage","@id":"https:\/\/odysseus-numismatique.com\/article\/collection-pauvert-de-la-chapelle-intailles-et-camees-1899-babelon\/","url":"https:\/\/odysseus-numismatique.com\/article\/collection-pauvert-de-la-chapelle-intailles-et-camees-1899-babelon\/","name":"COLLECTION PAUVERT DE LA CHAPELLE - INTAILLES ET CAM\u00c9ES (1899) \u2022 Ernest Babelon &#8226; Odysseus","isPartOf":{"@id":"https:\/\/odysseus-numismatique.com\/#website"},"primaryImageOfPage":{"@id":"https:\/\/odysseus-numismatique.com\/article\/collection-pauvert-de-la-chapelle-intailles-et-camees-1899-babelon\/#primaryimage"},"image":{"@id":"https:\/\/odysseus-numismatique.com\/article\/collection-pauvert-de-la-chapelle-intailles-et-camees-1899-babelon\/#primaryimage"},"thumbnailUrl":"https:\/\/odysseus-numismatique.com\/wp-content\/uploads\/2019\/04\/collection-pauvert-de-la-chapelle-intailles-et-camees-1899-babelon.jpg","datePublished":"2019-04-03T18:17:55+00:00","dateModified":"2025-03-17T22:48:51+00:00","breadcrumb":{"@id":"https:\/\/odysseus-numismatique.com\/article\/collection-pauvert-de-la-chapelle-intailles-et-camees-1899-babelon\/#breadcrumb"},"inLanguage":"en-GB","potentialAction":[{"@type":"ReadAction","target":["https:\/\/odysseus-numismatique.com\/article\/collection-pauvert-de-la-chapelle-intailles-et-camees-1899-babelon\/"]}]},{"@type":"ImageObject","inLanguage":"en-GB","@id":"https:\/\/odysseus-numismatique.com\/article\/collection-pauvert-de-la-chapelle-intailles-et-camees-1899-babelon\/#primaryimage","url":"https:\/\/odysseus-numismatique.com\/wp-content\/uploads\/2019\/04\/collection-pauvert-de-la-chapelle-intailles-et-camees-1899-babelon.jpg","contentUrl":"https:\/\/odysseus-numismatique.com\/wp-content\/uploads\/2019\/04\/collection-pauvert-de-la-chapelle-intailles-et-camees-1899-babelon.jpg","width":1500,"height":750,"caption":"Odysseus Numismatique Livres Glyptique COLLECTION PAUVERT DE LA CHAPELLE - INTAILLES ET CAM\u00c9ES (1899) \u2022 Ernest Babelon"},{"@type":"BreadcrumbList","@id":"https:\/\/odysseus-numismatique.com\/article\/collection-pauvert-de-la-chapelle-intailles-et-camees-1899-babelon\/#breadcrumb","itemListElement":[{"@type":"ListItem","position":1,"name":"Accueil","item":"https:\/\/odysseus-numismatique.com\/"},{"@type":"ListItem","position":2,"name":"Boutique","item":"https:\/\/odysseus-numismatique.com\/en\/boutique\/"},{"@type":"ListItem","position":3,"name":"COLLECTION PAUVERT DE LA CHAPELLE &#8211; INTAILLES ET CAM\u00c9ES (1899) Ernest Babelon"}]},{"@type":"WebSite","@id":"https:\/\/odysseus-numismatique.com\/#website","url":"https:\/\/odysseus-numismatique.com\/","name":"Odysseus","description":"Numismatics","publisher":{"@id":"https:\/\/odysseus-numismatique.com\/#organization"},"potentialAction":[{"@type":"SearchAction","target":{"@type":"EntryPoint","urlTemplate":"https:\/\/odysseus-numismatique.com\/?s={search_term_string}"},"query-input":{"@type":"PropertyValueSpecification","valueRequired":true,"valueName":"search_term_string"}}],"inLanguage":"en-GB"},{"@type":"Organization","@id":"https:\/\/odysseus-numismatique.com\/#organization","name":"Odysseus","url":"https:\/\/odysseus-numismatique.com\/","logo":{"@type":"ImageObject","inLanguage":"en-GB","@id":"https:\/\/odysseus-numismatique.com\/#\/schema\/logo\/image\/","url":"https:\/\/odysseus-numismatique.com\/wp-content\/uploads\/2019\/04\/odysseus-numismatique.png","contentUrl":"https:\/\/odysseus-numismatique.com\/wp-content\/uploads\/2019\/04\/odysseus-numismatique.png","width":500,"height":500,"caption":"Odysseus"},"image":{"@id":"https:\/\/odysseus-numismatique.com\/#\/schema\/logo\/image\/"}}]}},"_links":{"self":[{"href":"https:\/\/odysseus-numismatique.com\/en\/wp-json\/wp\/v2\/product\/1109","targetHints":{"allow":["GET"]}}],"collection":[{"href":"https:\/\/odysseus-numismatique.com\/en\/wp-json\/wp\/v2\/product"}],"about":[{"href":"https:\/\/odysseus-numismatique.com\/en\/wp-json\/wp\/v2\/types\/product"}],"wp:featuredmedia":[{"embeddable":true,"href":"https:\/\/odysseus-numismatique.com\/en\/wp-json\/wp\/v2\/media\/20652"}],"wp:attachment":[{"href":"https:\/\/odysseus-numismatique.com\/en\/wp-json\/wp\/v2\/media?parent=1109"}],"wp:term":[{"taxonomy":"product_brand","embeddable":true,"href":"https:\/\/odysseus-numismatique.com\/en\/wp-json\/wp\/v2\/product_brand?post=1109"},{"taxonomy":"product_cat","embeddable":true,"href":"https:\/\/odysseus-numismatique.com\/en\/wp-json\/wp\/v2\/product_cat?post=1109"},{"taxonomy":"product_tag","embeddable":true,"href":"https:\/\/odysseus-numismatique.com\/en\/wp-json\/wp\/v2\/product_tag?post=1109"}],"curies":[{"name":"wp","href":"https:\/\/api.w.org\/{rel}","templated":true}]}}