{"id":1105,"date":"2019-04-03T20:11:35","date_gmt":"2019-04-03T18:11:35","guid":{"rendered":"https:\/\/odysseus-numismatique.com\/?post_type=product&#038;p=1105"},"modified":"2025-03-17T23:49:41","modified_gmt":"2025-03-17T22:49:41","slug":"cachets-et-sceaux-cylindres-de-lancien-orient-amiet","status":"publish","type":"product","link":"https:\/\/odysseus-numismatique.com\/en\/article\/cachets-et-sceaux-cylindres-de-lancien-orient-amiet\/","title":{"rendered":"BAS-RELIEFS IMAGINAIRES DE L&rsquo;ANCIEN ORIENT D&rsquo;APR\u00c8S LES CACHETS ET LES SCEAUX-CYLINDRES <br \/> Pierre Amiet"},"content":{"rendered":"<style>\n.tableproduct {border-collapse:none}\n.tableproduct td {border:none!important; padding:10px}\n.tableproduct .odd td {background-color:#424242}\n.tableproduct .even td {background-color:#3a3a3a}\n.tableproduct .column-1 {text-transform:uppercase; font-weight:bold; font-size:0.75em; width:20%}\n.tableproduct .column-2 {font-size:1em}\n<\/style>\n<table class=\"tableproduct\">\n<tr class=\"row-1 odd\">\n<td class=\"column-1\">Full Title<\/td>\n<td class=\"column-2\">Bas-Reliefs Imaginaires de l&rsquo;Ancien Orient d&rsquo;apr\u00e8s les Cachets et les Sceaux-Cylindres<\/td>\n<\/tr>\n<tr class=\"row-2 even\">\n<td class=\"column-1\">Author<\/td>\n<td class=\"column-2\">Pierre Amiet<\/td>\n<\/tr>\n<tr class=\"row-3 odd\">\n<td class=\"column-1\">Publisher<\/td>\n<td class=\"column-2\">Hotel de la Monnaie (Paris)<\/td>\n<\/tr>\n<tr class=\"row-4 even\">\n<td class=\"column-1\">Date<\/td>\n<td class=\"column-2\">1973<\/td>\n<\/tr>\n<tr class=\"row-5 odd\">\n<td class=\"column-1\">Language<\/td>\n<td class=\"column-2\">Fran\u00e7ais<\/td>\n<\/tr>\n<tr class=\"row-6 even\">\n<td class=\"column-1\">Pages<\/td>\n<td class=\"column-2\">204 pages<\/td>\n<\/tr>\n<tr class=\"row-7 odd\">\n<td class=\"column-1\">Specifications<\/td>\n<td class=\"column-2\">Broch\u00e9 &#8211; 180 x 240 mm<\/td>\n<\/tr>\n<tr class=\"row-8 even\">\n<td class=\"column-1\">Condition<\/td>\n<td class=\"column-2\">Assez bon \u00e9tat<\/td>\n<\/tr>\n<\/table>","protected":false},"excerpt":{"rendered":"<p>Titre complet Bas-Reliefs Imaginaires de l&rsquo;Ancien Orient d&rsquo;apr\u00e8s les Cachets et les Sceaux-Cylindres Auteur Pierre Amiet \u00c9diteur Hotel de la Monnaie (Paris) Date 1973 Langue Fran\u00e7ais Pages 204 pages Caract\u00e9ristiques Broch\u00e9 &#8211; 180 x 240 mm \u00c9tat Assez bon \u00e9tat<\/p>","protected":false},"featured_media":20664,"template":"","meta":[],"product_brand":[],"product_cat":[388],"product_tag":[393,164],"class_list":{"0":"post-1105","1":"product","2":"type-product","3":"status-publish","4":"has-post-thumbnail","6":"product_cat-archives-librairie","7":"product_tag-librairie","8":"product_tag-livres-glyptique","10":"first","11":"outofstock","12":"sold-individually","13":"shipping-taxable","14":"purchasable","15":"product-type-simple"},"yoast_head":"<!-- This site is optimized with the Yoast SEO plugin v27.2 - https:\/\/yoast.com\/product\/yoast-seo-wordpress\/ -->\n<title>BAS-RELIEFS IMAGINAIRES DE L&#039;ANCIEN ORIENT D&#039;APR\u00c8S LES CACHETS ET LES SCEAUX-CYLINDRES \u2022 Pierre Amiet &#8226; Odysseus<\/title>\n<meta name=\"robots\" content=\"index, follow, max-snippet:-1, max-image-preview:large, max-video-preview:-1\" \/>\n<link rel=\"canonical\" href=\"https:\/\/odysseus-numismatique.com\/en\/article\/cachets-et-sceaux-cylindres-de-lancien-orient-amiet\/\" \/>\n<meta property=\"og:locale\" content=\"en_GB\" \/>\n<meta property=\"og:type\" content=\"article\" \/>\n<meta property=\"og:title\" content=\"BAS-RELIEFS IMAGINAIRES DE L&#039;ANCIEN ORIENT D&#039;APR\u00c8S LES CACHETS ET LES SCEAUX-CYLINDRES \u2022 Pierre Amiet &#8226; Odysseus\" \/>\n<meta property=\"og:description\" content=\"Titre complet Bas-Reliefs Imaginaires de l&rsquo;Ancien Orient d&rsquo;apr\u00e8s les Cachets et les Sceaux-Cylindres Auteur Pierre Amiet \u00c9diteur Hotel de la Monnaie (Paris) Date 1973 Langue Fran\u00e7ais Pages 204 pages Caract\u00e9ristiques Broch\u00e9 &#8211; 180 x 240 mm \u00c9tat Assez bon \u00e9tat\" \/>\n<meta property=\"og:url\" content=\"https:\/\/odysseus-numismatique.com\/en\/article\/cachets-et-sceaux-cylindres-de-lancien-orient-amiet\/\" \/>\n<meta property=\"og:site_name\" content=\"Odysseus\" \/>\n<meta property=\"article:modified_time\" content=\"2025-03-17T22:49:41+00:00\" \/>\n<meta property=\"og:image\" content=\"https:\/\/odysseus-numismatique.com\/wp-content\/uploads\/2019\/04\/cachets-et-sceaux-cylindres-de-lancien-orient-amiet.jpg\" \/>\n\t<meta property=\"og:image:width\" content=\"1500\" \/>\n\t<meta property=\"og:image:height\" content=\"750\" \/>\n\t<meta property=\"og:image:type\" content=\"image\/jpeg\" \/>\n<meta name=\"twitter:card\" content=\"summary_large_image\" \/>\n<meta name=\"twitter:label1\" content=\"Estimated reading time\" \/>\n\t<meta name=\"twitter:data1\" content=\"1 minute\" \/>\n<script type=\"application\/ld+json\" class=\"yoast-schema-graph\">{\"@context\":\"https:\/\/schema.org\",\"@graph\":[{\"@type\":\"WebPage\",\"@id\":\"https:\/\/odysseus-numismatique.com\/article\/cachets-et-sceaux-cylindres-de-lancien-orient-amiet\/\",\"url\":\"https:\/\/odysseus-numismatique.com\/article\/cachets-et-sceaux-cylindres-de-lancien-orient-amiet\/\",\"name\":\"BAS-RELIEFS IMAGINAIRES DE L'ANCIEN ORIENT D'APR\u00c8S LES CACHETS ET LES SCEAUX-CYLINDRES \u2022 Pierre Amiet &#8226; Odysseus\",\"isPartOf\":{\"@id\":\"https:\/\/odysseus-numismatique.com\/#website\"},\"primaryImageOfPage\":{\"@id\":\"https:\/\/odysseus-numismatique.com\/article\/cachets-et-sceaux-cylindres-de-lancien-orient-amiet\/#primaryimage\"},\"image\":{\"@id\":\"https:\/\/odysseus-numismatique.com\/article\/cachets-et-sceaux-cylindres-de-lancien-orient-amiet\/#primaryimage\"},\"thumbnailUrl\":\"https:\/\/odysseus-numismatique.com\/wp-content\/uploads\/2019\/04\/cachets-et-sceaux-cylindres-de-lancien-orient-amiet.jpg\",\"datePublished\":\"2019-04-03T18:11:35+00:00\",\"dateModified\":\"2025-03-17T22:49:41+00:00\",\"breadcrumb\":{\"@id\":\"https:\/\/odysseus-numismatique.com\/article\/cachets-et-sceaux-cylindres-de-lancien-orient-amiet\/#breadcrumb\"},\"inLanguage\":\"en-GB\",\"potentialAction\":[{\"@type\":\"ReadAction\",\"target\":[\"https:\/\/odysseus-numismatique.com\/article\/cachets-et-sceaux-cylindres-de-lancien-orient-amiet\/\"]}]},{\"@type\":\"ImageObject\",\"inLanguage\":\"en-GB\",\"@id\":\"https:\/\/odysseus-numismatique.com\/article\/cachets-et-sceaux-cylindres-de-lancien-orient-amiet\/#primaryimage\",\"url\":\"https:\/\/odysseus-numismatique.com\/wp-content\/uploads\/2019\/04\/cachets-et-sceaux-cylindres-de-lancien-orient-amiet.jpg\",\"contentUrl\":\"https:\/\/odysseus-numismatique.com\/wp-content\/uploads\/2019\/04\/cachets-et-sceaux-cylindres-de-lancien-orient-amiet.jpg\",\"width\":1500,\"height\":750,\"caption\":\"Odysseus Numismatique Livres Glyptique BAS-RELIEFS IMAGINAIRES DE L'ANCIEN ORIENT D'APR\u00c8S LES CACHETS ET LES SCEAUX-CYLINDRES \u2022 Pierre Amiet\"},{\"@type\":\"BreadcrumbList\",\"@id\":\"https:\/\/odysseus-numismatique.com\/article\/cachets-et-sceaux-cylindres-de-lancien-orient-amiet\/#breadcrumb\",\"itemListElement\":[{\"@type\":\"ListItem\",\"position\":1,\"name\":\"Accueil\",\"item\":\"https:\/\/odysseus-numismatique.com\/\"},{\"@type\":\"ListItem\",\"position\":2,\"name\":\"Boutique\",\"item\":\"https:\/\/odysseus-numismatique.com\/en\/boutique\/\"},{\"@type\":\"ListItem\",\"position\":3,\"name\":\"BAS-RELIEFS IMAGINAIRES DE L&#8217;ANCIEN ORIENT D&#8217;APR\u00c8S LES CACHETS ET LES SCEAUX-CYLINDRES Pierre Amiet\"}]},{\"@type\":\"WebSite\",\"@id\":\"https:\/\/odysseus-numismatique.com\/#website\",\"url\":\"https:\/\/odysseus-numismatique.com\/\",\"name\":\"Odysseus\",\"description\":\"Numismatique\",\"publisher\":{\"@id\":\"https:\/\/odysseus-numismatique.com\/#organization\"},\"potentialAction\":[{\"@type\":\"SearchAction\",\"target\":{\"@type\":\"EntryPoint\",\"urlTemplate\":\"https:\/\/odysseus-numismatique.com\/?s={search_term_string}\"},\"query-input\":{\"@type\":\"PropertyValueSpecification\",\"valueRequired\":true,\"valueName\":\"search_term_string\"}}],\"inLanguage\":\"en-GB\"},{\"@type\":\"Organization\",\"@id\":\"https:\/\/odysseus-numismatique.com\/#organization\",\"name\":\"Odysseus\",\"url\":\"https:\/\/odysseus-numismatique.com\/\",\"logo\":{\"@type\":\"ImageObject\",\"inLanguage\":\"en-GB\",\"@id\":\"https:\/\/odysseus-numismatique.com\/#\/schema\/logo\/image\/\",\"url\":\"https:\/\/odysseus-numismatique.com\/wp-content\/uploads\/2019\/04\/odysseus-numismatique.png\",\"contentUrl\":\"https:\/\/odysseus-numismatique.com\/wp-content\/uploads\/2019\/04\/odysseus-numismatique.png\",\"width\":500,\"height\":500,\"caption\":\"Odysseus\"},\"image\":{\"@id\":\"https:\/\/odysseus-numismatique.com\/#\/schema\/logo\/image\/\"}}]}<\/script>\n<!-- \/ Yoast SEO plugin. -->","yoast_head_json":{"title":"BAS-RELIEFS IMAGINAIRES DE L'ANCIEN ORIENT D'APR\u00c8S LES CACHETS ET LES SCEAUX-CYLINDRES \u2022 Pierre Amiet &#8226; Odysseus","robots":{"index":"index","follow":"follow","max-snippet":"max-snippet:-1","max-image-preview":"max-image-preview:large","max-video-preview":"max-video-preview:-1"},"canonical":"https:\/\/odysseus-numismatique.com\/en\/article\/cachets-et-sceaux-cylindres-de-lancien-orient-amiet\/","og_locale":"en_GB","og_type":"article","og_title":"BAS-RELIEFS IMAGINAIRES DE L'ANCIEN ORIENT D'APR\u00c8S LES CACHETS ET LES SCEAUX-CYLINDRES \u2022 Pierre Amiet &#8226; Odysseus","og_description":"Titre complet Bas-Reliefs Imaginaires de l&rsquo;Ancien Orient d&rsquo;apr\u00e8s les Cachets et les Sceaux-Cylindres Auteur Pierre Amiet \u00c9diteur Hotel de la Monnaie (Paris) Date 1973 Langue Fran\u00e7ais Pages 204 pages Caract\u00e9ristiques Broch\u00e9 &#8211; 180 x 240 mm \u00c9tat Assez bon \u00e9tat","og_url":"https:\/\/odysseus-numismatique.com\/en\/article\/cachets-et-sceaux-cylindres-de-lancien-orient-amiet\/","og_site_name":"Odysseus","article_modified_time":"2025-03-17T22:49:41+00:00","og_image":[{"width":1500,"height":750,"url":"https:\/\/odysseus-numismatique.com\/wp-content\/uploads\/2019\/04\/cachets-et-sceaux-cylindres-de-lancien-orient-amiet.jpg","type":"image\/jpeg"}],"twitter_card":"summary_large_image","twitter_misc":{"Estimated reading time":"1 minute"},"schema":{"@context":"https:\/\/schema.org","@graph":[{"@type":"WebPage","@id":"https:\/\/odysseus-numismatique.com\/article\/cachets-et-sceaux-cylindres-de-lancien-orient-amiet\/","url":"https:\/\/odysseus-numismatique.com\/article\/cachets-et-sceaux-cylindres-de-lancien-orient-amiet\/","name":"BAS-RELIEFS IMAGINAIRES DE L'ANCIEN ORIENT D'APR\u00c8S LES CACHETS ET LES SCEAUX-CYLINDRES \u2022 Pierre Amiet &#8226; Odysseus","isPartOf":{"@id":"https:\/\/odysseus-numismatique.com\/#website"},"primaryImageOfPage":{"@id":"https:\/\/odysseus-numismatique.com\/article\/cachets-et-sceaux-cylindres-de-lancien-orient-amiet\/#primaryimage"},"image":{"@id":"https:\/\/odysseus-numismatique.com\/article\/cachets-et-sceaux-cylindres-de-lancien-orient-amiet\/#primaryimage"},"thumbnailUrl":"https:\/\/odysseus-numismatique.com\/wp-content\/uploads\/2019\/04\/cachets-et-sceaux-cylindres-de-lancien-orient-amiet.jpg","datePublished":"2019-04-03T18:11:35+00:00","dateModified":"2025-03-17T22:49:41+00:00","breadcrumb":{"@id":"https:\/\/odysseus-numismatique.com\/article\/cachets-et-sceaux-cylindres-de-lancien-orient-amiet\/#breadcrumb"},"inLanguage":"en-GB","potentialAction":[{"@type":"ReadAction","target":["https:\/\/odysseus-numismatique.com\/article\/cachets-et-sceaux-cylindres-de-lancien-orient-amiet\/"]}]},{"@type":"ImageObject","inLanguage":"en-GB","@id":"https:\/\/odysseus-numismatique.com\/article\/cachets-et-sceaux-cylindres-de-lancien-orient-amiet\/#primaryimage","url":"https:\/\/odysseus-numismatique.com\/wp-content\/uploads\/2019\/04\/cachets-et-sceaux-cylindres-de-lancien-orient-amiet.jpg","contentUrl":"https:\/\/odysseus-numismatique.com\/wp-content\/uploads\/2019\/04\/cachets-et-sceaux-cylindres-de-lancien-orient-amiet.jpg","width":1500,"height":750,"caption":"Odysseus Numismatique Livres Glyptique BAS-RELIEFS IMAGINAIRES DE L'ANCIEN ORIENT D'APR\u00c8S LES CACHETS ET LES SCEAUX-CYLINDRES \u2022 Pierre Amiet"},{"@type":"BreadcrumbList","@id":"https:\/\/odysseus-numismatique.com\/article\/cachets-et-sceaux-cylindres-de-lancien-orient-amiet\/#breadcrumb","itemListElement":[{"@type":"ListItem","position":1,"name":"Accueil","item":"https:\/\/odysseus-numismatique.com\/"},{"@type":"ListItem","position":2,"name":"Boutique","item":"https:\/\/odysseus-numismatique.com\/en\/boutique\/"},{"@type":"ListItem","position":3,"name":"BAS-RELIEFS IMAGINAIRES DE L&#8217;ANCIEN ORIENT D&#8217;APR\u00c8S LES CACHETS ET LES SCEAUX-CYLINDRES Pierre Amiet"}]},{"@type":"WebSite","@id":"https:\/\/odysseus-numismatique.com\/#website","url":"https:\/\/odysseus-numismatique.com\/","name":"Odysseus","description":"Numismatics","publisher":{"@id":"https:\/\/odysseus-numismatique.com\/#organization"},"potentialAction":[{"@type":"SearchAction","target":{"@type":"EntryPoint","urlTemplate":"https:\/\/odysseus-numismatique.com\/?s={search_term_string}"},"query-input":{"@type":"PropertyValueSpecification","valueRequired":true,"valueName":"search_term_string"}}],"inLanguage":"en-GB"},{"@type":"Organization","@id":"https:\/\/odysseus-numismatique.com\/#organization","name":"Odysseus","url":"https:\/\/odysseus-numismatique.com\/","logo":{"@type":"ImageObject","inLanguage":"en-GB","@id":"https:\/\/odysseus-numismatique.com\/#\/schema\/logo\/image\/","url":"https:\/\/odysseus-numismatique.com\/wp-content\/uploads\/2019\/04\/odysseus-numismatique.png","contentUrl":"https:\/\/odysseus-numismatique.com\/wp-content\/uploads\/2019\/04\/odysseus-numismatique.png","width":500,"height":500,"caption":"Odysseus"},"image":{"@id":"https:\/\/odysseus-numismatique.com\/#\/schema\/logo\/image\/"}}]}},"_links":{"self":[{"href":"https:\/\/odysseus-numismatique.com\/en\/wp-json\/wp\/v2\/product\/1105","targetHints":{"allow":["GET"]}}],"collection":[{"href":"https:\/\/odysseus-numismatique.com\/en\/wp-json\/wp\/v2\/product"}],"about":[{"href":"https:\/\/odysseus-numismatique.com\/en\/wp-json\/wp\/v2\/types\/product"}],"wp:featuredmedia":[{"embeddable":true,"href":"https:\/\/odysseus-numismatique.com\/en\/wp-json\/wp\/v2\/media\/20664"}],"wp:attachment":[{"href":"https:\/\/odysseus-numismatique.com\/en\/wp-json\/wp\/v2\/media?parent=1105"}],"wp:term":[{"taxonomy":"product_brand","embeddable":true,"href":"https:\/\/odysseus-numismatique.com\/en\/wp-json\/wp\/v2\/product_brand?post=1105"},{"taxonomy":"product_cat","embeddable":true,"href":"https:\/\/odysseus-numismatique.com\/en\/wp-json\/wp\/v2\/product_cat?post=1105"},{"taxonomy":"product_tag","embeddable":true,"href":"https:\/\/odysseus-numismatique.com\/en\/wp-json\/wp\/v2\/product_tag?post=1105"}],"curies":[{"name":"wp","href":"https:\/\/api.w.org\/{rel}","templated":true}]}}