{"id":1090,"date":"2019-04-03T20:42:07","date_gmt":"2019-04-03T18:42:07","guid":{"rendered":"https:\/\/odysseus-numismatique.com\/?post_type=product&#038;p=1090"},"modified":"2025-03-17T23:49:38","modified_gmt":"2025-03-17T22:49:38","slug":"les-monedes-de-plata-demporion-rhode-i-les-seves-imitacions-villaronga","status":"publish","type":"product","link":"https:\/\/odysseus-numismatique.com\/en\/article\/les-monedes-de-plata-demporion-rhode-i-les-seves-imitacions-villaronga\/","title":{"rendered":"LES MONEDES DE PLATA D&rsquo;EMPO\u0300RION, RHODE I LES SEVES IMITACIONS <br \/> Leandre Villaronga"},"content":{"rendered":"<style>\n.tableproduct {border-collapse:none}\n.tableproduct td {border:none!important; padding:10px}\n.tableproduct .odd td {background-color:#424242}\n.tableproduct .even td {background-color:#3a3a3a}\n.tableproduct .column-1 {text-transform:uppercase; font-weight:bold; font-size:0.75em; width:20%}\n.tableproduct .column-2 {font-size:1em}\n<\/style>\n<table class=\"tableproduct\">\n<tr class=\"row-1 odd\">\n<td class=\"column-1\">Full Title<\/td>\n<td class=\"column-2\">Les Monedes de Plata d&rsquo;Emp\u00f2rion, Rhode i les Seves Imitacions de principi del segle III AC fins a l&rsquo;arribada dels romans, el 218 AC<\/td>\n<\/tr>\n<tr class=\"row-2 even\">\n<td class=\"column-1\">Author<\/td>\n<td class=\"column-2\">Leandre Villaronga<\/td>\n<\/tr>\n<tr class=\"row-3 odd\">\n<td class=\"column-1\">Publisher<\/td>\n<td class=\"column-2\">Societat Catalana d&rsquo;Estudis Numism\u00e0tics &#8211; Barcelona<\/td>\n<\/tr>\n<tr class=\"row-4 even\">\n<td class=\"column-1\">Date<\/td>\n<td class=\"column-2\">2000<\/td>\n<\/tr>\n<tr class=\"row-5 odd\">\n<td class=\"column-1\">Language<\/td>\n<td class=\"column-2\">Catalan<\/td>\n<\/tr>\n<tr class=\"row-6 even\">\n<td class=\"column-1\">Pages<\/td>\n<td class=\"column-2\">254 pages dont 71 planches<\/td>\n<\/tr>\n<tr class=\"row-7 odd\">\n<td class=\"column-1\">Specifications<\/td>\n<td class=\"column-2\">Reli\u00e9 &#8211; 175 x 245 mm<\/td>\n<\/tr>\n<tr class=\"row-8 even\">\n<td class=\"column-1\">Condition<\/td>\n<td class=\"column-2\">New<\/td>\n<\/tr>\n<\/table>","protected":false},"excerpt":{"rendered":"<p>Titre complet Les Monedes de Plata d&rsquo;Emp\u00f2rion, Rhode i les Seves Imitacions de principi del segle III AC fins a l&rsquo;arribada dels romans, el 218 AC Auteur Leandre Villaronga \u00c9diteur Societat Catalana d&rsquo;Estudis Numism\u00e0tics &#8211; Barcelona Date 2000 Langue Catalan Pages 254 pages dont 71 planches Caract\u00e9ristiques Reli\u00e9 &#8211; 175 x 245 mm \u00c9tat Neuf<\/p>","protected":false},"featured_media":20511,"template":"","meta":[],"product_brand":[],"product_cat":[388],"product_tag":[393,155,157],"class_list":{"0":"post-1090","1":"product","2":"type-product","3":"status-publish","4":"has-post-thumbnail","6":"product_cat-archives-librairie","7":"product_tag-librairie","8":"product_tag-livres-monnaies-grecques","9":"product_tag-livres-monnaies-iberiques","11":"first","12":"outofstock","13":"sold-individually","14":"shipping-taxable","15":"purchasable","16":"product-type-simple"},"yoast_head":"<!-- This site is optimized with the Yoast SEO plugin v27.5 - https:\/\/yoast.com\/product\/yoast-seo-wordpress\/ -->\n<title>LES MONEDES DE PLATA D&#039;EMPO\u0300RION, RHODE I LES SEVES IMITACIONS \u2022 Leandre Villaronga &#8226; Odysseus<\/title>\n<meta name=\"robots\" content=\"index, follow, max-snippet:-1, max-image-preview:large, max-video-preview:-1\" \/>\n<link rel=\"canonical\" href=\"https:\/\/odysseus-numismatique.com\/en\/article\/les-monedes-de-plata-demporion-rhode-i-les-seves-imitacions-villaronga\/\" \/>\n<meta property=\"og:locale\" content=\"en_GB\" \/>\n<meta property=\"og:type\" content=\"article\" \/>\n<meta property=\"og:title\" content=\"LES MONEDES DE PLATA D&#039;EMPO\u0300RION, RHODE I LES SEVES IMITACIONS \u2022 Leandre Villaronga &#8226; Odysseus\" \/>\n<meta property=\"og:description\" content=\"Titre complet Les Monedes de Plata d&rsquo;Emp\u00f2rion, Rhode i les Seves Imitacions de principi del segle III AC fins a l&rsquo;arribada dels romans, el 218 AC Auteur Leandre Villaronga \u00c9diteur Societat Catalana d&rsquo;Estudis Numism\u00e0tics &#8211; Barcelona Date 2000 Langue Catalan Pages 254 pages dont 71 planches Caract\u00e9ristiques Reli\u00e9 &#8211; 175 x 245 mm \u00c9tat Neuf\" \/>\n<meta property=\"og:url\" content=\"https:\/\/odysseus-numismatique.com\/en\/article\/les-monedes-de-plata-demporion-rhode-i-les-seves-imitacions-villaronga\/\" \/>\n<meta property=\"og:site_name\" content=\"Odysseus\" \/>\n<meta property=\"article:modified_time\" content=\"2025-03-17T22:49:38+00:00\" \/>\n<meta property=\"og:image\" content=\"https:\/\/odysseus-numismatique.com\/wp-content\/uploads\/2019\/04\/les-monedes-de-plata-demporion-rhode-i-les-seves-imitacions-villaronga.jpg\" \/>\n\t<meta property=\"og:image:width\" content=\"1500\" \/>\n\t<meta property=\"og:image:height\" content=\"750\" \/>\n\t<meta property=\"og:image:type\" content=\"image\/jpeg\" \/>\n<meta name=\"twitter:card\" content=\"summary_large_image\" \/>\n<meta name=\"twitter:label1\" content=\"Estimated reading time\" \/>\n\t<meta name=\"twitter:data1\" content=\"1 minute\" \/>\n<script type=\"application\/ld+json\" class=\"yoast-schema-graph\">{\"@context\":\"https:\\\/\\\/schema.org\",\"@graph\":[{\"@type\":\"WebPage\",\"@id\":\"https:\\\/\\\/odysseus-numismatique.com\\\/article\\\/les-monedes-de-plata-demporion-rhode-i-les-seves-imitacions-villaronga\\\/\",\"url\":\"https:\\\/\\\/odysseus-numismatique.com\\\/article\\\/les-monedes-de-plata-demporion-rhode-i-les-seves-imitacions-villaronga\\\/\",\"name\":\"LES MONEDES DE PLATA D'EMPO\u0300RION, RHODE I LES SEVES IMITACIONS \u2022 Leandre Villaronga &#8226; Odysseus\",\"isPartOf\":{\"@id\":\"https:\\\/\\\/odysseus-numismatique.com\\\/#website\"},\"primaryImageOfPage\":{\"@id\":\"https:\\\/\\\/odysseus-numismatique.com\\\/article\\\/les-monedes-de-plata-demporion-rhode-i-les-seves-imitacions-villaronga\\\/#primaryimage\"},\"image\":{\"@id\":\"https:\\\/\\\/odysseus-numismatique.com\\\/article\\\/les-monedes-de-plata-demporion-rhode-i-les-seves-imitacions-villaronga\\\/#primaryimage\"},\"thumbnailUrl\":\"https:\\\/\\\/odysseus-numismatique.com\\\/wp-content\\\/uploads\\\/2019\\\/04\\\/les-monedes-de-plata-demporion-rhode-i-les-seves-imitacions-villaronga.jpg\",\"datePublished\":\"2019-04-03T18:42:07+00:00\",\"dateModified\":\"2025-03-17T22:49:38+00:00\",\"breadcrumb\":{\"@id\":\"https:\\\/\\\/odysseus-numismatique.com\\\/article\\\/les-monedes-de-plata-demporion-rhode-i-les-seves-imitacions-villaronga\\\/#breadcrumb\"},\"inLanguage\":\"en-GB\",\"potentialAction\":[{\"@type\":\"ReadAction\",\"target\":[\"https:\\\/\\\/odysseus-numismatique.com\\\/article\\\/les-monedes-de-plata-demporion-rhode-i-les-seves-imitacions-villaronga\\\/\"]}]},{\"@type\":\"ImageObject\",\"inLanguage\":\"en-GB\",\"@id\":\"https:\\\/\\\/odysseus-numismatique.com\\\/article\\\/les-monedes-de-plata-demporion-rhode-i-les-seves-imitacions-villaronga\\\/#primaryimage\",\"url\":\"https:\\\/\\\/odysseus-numismatique.com\\\/wp-content\\\/uploads\\\/2019\\\/04\\\/les-monedes-de-plata-demporion-rhode-i-les-seves-imitacions-villaronga.jpg\",\"contentUrl\":\"https:\\\/\\\/odysseus-numismatique.com\\\/wp-content\\\/uploads\\\/2019\\\/04\\\/les-monedes-de-plata-demporion-rhode-i-les-seves-imitacions-villaronga.jpg\",\"width\":1500,\"height\":750,\"caption\":\"Odysseus Numismatique Livres Monnaies Ib\u00e9riques LES MONEDES DE PLATA D'EMPO\u0300RION, RHODE I LES SEVES IMITACIONS \u2022 Leandre Villaronga\"},{\"@type\":\"BreadcrumbList\",\"@id\":\"https:\\\/\\\/odysseus-numismatique.com\\\/article\\\/les-monedes-de-plata-demporion-rhode-i-les-seves-imitacions-villaronga\\\/#breadcrumb\",\"itemListElement\":[{\"@type\":\"ListItem\",\"position\":1,\"name\":\"Accueil\",\"item\":\"https:\\\/\\\/odysseus-numismatique.com\\\/\"},{\"@type\":\"ListItem\",\"position\":2,\"name\":\"Boutique\",\"item\":\"https:\\\/\\\/odysseus-numismatique.com\\\/en\\\/boutique\\\/\"},{\"@type\":\"ListItem\",\"position\":3,\"name\":\"LES MONEDES DE PLATA D&#8217;EMPO\u0300RION, RHODE I LES SEVES IMITACIONS Leandre Villaronga\"}]},{\"@type\":\"WebSite\",\"@id\":\"https:\\\/\\\/odysseus-numismatique.com\\\/#website\",\"url\":\"https:\\\/\\\/odysseus-numismatique.com\\\/\",\"name\":\"Odysseus\",\"description\":\"Numismatique\",\"publisher\":{\"@id\":\"https:\\\/\\\/odysseus-numismatique.com\\\/#organization\"},\"potentialAction\":[{\"@type\":\"SearchAction\",\"target\":{\"@type\":\"EntryPoint\",\"urlTemplate\":\"https:\\\/\\\/odysseus-numismatique.com\\\/?s={search_term_string}\"},\"query-input\":{\"@type\":\"PropertyValueSpecification\",\"valueRequired\":true,\"valueName\":\"search_term_string\"}}],\"inLanguage\":\"en-GB\"},{\"@type\":\"Organization\",\"@id\":\"https:\\\/\\\/odysseus-numismatique.com\\\/#organization\",\"name\":\"Odysseus\",\"url\":\"https:\\\/\\\/odysseus-numismatique.com\\\/\",\"logo\":{\"@type\":\"ImageObject\",\"inLanguage\":\"en-GB\",\"@id\":\"https:\\\/\\\/odysseus-numismatique.com\\\/#\\\/schema\\\/logo\\\/image\\\/\",\"url\":\"https:\\\/\\\/odysseus-numismatique.com\\\/wp-content\\\/uploads\\\/2019\\\/04\\\/odysseus-numismatique.png\",\"contentUrl\":\"https:\\\/\\\/odysseus-numismatique.com\\\/wp-content\\\/uploads\\\/2019\\\/04\\\/odysseus-numismatique.png\",\"width\":500,\"height\":500,\"caption\":\"Odysseus\"},\"image\":{\"@id\":\"https:\\\/\\\/odysseus-numismatique.com\\\/#\\\/schema\\\/logo\\\/image\\\/\"}}]}<\/script>\n<!-- \/ Yoast SEO plugin. -->","yoast_head_json":{"title":"LES MONEDES DE PLATA D'EMPO\u0300RION, RHODE I LES SEVES IMITACIONS \u2022 Leandre Villaronga &#8226; Odysseus","robots":{"index":"index","follow":"follow","max-snippet":"max-snippet:-1","max-image-preview":"max-image-preview:large","max-video-preview":"max-video-preview:-1"},"canonical":"https:\/\/odysseus-numismatique.com\/en\/article\/les-monedes-de-plata-demporion-rhode-i-les-seves-imitacions-villaronga\/","og_locale":"en_GB","og_type":"article","og_title":"LES MONEDES DE PLATA D'EMPO\u0300RION, RHODE I LES SEVES IMITACIONS \u2022 Leandre Villaronga &#8226; Odysseus","og_description":"Titre complet Les Monedes de Plata d&rsquo;Emp\u00f2rion, Rhode i les Seves Imitacions de principi del segle III AC fins a l&rsquo;arribada dels romans, el 218 AC Auteur Leandre Villaronga \u00c9diteur Societat Catalana d&rsquo;Estudis Numism\u00e0tics &#8211; Barcelona Date 2000 Langue Catalan Pages 254 pages dont 71 planches Caract\u00e9ristiques Reli\u00e9 &#8211; 175 x 245 mm \u00c9tat Neuf","og_url":"https:\/\/odysseus-numismatique.com\/en\/article\/les-monedes-de-plata-demporion-rhode-i-les-seves-imitacions-villaronga\/","og_site_name":"Odysseus","article_modified_time":"2025-03-17T22:49:38+00:00","og_image":[{"width":1500,"height":750,"url":"https:\/\/odysseus-numismatique.com\/wp-content\/uploads\/2019\/04\/les-monedes-de-plata-demporion-rhode-i-les-seves-imitacions-villaronga.jpg","type":"image\/jpeg"}],"twitter_card":"summary_large_image","twitter_misc":{"Estimated reading time":"1 minute"},"schema":{"@context":"https:\/\/schema.org","@graph":[{"@type":"WebPage","@id":"https:\/\/odysseus-numismatique.com\/article\/les-monedes-de-plata-demporion-rhode-i-les-seves-imitacions-villaronga\/","url":"https:\/\/odysseus-numismatique.com\/article\/les-monedes-de-plata-demporion-rhode-i-les-seves-imitacions-villaronga\/","name":"LES MONEDES DE PLATA D'EMPO\u0300RION, RHODE I LES SEVES IMITACIONS \u2022 Leandre Villaronga &#8226; Odysseus","isPartOf":{"@id":"https:\/\/odysseus-numismatique.com\/#website"},"primaryImageOfPage":{"@id":"https:\/\/odysseus-numismatique.com\/article\/les-monedes-de-plata-demporion-rhode-i-les-seves-imitacions-villaronga\/#primaryimage"},"image":{"@id":"https:\/\/odysseus-numismatique.com\/article\/les-monedes-de-plata-demporion-rhode-i-les-seves-imitacions-villaronga\/#primaryimage"},"thumbnailUrl":"https:\/\/odysseus-numismatique.com\/wp-content\/uploads\/2019\/04\/les-monedes-de-plata-demporion-rhode-i-les-seves-imitacions-villaronga.jpg","datePublished":"2019-04-03T18:42:07+00:00","dateModified":"2025-03-17T22:49:38+00:00","breadcrumb":{"@id":"https:\/\/odysseus-numismatique.com\/article\/les-monedes-de-plata-demporion-rhode-i-les-seves-imitacions-villaronga\/#breadcrumb"},"inLanguage":"en-GB","potentialAction":[{"@type":"ReadAction","target":["https:\/\/odysseus-numismatique.com\/article\/les-monedes-de-plata-demporion-rhode-i-les-seves-imitacions-villaronga\/"]}]},{"@type":"ImageObject","inLanguage":"en-GB","@id":"https:\/\/odysseus-numismatique.com\/article\/les-monedes-de-plata-demporion-rhode-i-les-seves-imitacions-villaronga\/#primaryimage","url":"https:\/\/odysseus-numismatique.com\/wp-content\/uploads\/2019\/04\/les-monedes-de-plata-demporion-rhode-i-les-seves-imitacions-villaronga.jpg","contentUrl":"https:\/\/odysseus-numismatique.com\/wp-content\/uploads\/2019\/04\/les-monedes-de-plata-demporion-rhode-i-les-seves-imitacions-villaronga.jpg","width":1500,"height":750,"caption":"Odysseus Numismatique Livres Monnaies Ib\u00e9riques LES MONEDES DE PLATA D'EMPO\u0300RION, RHODE I LES SEVES IMITACIONS \u2022 Leandre Villaronga"},{"@type":"BreadcrumbList","@id":"https:\/\/odysseus-numismatique.com\/article\/les-monedes-de-plata-demporion-rhode-i-les-seves-imitacions-villaronga\/#breadcrumb","itemListElement":[{"@type":"ListItem","position":1,"name":"Accueil","item":"https:\/\/odysseus-numismatique.com\/"},{"@type":"ListItem","position":2,"name":"Boutique","item":"https:\/\/odysseus-numismatique.com\/en\/boutique\/"},{"@type":"ListItem","position":3,"name":"LES MONEDES DE PLATA D&#8217;EMPO\u0300RION, RHODE I LES SEVES IMITACIONS Leandre Villaronga"}]},{"@type":"WebSite","@id":"https:\/\/odysseus-numismatique.com\/#website","url":"https:\/\/odysseus-numismatique.com\/","name":"Odysseus","description":"Numismatics","publisher":{"@id":"https:\/\/odysseus-numismatique.com\/#organization"},"potentialAction":[{"@type":"SearchAction","target":{"@type":"EntryPoint","urlTemplate":"https:\/\/odysseus-numismatique.com\/?s={search_term_string}"},"query-input":{"@type":"PropertyValueSpecification","valueRequired":true,"valueName":"search_term_string"}}],"inLanguage":"en-GB"},{"@type":"Organization","@id":"https:\/\/odysseus-numismatique.com\/#organization","name":"Odysseus","url":"https:\/\/odysseus-numismatique.com\/","logo":{"@type":"ImageObject","inLanguage":"en-GB","@id":"https:\/\/odysseus-numismatique.com\/#\/schema\/logo\/image\/","url":"https:\/\/odysseus-numismatique.com\/wp-content\/uploads\/2019\/04\/odysseus-numismatique.png","contentUrl":"https:\/\/odysseus-numismatique.com\/wp-content\/uploads\/2019\/04\/odysseus-numismatique.png","width":500,"height":500,"caption":"Odysseus"},"image":{"@id":"https:\/\/odysseus-numismatique.com\/#\/schema\/logo\/image\/"}}]}},"_links":{"self":[{"href":"https:\/\/odysseus-numismatique.com\/en\/wp-json\/wp\/v2\/product\/1090","targetHints":{"allow":["GET"]}}],"collection":[{"href":"https:\/\/odysseus-numismatique.com\/en\/wp-json\/wp\/v2\/product"}],"about":[{"href":"https:\/\/odysseus-numismatique.com\/en\/wp-json\/wp\/v2\/types\/product"}],"wp:featuredmedia":[{"embeddable":true,"href":"https:\/\/odysseus-numismatique.com\/en\/wp-json\/wp\/v2\/media\/20511"}],"wp:attachment":[{"href":"https:\/\/odysseus-numismatique.com\/en\/wp-json\/wp\/v2\/media?parent=1090"}],"wp:term":[{"taxonomy":"product_brand","embeddable":true,"href":"https:\/\/odysseus-numismatique.com\/en\/wp-json\/wp\/v2\/product_brand?post=1090"},{"taxonomy":"product_cat","embeddable":true,"href":"https:\/\/odysseus-numismatique.com\/en\/wp-json\/wp\/v2\/product_cat?post=1090"},{"taxonomy":"product_tag","embeddable":true,"href":"https:\/\/odysseus-numismatique.com\/en\/wp-json\/wp\/v2\/product_tag?post=1090"}],"curies":[{"name":"wp","href":"https:\/\/api.w.org\/{rel}","templated":true}]}}