{"id":1083,"date":"2019-04-03T19:31:25","date_gmt":"2019-04-03T17:31:25","guid":{"rendered":"https:\/\/odysseus-numismatique.com\/?post_type=product&#038;p=1083"},"modified":"2025-04-02T23:06:54","modified_gmt":"2025-04-02T22:06:54","slug":"monnaies-grecques-antiques-collection-pozzi-1920","status":"publish","type":"product","link":"https:\/\/odysseus-numismatique.com\/en\/article\/monnaies-grecques-antiques-collection-pozzi-1920\/","title":{"rendered":"COLLECTION POZZI &#8211; MONNAIES GRECQUES ANTIQUES <br \/> Jacob Hirsch 1920"},"content":{"rendered":"<style>\n.tableproduct {border-collapse:none}\n.tableproduct td {border:none !important; padding:10px}\n.tableproduct .odd td {background-color:#424242}\n.tableproduct .even td {background-color:#3a3a3a}\n.tableproduct .column-1 {text-transform: uppercase; font-weight: bold; font-size: 0.75em}\n.tableproduct .column-2 {font-size: 1em}\n<\/style>\n<table class=\"tableproduct\">\n<tr class=\"row-1 odd\">\n<td class=\"column-1\">Full Title<\/td>\n<td class=\"column-2\">Monnaies Grecques Antiques provenant de la Collection de feu le Prof. S. Pozzi<\/td>\n<\/tr>\n<tr class=\"row-2 even\">\n<td class=\"column-1\">Author<\/td>\n<td class=\"column-2\">Jacob Hirsch<\/td>\n<\/tr>\n<tr class=\"row-3 odd\">\n<td class=\"column-1\">Publisher<\/td>\n<td class=\"column-2\">Bank Leu (Zurich) &#8211; Schulman (Amsterdam)<\/td>\n<\/tr>\n<tr class=\"row-4 even\">\n<td class=\"column-1\">Date<\/td>\n<td class=\"column-2\">1966<\/td>\n<\/tr>\n<tr class=\"row-5 odd\">\n<td class=\"column-1\">Language<\/td>\n<td class=\"column-2\">Fran\u00e7ais<\/td>\n<\/tr>\n<tr class=\"row-6 even\">\n<td class=\"column-1\">Pages<\/td>\n<td class=\"column-2\">194 pages + 101 planches &#8211; 3334 num\u00e9ros<\/td>\n<\/tr>\n<tr class=\"row-7 odd\">\n<td class=\"column-1\">Specifications<\/td>\n<td class=\"column-2\">Reli\u00e9 &#8211; 225 x 290 mm<\/td>\n<\/tr>\n<tr class=\"row-8 even\">\n<td class=\"column-1\">Condition<\/td>\n<td class=\"column-2\">Bon \u00e9tat, couverture l\u00e9g\u00e8rement us\u00e9e<\/td>\n<\/tr>\n<\/table>","protected":false},"excerpt":{"rendered":"<p>R\u00e9impression du catalogue \u00e9mis par Dr. Jacob Hirsch \u00e0 Gen\u00e8ve en 1920, tr\u00e8s c\u00e9l\u00e8bre collection de monnaies grecques : 194 pages de description, 101 planches et liste des prix r\u00e9alis\u00e9s, couverture toil\u00e9e avec titres dor\u00e9s<\/p>","protected":false},"featured_media":20718,"template":"","meta":[],"product_brand":[],"product_cat":[388],"product_tag":[166,393,155],"class_list":{"0":"post-1083","1":"product","2":"type-product","3":"status-publish","4":"has-post-thumbnail","6":"product_cat-archives-librairie","7":"product_tag-catalogues-de-vente","8":"product_tag-librairie","9":"product_tag-livres-monnaies-grecques","11":"first","12":"outofstock","13":"sold-individually","14":"shipping-taxable","15":"purchasable","16":"product-type-simple"},"yoast_head":"<!-- This site is optimized with the Yoast SEO plugin v27.5 - https:\/\/yoast.com\/product\/yoast-seo-wordpress\/ -->\n<title>COLLECTION POZZI - MONNAIES GRECQUES ANTIQUES \u2022 Jacob Hirsch 1920 &#8226; Odysseus<\/title>\n<meta name=\"robots\" content=\"index, follow, max-snippet:-1, max-image-preview:large, max-video-preview:-1\" \/>\n<link rel=\"canonical\" href=\"https:\/\/odysseus-numismatique.com\/en\/article\/monnaies-grecques-antiques-collection-pozzi-1920\/\" \/>\n<meta property=\"og:locale\" content=\"en_GB\" \/>\n<meta property=\"og:type\" content=\"article\" \/>\n<meta property=\"og:title\" content=\"COLLECTION POZZI - MONNAIES GRECQUES ANTIQUES \u2022 Jacob Hirsch 1920 &#8226; Odysseus\" \/>\n<meta property=\"og:description\" content=\"R\u00e9impression du catalogue \u00e9mis par Dr. Jacob Hirsch \u00e0 Gen\u00e8ve en 1920, tr\u00e8s c\u00e9l\u00e8bre collection de monnaies grecques : 194 pages de description, 101 planches et liste des prix r\u00e9alis\u00e9s, couverture toil\u00e9e avec titres dor\u00e9s\" \/>\n<meta property=\"og:url\" content=\"https:\/\/odysseus-numismatique.com\/en\/article\/monnaies-grecques-antiques-collection-pozzi-1920\/\" \/>\n<meta property=\"og:site_name\" content=\"Odysseus\" \/>\n<meta property=\"article:modified_time\" content=\"2025-04-02T22:06:54+00:00\" \/>\n<meta property=\"og:image\" content=\"https:\/\/odysseus-numismatique.com\/wp-content\/uploads\/2019\/04\/monnaies-grecques-antiques-collection-pozzi-1920.jpg\" \/>\n\t<meta property=\"og:image:width\" content=\"1500\" \/>\n\t<meta property=\"og:image:height\" content=\"750\" \/>\n\t<meta property=\"og:image:type\" content=\"image\/jpeg\" \/>\n<meta name=\"twitter:card\" content=\"summary_large_image\" \/>\n<meta name=\"twitter:label1\" content=\"Estimated reading time\" \/>\n\t<meta name=\"twitter:data1\" content=\"1 minute\" \/>\n<script type=\"application\/ld+json\" class=\"yoast-schema-graph\">{\"@context\":\"https:\\\/\\\/schema.org\",\"@graph\":[{\"@type\":\"WebPage\",\"@id\":\"https:\\\/\\\/odysseus-numismatique.com\\\/article\\\/monnaies-grecques-antiques-collection-pozzi-1920\\\/\",\"url\":\"https:\\\/\\\/odysseus-numismatique.com\\\/article\\\/monnaies-grecques-antiques-collection-pozzi-1920\\\/\",\"name\":\"COLLECTION POZZI - MONNAIES GRECQUES ANTIQUES \u2022 Jacob Hirsch 1920 &#8226; Odysseus\",\"isPartOf\":{\"@id\":\"https:\\\/\\\/odysseus-numismatique.com\\\/#website\"},\"primaryImageOfPage\":{\"@id\":\"https:\\\/\\\/odysseus-numismatique.com\\\/article\\\/monnaies-grecques-antiques-collection-pozzi-1920\\\/#primaryimage\"},\"image\":{\"@id\":\"https:\\\/\\\/odysseus-numismatique.com\\\/article\\\/monnaies-grecques-antiques-collection-pozzi-1920\\\/#primaryimage\"},\"thumbnailUrl\":\"https:\\\/\\\/odysseus-numismatique.com\\\/wp-content\\\/uploads\\\/2019\\\/04\\\/monnaies-grecques-antiques-collection-pozzi-1920.jpg\",\"datePublished\":\"2019-04-03T17:31:25+00:00\",\"dateModified\":\"2025-04-02T22:06:54+00:00\",\"breadcrumb\":{\"@id\":\"https:\\\/\\\/odysseus-numismatique.com\\\/article\\\/monnaies-grecques-antiques-collection-pozzi-1920\\\/#breadcrumb\"},\"inLanguage\":\"en-GB\",\"potentialAction\":[{\"@type\":\"ReadAction\",\"target\":[\"https:\\\/\\\/odysseus-numismatique.com\\\/article\\\/monnaies-grecques-antiques-collection-pozzi-1920\\\/\"]}]},{\"@type\":\"ImageObject\",\"inLanguage\":\"en-GB\",\"@id\":\"https:\\\/\\\/odysseus-numismatique.com\\\/article\\\/monnaies-grecques-antiques-collection-pozzi-1920\\\/#primaryimage\",\"url\":\"https:\\\/\\\/odysseus-numismatique.com\\\/wp-content\\\/uploads\\\/2019\\\/04\\\/monnaies-grecques-antiques-collection-pozzi-1920.jpg\",\"contentUrl\":\"https:\\\/\\\/odysseus-numismatique.com\\\/wp-content\\\/uploads\\\/2019\\\/04\\\/monnaies-grecques-antiques-collection-pozzi-1920.jpg\",\"width\":1500,\"height\":750,\"caption\":\"Odysseus Numismatique Livres Catalogues de Vente Monnaies Grecques MONNAIES GRECQUES ANTIQUES DE LA COLLECTION POZZI \u2022 Jacob Hirsch 1920\"},{\"@type\":\"BreadcrumbList\",\"@id\":\"https:\\\/\\\/odysseus-numismatique.com\\\/article\\\/monnaies-grecques-antiques-collection-pozzi-1920\\\/#breadcrumb\",\"itemListElement\":[{\"@type\":\"ListItem\",\"position\":1,\"name\":\"Accueil\",\"item\":\"https:\\\/\\\/odysseus-numismatique.com\\\/\"},{\"@type\":\"ListItem\",\"position\":2,\"name\":\"Boutique\",\"item\":\"https:\\\/\\\/odysseus-numismatique.com\\\/en\\\/boutique\\\/\"},{\"@type\":\"ListItem\",\"position\":3,\"name\":\"COLLECTION POZZI &#8211; MONNAIES GRECQUES ANTIQUES Jacob Hirsch 1920\"}]},{\"@type\":\"WebSite\",\"@id\":\"https:\\\/\\\/odysseus-numismatique.com\\\/#website\",\"url\":\"https:\\\/\\\/odysseus-numismatique.com\\\/\",\"name\":\"Odysseus\",\"description\":\"Numismatique\",\"publisher\":{\"@id\":\"https:\\\/\\\/odysseus-numismatique.com\\\/#organization\"},\"potentialAction\":[{\"@type\":\"SearchAction\",\"target\":{\"@type\":\"EntryPoint\",\"urlTemplate\":\"https:\\\/\\\/odysseus-numismatique.com\\\/?s={search_term_string}\"},\"query-input\":{\"@type\":\"PropertyValueSpecification\",\"valueRequired\":true,\"valueName\":\"search_term_string\"}}],\"inLanguage\":\"en-GB\"},{\"@type\":\"Organization\",\"@id\":\"https:\\\/\\\/odysseus-numismatique.com\\\/#organization\",\"name\":\"Odysseus\",\"url\":\"https:\\\/\\\/odysseus-numismatique.com\\\/\",\"logo\":{\"@type\":\"ImageObject\",\"inLanguage\":\"en-GB\",\"@id\":\"https:\\\/\\\/odysseus-numismatique.com\\\/#\\\/schema\\\/logo\\\/image\\\/\",\"url\":\"https:\\\/\\\/odysseus-numismatique.com\\\/wp-content\\\/uploads\\\/2019\\\/04\\\/odysseus-numismatique.png\",\"contentUrl\":\"https:\\\/\\\/odysseus-numismatique.com\\\/wp-content\\\/uploads\\\/2019\\\/04\\\/odysseus-numismatique.png\",\"width\":500,\"height\":500,\"caption\":\"Odysseus\"},\"image\":{\"@id\":\"https:\\\/\\\/odysseus-numismatique.com\\\/#\\\/schema\\\/logo\\\/image\\\/\"}}]}<\/script>\n<!-- \/ Yoast SEO plugin. -->","yoast_head_json":{"title":"COLLECTION POZZI - MONNAIES GRECQUES ANTIQUES \u2022 Jacob Hirsch 1920 &#8226; Odysseus","robots":{"index":"index","follow":"follow","max-snippet":"max-snippet:-1","max-image-preview":"max-image-preview:large","max-video-preview":"max-video-preview:-1"},"canonical":"https:\/\/odysseus-numismatique.com\/en\/article\/monnaies-grecques-antiques-collection-pozzi-1920\/","og_locale":"en_GB","og_type":"article","og_title":"COLLECTION POZZI - MONNAIES GRECQUES ANTIQUES \u2022 Jacob Hirsch 1920 &#8226; Odysseus","og_description":"R\u00e9impression du catalogue \u00e9mis par Dr. Jacob Hirsch \u00e0 Gen\u00e8ve en 1920, tr\u00e8s c\u00e9l\u00e8bre collection de monnaies grecques : 194 pages de description, 101 planches et liste des prix r\u00e9alis\u00e9s, couverture toil\u00e9e avec titres dor\u00e9s","og_url":"https:\/\/odysseus-numismatique.com\/en\/article\/monnaies-grecques-antiques-collection-pozzi-1920\/","og_site_name":"Odysseus","article_modified_time":"2025-04-02T22:06:54+00:00","og_image":[{"width":1500,"height":750,"url":"https:\/\/odysseus-numismatique.com\/wp-content\/uploads\/2019\/04\/monnaies-grecques-antiques-collection-pozzi-1920.jpg","type":"image\/jpeg"}],"twitter_card":"summary_large_image","twitter_misc":{"Estimated reading time":"1 minute"},"schema":{"@context":"https:\/\/schema.org","@graph":[{"@type":"WebPage","@id":"https:\/\/odysseus-numismatique.com\/article\/monnaies-grecques-antiques-collection-pozzi-1920\/","url":"https:\/\/odysseus-numismatique.com\/article\/monnaies-grecques-antiques-collection-pozzi-1920\/","name":"COLLECTION POZZI - MONNAIES GRECQUES ANTIQUES \u2022 Jacob Hirsch 1920 &#8226; Odysseus","isPartOf":{"@id":"https:\/\/odysseus-numismatique.com\/#website"},"primaryImageOfPage":{"@id":"https:\/\/odysseus-numismatique.com\/article\/monnaies-grecques-antiques-collection-pozzi-1920\/#primaryimage"},"image":{"@id":"https:\/\/odysseus-numismatique.com\/article\/monnaies-grecques-antiques-collection-pozzi-1920\/#primaryimage"},"thumbnailUrl":"https:\/\/odysseus-numismatique.com\/wp-content\/uploads\/2019\/04\/monnaies-grecques-antiques-collection-pozzi-1920.jpg","datePublished":"2019-04-03T17:31:25+00:00","dateModified":"2025-04-02T22:06:54+00:00","breadcrumb":{"@id":"https:\/\/odysseus-numismatique.com\/article\/monnaies-grecques-antiques-collection-pozzi-1920\/#breadcrumb"},"inLanguage":"en-GB","potentialAction":[{"@type":"ReadAction","target":["https:\/\/odysseus-numismatique.com\/article\/monnaies-grecques-antiques-collection-pozzi-1920\/"]}]},{"@type":"ImageObject","inLanguage":"en-GB","@id":"https:\/\/odysseus-numismatique.com\/article\/monnaies-grecques-antiques-collection-pozzi-1920\/#primaryimage","url":"https:\/\/odysseus-numismatique.com\/wp-content\/uploads\/2019\/04\/monnaies-grecques-antiques-collection-pozzi-1920.jpg","contentUrl":"https:\/\/odysseus-numismatique.com\/wp-content\/uploads\/2019\/04\/monnaies-grecques-antiques-collection-pozzi-1920.jpg","width":1500,"height":750,"caption":"Odysseus Numismatique Livres Catalogues de Vente Monnaies Grecques MONNAIES GRECQUES ANTIQUES DE LA COLLECTION POZZI \u2022 Jacob Hirsch 1920"},{"@type":"BreadcrumbList","@id":"https:\/\/odysseus-numismatique.com\/article\/monnaies-grecques-antiques-collection-pozzi-1920\/#breadcrumb","itemListElement":[{"@type":"ListItem","position":1,"name":"Accueil","item":"https:\/\/odysseus-numismatique.com\/"},{"@type":"ListItem","position":2,"name":"Boutique","item":"https:\/\/odysseus-numismatique.com\/en\/boutique\/"},{"@type":"ListItem","position":3,"name":"COLLECTION POZZI &#8211; MONNAIES GRECQUES ANTIQUES Jacob Hirsch 1920"}]},{"@type":"WebSite","@id":"https:\/\/odysseus-numismatique.com\/#website","url":"https:\/\/odysseus-numismatique.com\/","name":"Odysseus","description":"Numismatics","publisher":{"@id":"https:\/\/odysseus-numismatique.com\/#organization"},"potentialAction":[{"@type":"SearchAction","target":{"@type":"EntryPoint","urlTemplate":"https:\/\/odysseus-numismatique.com\/?s={search_term_string}"},"query-input":{"@type":"PropertyValueSpecification","valueRequired":true,"valueName":"search_term_string"}}],"inLanguage":"en-GB"},{"@type":"Organization","@id":"https:\/\/odysseus-numismatique.com\/#organization","name":"Odysseus","url":"https:\/\/odysseus-numismatique.com\/","logo":{"@type":"ImageObject","inLanguage":"en-GB","@id":"https:\/\/odysseus-numismatique.com\/#\/schema\/logo\/image\/","url":"https:\/\/odysseus-numismatique.com\/wp-content\/uploads\/2019\/04\/odysseus-numismatique.png","contentUrl":"https:\/\/odysseus-numismatique.com\/wp-content\/uploads\/2019\/04\/odysseus-numismatique.png","width":500,"height":500,"caption":"Odysseus"},"image":{"@id":"https:\/\/odysseus-numismatique.com\/#\/schema\/logo\/image\/"}}]}},"_links":{"self":[{"href":"https:\/\/odysseus-numismatique.com\/en\/wp-json\/wp\/v2\/product\/1083","targetHints":{"allow":["GET"]}}],"collection":[{"href":"https:\/\/odysseus-numismatique.com\/en\/wp-json\/wp\/v2\/product"}],"about":[{"href":"https:\/\/odysseus-numismatique.com\/en\/wp-json\/wp\/v2\/types\/product"}],"wp:featuredmedia":[{"embeddable":true,"href":"https:\/\/odysseus-numismatique.com\/en\/wp-json\/wp\/v2\/media\/20718"}],"wp:attachment":[{"href":"https:\/\/odysseus-numismatique.com\/en\/wp-json\/wp\/v2\/media?parent=1083"}],"wp:term":[{"taxonomy":"product_brand","embeddable":true,"href":"https:\/\/odysseus-numismatique.com\/en\/wp-json\/wp\/v2\/product_brand?post=1083"},{"taxonomy":"product_cat","embeddable":true,"href":"https:\/\/odysseus-numismatique.com\/en\/wp-json\/wp\/v2\/product_cat?post=1083"},{"taxonomy":"product_tag","embeddable":true,"href":"https:\/\/odysseus-numismatique.com\/en\/wp-json\/wp\/v2\/product_tag?post=1083"}],"curies":[{"name":"wp","href":"https:\/\/api.w.org\/{rel}","templated":true}]}}