{"id":10344,"date":"2021-03-19T17:53:17","date_gmt":"2021-03-19T16:53:17","guid":{"rendered":"https:\/\/odysseus-numismatique.com\/?post_type=product&#038;p=10344"},"modified":"2025-03-18T01:02:48","modified_gmt":"2025-03-18T00:02:48","slug":"volques-tectosages-drachme-24","status":"publish","type":"product","link":"https:\/\/odysseus-numismatique.com\/en\/article\/volques-tectosages-drachme-24\/","title":{"rendered":"VOLCAE TECTOSAGES <br \/> Drachm"},"content":{"rendered":"<style>\n.tableproduct {border-collapse:none}\n.tableproduct td {border:none!important; padding:10px}\n.tableproduct .odd td {background-color:#424242}\n.tableproduct .even td {background-color:#3a3a3a}\n.tableproduct .column-1 {text-transform:uppercase; font-weight:bold; font-size:0.75em; width:20%}\n.tableproduct .column-2 {font-size:1em}\n<\/style>\n<table class=\"tableproduct\">\n<tr class=\"row-1 odd\">\n<td class=\"column-1\">Obverse<\/td>\n<td class=\"column-2\">T\u00eate \u00e0 gauche, deux dauphins devant le visage.<\/td>\n<\/tr>\n<tr class=\"row-2 even\">\n<td class=\"column-1\">Reverse<\/td>\n<td class=\"column-2\">Croix cantonn\u00e9e d&rsquo;une ellipse, de deux balles de fronde et d&rsquo;une hache.<\/td>\n<\/tr>\n<tr class=\"row-3 odd\">\n<td class=\"column-1\">Denomination<\/td>\n<td class=\"column-2\">Drachm<\/td>\n<\/tr>\n<tr class=\"row-4 even\">\n<td class=\"column-1\">Date<\/td>\n<td class=\"column-2\">2nd century BC<\/td>\n<\/tr>\n<tr class=\"row-5 odd\">\n<td class=\"column-1\">Mint<\/td>\n<td class=\"column-2\">Toulouse area<\/td>\n<\/tr>\n<tr class=\"row-6 even\">\n<td class=\"column-1\">Metal<\/td>\n<td class=\"column-2\">Silver<\/td>\n<\/tr>\n<tr class=\"row-7 odd\">\n<td class=\"column-1\">Weight<\/td>\n<td class=\"column-2\">3.55 g<\/td>\n<\/tr>\n<tr class=\"row-8 even\">\n<td class=\"column-1\">Diameter<\/td>\n<td class=\"column-2\">17.3 mm<\/td>\n<\/tr>\n<tr class=\"row-9 odd\">\n<td class=\"column-1\">Reference<\/td>\n<td class=\"column-2\">Sav\u00e8s 64 var.<\/td>\n<\/tr>\n<tr class=\"row-10 even\">\n<td class=\"column-1\">Condition<\/td>\n<td class=\"column-2\">EF<\/td>\n<\/tr>\n<\/table>","protected":false},"excerpt":{"rendered":"<p>Tr\u00e8s bel exemplaire, rare variante avec esse boulet\u00e9e partant du front rappelant le cobra des couronnes \u00e9gyptiennes, symbole de pouvoir et de divinit\u00e9 (Uraeus). S&rsquo;il est audacieux de relier cette esse boulet\u00e9e \u00e0 l&rsquo;Uraeus, cet appendice sur le front a tr\u00e8s certainement une signification religieuse, il se retrouve sur les portraits frapp\u00e9s sur les drachmes anciennes de la vall\u00e9e du Rh\u00f4ne \u00e0 la l\u00e9gende IALKOVESI \/ KASIOS, sur les premi\u00e8res \u00e9missions des monnaies au bouquetin et plus rarement sur les drachmes \u00e0 la l\u00e9gende IAZUS.<br \/>\n<img decoding=\"async\" src=\"https:\/\/odysseus-numismatique.com\/wp-content\/uploads\/2021\/03\/volques-tectosages-drachme-24-2.jpg\" alt=\"Odysseus Numismatique Monnaies Gauloises VOLQUES TECTOSAGES \u2022 Drachme \u00e0 l&#039;Uraeus\" width=\"50%\" height=\"50%\" size-full wp-image-10465\" srcset=\"https:\/\/odysseus-numismatique.com\/wp-content\/uploads\/2021\/03\/volques-tectosages-drachme-24-2.jpg 1100w, https:\/\/odysseus-numismatique.com\/wp-content\/uploads\/2021\/03\/volques-tectosages-drachme-24-2-500x250.jpg 500w, https:\/\/odysseus-numismatique.com\/wp-content\/uploads\/2021\/03\/volques-tectosages-drachme-24-2-1000x500.jpg 1000w, https:\/\/odysseus-numismatique.com\/wp-content\/uploads\/2021\/03\/volques-tectosages-drachme-24-2-300x150.jpg 300w, https:\/\/odysseus-numismatique.com\/wp-content\/uploads\/2021\/03\/volques-tectosages-drachme-24-2-1024x512.jpg 1024w, https:\/\/odysseus-numismatique.com\/wp-content\/uploads\/2021\/03\/volques-tectosages-drachme-24-2-768x384.jpg 768w, https:\/\/odysseus-numismatique.com\/wp-content\/uploads\/2021\/03\/volques-tectosages-drachme-24-2-16x8.jpg 16w\" sizes=\"(max-width: 1100px) 100vw, 1100px\" \/><\/p>","protected":false},"featured_media":10345,"template":"","meta":[],"product_brand":[],"product_cat":[15],"product_tag":[150,394],"class_list":{"0":"post-10344","1":"product","2":"type-product","3":"status-publish","4":"has-post-thumbnail","6":"product_cat-vendus","7":"product_tag-monnaies-gauloises","8":"product_tag-numismatique","9":"pa_metal-argent","10":"pa_module-drachme","12":"first","13":"outofstock","14":"sold-individually","15":"shipping-taxable","16":"purchasable","17":"product-type-simple"},"yoast_head":"<!-- This site is optimized with the Yoast SEO plugin v27.2 - https:\/\/yoast.com\/product\/yoast-seo-wordpress\/ -->\n<title>VOLQUES TECTOSAGES \u2022 Drachme &#8226; Odysseus<\/title>\n<meta name=\"robots\" content=\"index, follow, max-snippet:-1, max-image-preview:large, max-video-preview:-1\" \/>\n<link rel=\"canonical\" href=\"https:\/\/odysseus-numismatique.com\/en\/article\/volques-tectosages-drachme-24\/\" \/>\n<meta property=\"og:locale\" content=\"en_GB\" \/>\n<meta property=\"og:type\" content=\"article\" \/>\n<meta property=\"og:title\" content=\"VOLQUES TECTOSAGES \u2022 Drachme &#8226; Odysseus\" \/>\n<meta property=\"og:description\" content=\"Tr\u00e8s bel exemplaire, rare variante avec esse boulet\u00e9e partant du front rappelant le cobra des couronnes \u00e9gyptiennes, symbole de pouvoir et de divinit\u00e9 (Uraeus). S&#039;il est audacieux de relier cette esse boulet\u00e9e \u00e0 l&#039;Uraeus, cet appendice sur le front a tr\u00e8s certainement une signification religieuse, il se retrouve sur les portraits frapp\u00e9s sur les drachmes anciennes de la vall\u00e9e du Rh\u00f4ne \u00e0 la l\u00e9gende IALKOVESI \/ KASIOS, sur les premi\u00e8res \u00e9missions des monnaies au bouquetin et plus rarement sur les drachmes \u00e0 la l\u00e9gende IAZUS.\" \/>\n<meta property=\"og:url\" content=\"https:\/\/odysseus-numismatique.com\/en\/article\/volques-tectosages-drachme-24\/\" \/>\n<meta property=\"og:site_name\" content=\"Odysseus\" \/>\n<meta property=\"article:modified_time\" content=\"2025-03-18T00:02:48+00:00\" \/>\n<meta property=\"og:image\" content=\"https:\/\/odysseus-numismatique.com\/wp-content\/uploads\/2021\/03\/volques-tectosages-drachme-24.jpg\" \/>\n\t<meta property=\"og:image:width\" content=\"1500\" \/>\n\t<meta property=\"og:image:height\" content=\"750\" \/>\n\t<meta property=\"og:image:type\" content=\"image\/jpeg\" \/>\n<meta name=\"twitter:card\" content=\"summary_large_image\" \/>\n<script type=\"application\/ld+json\" class=\"yoast-schema-graph\">{\"@context\":\"https:\/\/schema.org\",\"@graph\":[{\"@type\":\"WebPage\",\"@id\":\"https:\/\/odysseus-numismatique.com\/article\/volques-tectosages-drachme-24\/\",\"url\":\"https:\/\/odysseus-numismatique.com\/article\/volques-tectosages-drachme-24\/\",\"name\":\"VOLQUES TECTOSAGES \u2022 Drachme &#8226; Odysseus\",\"isPartOf\":{\"@id\":\"https:\/\/odysseus-numismatique.com\/#website\"},\"primaryImageOfPage\":{\"@id\":\"https:\/\/odysseus-numismatique.com\/article\/volques-tectosages-drachme-24\/#primaryimage\"},\"image\":{\"@id\":\"https:\/\/odysseus-numismatique.com\/article\/volques-tectosages-drachme-24\/#primaryimage\"},\"thumbnailUrl\":\"https:\/\/odysseus-numismatique.com\/wp-content\/uploads\/2021\/03\/volques-tectosages-drachme-24.jpg\",\"datePublished\":\"2021-03-19T16:53:17+00:00\",\"dateModified\":\"2025-03-18T00:02:48+00:00\",\"breadcrumb\":{\"@id\":\"https:\/\/odysseus-numismatique.com\/article\/volques-tectosages-drachme-24\/#breadcrumb\"},\"inLanguage\":\"en-GB\",\"potentialAction\":[{\"@type\":\"ReadAction\",\"target\":[\"https:\/\/odysseus-numismatique.com\/article\/volques-tectosages-drachme-24\/\"]}]},{\"@type\":\"ImageObject\",\"inLanguage\":\"en-GB\",\"@id\":\"https:\/\/odysseus-numismatique.com\/article\/volques-tectosages-drachme-24\/#primaryimage\",\"url\":\"https:\/\/odysseus-numismatique.com\/wp-content\/uploads\/2021\/03\/volques-tectosages-drachme-24.jpg\",\"contentUrl\":\"https:\/\/odysseus-numismatique.com\/wp-content\/uploads\/2021\/03\/volques-tectosages-drachme-24.jpg\",\"width\":1500,\"height\":750,\"caption\":\"Odysseus Numismatique Monnaies Gauloises VOLQUES TECTOSAGES \u2022 Drachme \\\"\u00e0 l'Uraeus\\\"\"},{\"@type\":\"BreadcrumbList\",\"@id\":\"https:\/\/odysseus-numismatique.com\/article\/volques-tectosages-drachme-24\/#breadcrumb\",\"itemListElement\":[{\"@type\":\"ListItem\",\"position\":1,\"name\":\"Accueil\",\"item\":\"https:\/\/odysseus-numismatique.com\/\"},{\"@type\":\"ListItem\",\"position\":2,\"name\":\"Boutique\",\"item\":\"https:\/\/odysseus-numismatique.com\/en\/boutique\/\"},{\"@type\":\"ListItem\",\"position\":3,\"name\":\"VOLQUES TECTOSAGES Drachme\"}]},{\"@type\":\"WebSite\",\"@id\":\"https:\/\/odysseus-numismatique.com\/#website\",\"url\":\"https:\/\/odysseus-numismatique.com\/\",\"name\":\"Odysseus\",\"description\":\"Numismatique\",\"publisher\":{\"@id\":\"https:\/\/odysseus-numismatique.com\/#organization\"},\"potentialAction\":[{\"@type\":\"SearchAction\",\"target\":{\"@type\":\"EntryPoint\",\"urlTemplate\":\"https:\/\/odysseus-numismatique.com\/?s={search_term_string}\"},\"query-input\":{\"@type\":\"PropertyValueSpecification\",\"valueRequired\":true,\"valueName\":\"search_term_string\"}}],\"inLanguage\":\"en-GB\"},{\"@type\":\"Organization\",\"@id\":\"https:\/\/odysseus-numismatique.com\/#organization\",\"name\":\"Odysseus\",\"url\":\"https:\/\/odysseus-numismatique.com\/\",\"logo\":{\"@type\":\"ImageObject\",\"inLanguage\":\"en-GB\",\"@id\":\"https:\/\/odysseus-numismatique.com\/#\/schema\/logo\/image\/\",\"url\":\"https:\/\/odysseus-numismatique.com\/wp-content\/uploads\/2019\/04\/odysseus-numismatique.png\",\"contentUrl\":\"https:\/\/odysseus-numismatique.com\/wp-content\/uploads\/2019\/04\/odysseus-numismatique.png\",\"width\":500,\"height\":500,\"caption\":\"Odysseus\"},\"image\":{\"@id\":\"https:\/\/odysseus-numismatique.com\/#\/schema\/logo\/image\/\"}}]}<\/script>\n<!-- \/ Yoast SEO plugin. -->","yoast_head_json":{"title":"VOLQUES TECTOSAGES \u2022 Drachme &#8226; Odysseus","robots":{"index":"index","follow":"follow","max-snippet":"max-snippet:-1","max-image-preview":"max-image-preview:large","max-video-preview":"max-video-preview:-1"},"canonical":"https:\/\/odysseus-numismatique.com\/en\/article\/volques-tectosages-drachme-24\/","og_locale":"en_GB","og_type":"article","og_title":"VOLQUES TECTOSAGES \u2022 Drachme &#8226; Odysseus","og_description":"Tr\u00e8s bel exemplaire, rare variante avec esse boulet\u00e9e partant du front rappelant le cobra des couronnes \u00e9gyptiennes, symbole de pouvoir et de divinit\u00e9 (Uraeus). S'il est audacieux de relier cette esse boulet\u00e9e \u00e0 l'Uraeus, cet appendice sur le front a tr\u00e8s certainement une signification religieuse, il se retrouve sur les portraits frapp\u00e9s sur les drachmes anciennes de la vall\u00e9e du Rh\u00f4ne \u00e0 la l\u00e9gende IALKOVESI \/ KASIOS, sur les premi\u00e8res \u00e9missions des monnaies au bouquetin et plus rarement sur les drachmes \u00e0 la l\u00e9gende IAZUS.","og_url":"https:\/\/odysseus-numismatique.com\/en\/article\/volques-tectosages-drachme-24\/","og_site_name":"Odysseus","article_modified_time":"2025-03-18T00:02:48+00:00","og_image":[{"width":1500,"height":750,"url":"https:\/\/odysseus-numismatique.com\/wp-content\/uploads\/2021\/03\/volques-tectosages-drachme-24.jpg","type":"image\/jpeg"}],"twitter_card":"summary_large_image","schema":{"@context":"https:\/\/schema.org","@graph":[{"@type":"WebPage","@id":"https:\/\/odysseus-numismatique.com\/article\/volques-tectosages-drachme-24\/","url":"https:\/\/odysseus-numismatique.com\/article\/volques-tectosages-drachme-24\/","name":"VOLQUES TECTOSAGES \u2022 Drachme &#8226; Odysseus","isPartOf":{"@id":"https:\/\/odysseus-numismatique.com\/#website"},"primaryImageOfPage":{"@id":"https:\/\/odysseus-numismatique.com\/article\/volques-tectosages-drachme-24\/#primaryimage"},"image":{"@id":"https:\/\/odysseus-numismatique.com\/article\/volques-tectosages-drachme-24\/#primaryimage"},"thumbnailUrl":"https:\/\/odysseus-numismatique.com\/wp-content\/uploads\/2021\/03\/volques-tectosages-drachme-24.jpg","datePublished":"2021-03-19T16:53:17+00:00","dateModified":"2025-03-18T00:02:48+00:00","breadcrumb":{"@id":"https:\/\/odysseus-numismatique.com\/article\/volques-tectosages-drachme-24\/#breadcrumb"},"inLanguage":"en-GB","potentialAction":[{"@type":"ReadAction","target":["https:\/\/odysseus-numismatique.com\/article\/volques-tectosages-drachme-24\/"]}]},{"@type":"ImageObject","inLanguage":"en-GB","@id":"https:\/\/odysseus-numismatique.com\/article\/volques-tectosages-drachme-24\/#primaryimage","url":"https:\/\/odysseus-numismatique.com\/wp-content\/uploads\/2021\/03\/volques-tectosages-drachme-24.jpg","contentUrl":"https:\/\/odysseus-numismatique.com\/wp-content\/uploads\/2021\/03\/volques-tectosages-drachme-24.jpg","width":1500,"height":750,"caption":"Odysseus Numismatique Monnaies Gauloises VOLQUES TECTOSAGES \u2022 Drachme \"\u00e0 l'Uraeus\""},{"@type":"BreadcrumbList","@id":"https:\/\/odysseus-numismatique.com\/article\/volques-tectosages-drachme-24\/#breadcrumb","itemListElement":[{"@type":"ListItem","position":1,"name":"Accueil","item":"https:\/\/odysseus-numismatique.com\/"},{"@type":"ListItem","position":2,"name":"Boutique","item":"https:\/\/odysseus-numismatique.com\/en\/boutique\/"},{"@type":"ListItem","position":3,"name":"VOLQUES TECTOSAGES Drachme"}]},{"@type":"WebSite","@id":"https:\/\/odysseus-numismatique.com\/#website","url":"https:\/\/odysseus-numismatique.com\/","name":"Odysseus","description":"Numismatics","publisher":{"@id":"https:\/\/odysseus-numismatique.com\/#organization"},"potentialAction":[{"@type":"SearchAction","target":{"@type":"EntryPoint","urlTemplate":"https:\/\/odysseus-numismatique.com\/?s={search_term_string}"},"query-input":{"@type":"PropertyValueSpecification","valueRequired":true,"valueName":"search_term_string"}}],"inLanguage":"en-GB"},{"@type":"Organization","@id":"https:\/\/odysseus-numismatique.com\/#organization","name":"Odysseus","url":"https:\/\/odysseus-numismatique.com\/","logo":{"@type":"ImageObject","inLanguage":"en-GB","@id":"https:\/\/odysseus-numismatique.com\/#\/schema\/logo\/image\/","url":"https:\/\/odysseus-numismatique.com\/wp-content\/uploads\/2019\/04\/odysseus-numismatique.png","contentUrl":"https:\/\/odysseus-numismatique.com\/wp-content\/uploads\/2019\/04\/odysseus-numismatique.png","width":500,"height":500,"caption":"Odysseus"},"image":{"@id":"https:\/\/odysseus-numismatique.com\/#\/schema\/logo\/image\/"}}]}},"_links":{"self":[{"href":"https:\/\/odysseus-numismatique.com\/en\/wp-json\/wp\/v2\/product\/10344","targetHints":{"allow":["GET"]}}],"collection":[{"href":"https:\/\/odysseus-numismatique.com\/en\/wp-json\/wp\/v2\/product"}],"about":[{"href":"https:\/\/odysseus-numismatique.com\/en\/wp-json\/wp\/v2\/types\/product"}],"wp:featuredmedia":[{"embeddable":true,"href":"https:\/\/odysseus-numismatique.com\/en\/wp-json\/wp\/v2\/media\/10345"}],"wp:attachment":[{"href":"https:\/\/odysseus-numismatique.com\/en\/wp-json\/wp\/v2\/media?parent=10344"}],"wp:term":[{"taxonomy":"product_brand","embeddable":true,"href":"https:\/\/odysseus-numismatique.com\/en\/wp-json\/wp\/v2\/product_brand?post=10344"},{"taxonomy":"product_cat","embeddable":true,"href":"https:\/\/odysseus-numismatique.com\/en\/wp-json\/wp\/v2\/product_cat?post=10344"},{"taxonomy":"product_tag","embeddable":true,"href":"https:\/\/odysseus-numismatique.com\/en\/wp-json\/wp\/v2\/product_tag?post=10344"}],"curies":[{"name":"wp","href":"https:\/\/api.w.org\/{rel}","templated":true}]}}