{"id":17,"date":"2018-08-08T10:16:01","date_gmt":"2018-08-08T10:16:01","guid":{"rendered":"https:\/\/odysseus-numismatique.com\/?page_id=17"},"modified":"2026-04-23T18:11:20","modified_gmt":"2026-04-23T17:11:20","slug":"accueil","status":"publish","type":"page","link":"https:\/\/odysseus-numismatique.com\/en\/","title":{"rendered":"Accueil"},"content":{"rendered":"","protected":false},"excerpt":{"rendered":"","protected":false},"author":1,"featured_media":0,"parent":0,"menu_order":0,"comment_status":"closed","ping_status":"closed","template":"page-full-width.php","meta":{"footnotes":""},"class_list":["post-17","page","type-page","status-publish","hentry"],"yoast_head":"<!-- This site is optimized with the Yoast SEO plugin v27.5 - https:\/\/yoast.com\/product\/yoast-seo-wordpress\/ -->\n<title>Odysseus &#8226; Numismatique &#8226; Monnaies &amp; Pierres Grav\u00e9es Antiques<\/title>\n<meta name=\"description\" content=\"Sp\u00e9cialis\u00e9 dans la vente de monnaies et pierres grav\u00e9es antiques, Odysseus vous propose \u00e9galement une librairie compos\u00e9e d&#039;une s\u00e9lection d&#039;ouvrages anciens et modernes ainsi qu\u2019un espace r\u00e9serv\u00e9 aux \u00e9tudes et publications.\" \/>\n<meta name=\"robots\" content=\"index, follow, max-snippet:-1, max-image-preview:large, max-video-preview:-1\" \/>\n<link rel=\"canonical\" href=\"https:\/\/odysseus-numismatique.com\/en\/\" \/>\n<meta property=\"og:locale\" content=\"en_GB\" \/>\n<meta property=\"og:type\" content=\"article\" \/>\n<meta property=\"og:title\" content=\"Odysseus &#8226; Numismatique &#8226; Monnaies &amp; Pierres Grav\u00e9es Antiques\" \/>\n<meta property=\"og:description\" content=\"Sp\u00e9cialis\u00e9 dans la vente de monnaies et pierres grav\u00e9es antiques, Odysseus vous propose \u00e9galement une librairie compos\u00e9e d&#039;une s\u00e9lection d&#039;ouvrages anciens et modernes ainsi qu\u2019un espace r\u00e9serv\u00e9 aux \u00e9tudes et publications.\" \/>\n<meta property=\"og:url\" content=\"https:\/\/odysseus-numismatique.com\/en\/\" \/>\n<meta property=\"og:site_name\" content=\"Odysseus\" \/>\n<meta property=\"article:modified_time\" content=\"2026-04-23T17:11:20+00:00\" \/>\n<meta property=\"og:image\" content=\"https:\/\/odysseus-numismatique.com\/wp-content\/uploads\/2019\/04\/odysseus.png\" \/>\n\t<meta property=\"og:image:width\" content=\"1200\" \/>\n\t<meta property=\"og:image:height\" content=\"630\" \/>\n\t<meta property=\"og:image:type\" content=\"image\/png\" \/>\n<meta name=\"twitter:card\" content=\"summary_large_image\" \/>\n<meta name=\"twitter:label1\" content=\"Estimated reading time\" \/>\n\t<meta name=\"twitter:data1\" content=\"1 minute\" \/>\n<script type=\"application\/ld+json\" class=\"yoast-schema-graph\">{\"@context\":\"https:\\\/\\\/schema.org\",\"@graph\":[{\"@type\":\"WebPage\",\"@id\":\"https:\\\/\\\/odysseus-numismatique.com\\\/\",\"url\":\"https:\\\/\\\/odysseus-numismatique.com\\\/\",\"name\":\"Odysseus &#8226; Numismatique &#8226; Monnaies & Pierres Grav\u00e9es Antiques\",\"isPartOf\":{\"@id\":\"https:\\\/\\\/odysseus-numismatique.com\\\/#website\"},\"datePublished\":\"2018-08-08T10:16:01+00:00\",\"dateModified\":\"2026-04-23T17:11:20+00:00\",\"description\":\"Sp\u00e9cialis\u00e9 dans la vente de monnaies et pierres grav\u00e9es antiques, Odysseus vous propose \u00e9galement une librairie compos\u00e9e d'une s\u00e9lection d'ouvrages anciens et modernes ainsi qu\u2019un espace r\u00e9serv\u00e9 aux \u00e9tudes et publications.\",\"breadcrumb\":{\"@id\":\"https:\\\/\\\/odysseus-numismatique.com\\\/#breadcrumb\"},\"inLanguage\":\"en-GB\",\"potentialAction\":[{\"@type\":\"ReadAction\",\"target\":[\"https:\\\/\\\/odysseus-numismatique.com\\\/\"]}]},{\"@type\":\"BreadcrumbList\",\"@id\":\"https:\\\/\\\/odysseus-numismatique.com\\\/#breadcrumb\",\"itemListElement\":[{\"@type\":\"ListItem\",\"position\":1,\"name\":\"Accueil\",\"item\":\"https:\\\/\\\/odysseus-numismatique.com\\\/\"},{\"@type\":\"ListItem\",\"position\":2,\"name\":\"Accueil\"}]},{\"@type\":\"WebSite\",\"@id\":\"https:\\\/\\\/odysseus-numismatique.com\\\/#website\",\"url\":\"https:\\\/\\\/odysseus-numismatique.com\\\/\",\"name\":\"Odysseus\",\"description\":\"Numismatique\",\"publisher\":{\"@id\":\"https:\\\/\\\/odysseus-numismatique.com\\\/#organization\"},\"potentialAction\":[{\"@type\":\"SearchAction\",\"target\":{\"@type\":\"EntryPoint\",\"urlTemplate\":\"https:\\\/\\\/odysseus-numismatique.com\\\/?s={search_term_string}\"},\"query-input\":{\"@type\":\"PropertyValueSpecification\",\"valueRequired\":true,\"valueName\":\"search_term_string\"}}],\"inLanguage\":\"en-GB\"},{\"@type\":\"Organization\",\"@id\":\"https:\\\/\\\/odysseus-numismatique.com\\\/#organization\",\"name\":\"Odysseus\",\"url\":\"https:\\\/\\\/odysseus-numismatique.com\\\/\",\"logo\":{\"@type\":\"ImageObject\",\"inLanguage\":\"en-GB\",\"@id\":\"https:\\\/\\\/odysseus-numismatique.com\\\/#\\\/schema\\\/logo\\\/image\\\/\",\"url\":\"https:\\\/\\\/odysseus-numismatique.com\\\/wp-content\\\/uploads\\\/2019\\\/04\\\/odysseus-numismatique.png\",\"contentUrl\":\"https:\\\/\\\/odysseus-numismatique.com\\\/wp-content\\\/uploads\\\/2019\\\/04\\\/odysseus-numismatique.png\",\"width\":500,\"height\":500,\"caption\":\"Odysseus\"},\"image\":{\"@id\":\"https:\\\/\\\/odysseus-numismatique.com\\\/#\\\/schema\\\/logo\\\/image\\\/\"}}]}<\/script>\n<!-- \/ Yoast SEO plugin. -->","yoast_head_json":{"title":"Odysseus &#8226; Numismatique &#8226; Monnaies & Pierres Grav\u00e9es Antiques","description":"Sp\u00e9cialis\u00e9 dans la vente de monnaies et pierres grav\u00e9es antiques, Odysseus vous propose \u00e9galement une librairie compos\u00e9e d'une s\u00e9lection d'ouvrages anciens et modernes ainsi qu\u2019un espace r\u00e9serv\u00e9 aux \u00e9tudes et publications.","robots":{"index":"index","follow":"follow","max-snippet":"max-snippet:-1","max-image-preview":"max-image-preview:large","max-video-preview":"max-video-preview:-1"},"canonical":"https:\/\/odysseus-numismatique.com\/en\/","og_locale":"en_GB","og_type":"article","og_title":"Odysseus &#8226; Numismatique &#8226; Monnaies & Pierres Grav\u00e9es Antiques","og_description":"Sp\u00e9cialis\u00e9 dans la vente de monnaies et pierres grav\u00e9es antiques, Odysseus vous propose \u00e9galement une librairie compos\u00e9e d'une s\u00e9lection d'ouvrages anciens et modernes ainsi qu\u2019un espace r\u00e9serv\u00e9 aux \u00e9tudes et publications.","og_url":"https:\/\/odysseus-numismatique.com\/en\/","og_site_name":"Odysseus","article_modified_time":"2026-04-23T17:11:20+00:00","og_image":[{"width":1200,"height":630,"url":"https:\/\/odysseus-numismatique.com\/wp-content\/uploads\/2019\/04\/odysseus.png","type":"image\/png"}],"twitter_card":"summary_large_image","twitter_misc":{"Estimated reading time":"1 minute"},"schema":{"@context":"https:\/\/schema.org","@graph":[{"@type":"WebPage","@id":"https:\/\/odysseus-numismatique.com\/","url":"https:\/\/odysseus-numismatique.com\/","name":"Odysseus &#8226; Numismatique &#8226; Monnaies & Pierres Grav\u00e9es Antiques","isPartOf":{"@id":"https:\/\/odysseus-numismatique.com\/#website"},"datePublished":"2018-08-08T10:16:01+00:00","dateModified":"2026-04-23T17:11:20+00:00","description":"Sp\u00e9cialis\u00e9 dans la vente de monnaies et pierres grav\u00e9es antiques, Odysseus vous propose \u00e9galement une librairie compos\u00e9e d'une s\u00e9lection d'ouvrages anciens et modernes ainsi qu\u2019un espace r\u00e9serv\u00e9 aux \u00e9tudes et publications.","breadcrumb":{"@id":"https:\/\/odysseus-numismatique.com\/#breadcrumb"},"inLanguage":"en-GB","potentialAction":[{"@type":"ReadAction","target":["https:\/\/odysseus-numismatique.com\/"]}]},{"@type":"BreadcrumbList","@id":"https:\/\/odysseus-numismatique.com\/#breadcrumb","itemListElement":[{"@type":"ListItem","position":1,"name":"Accueil","item":"https:\/\/odysseus-numismatique.com\/"},{"@type":"ListItem","position":2,"name":"Accueil"}]},{"@type":"WebSite","@id":"https:\/\/odysseus-numismatique.com\/#website","url":"https:\/\/odysseus-numismatique.com\/","name":"Odysseus","description":"Numismatics","publisher":{"@id":"https:\/\/odysseus-numismatique.com\/#organization"},"potentialAction":[{"@type":"SearchAction","target":{"@type":"EntryPoint","urlTemplate":"https:\/\/odysseus-numismatique.com\/?s={search_term_string}"},"query-input":{"@type":"PropertyValueSpecification","valueRequired":true,"valueName":"search_term_string"}}],"inLanguage":"en-GB"},{"@type":"Organization","@id":"https:\/\/odysseus-numismatique.com\/#organization","name":"Odysseus","url":"https:\/\/odysseus-numismatique.com\/","logo":{"@type":"ImageObject","inLanguage":"en-GB","@id":"https:\/\/odysseus-numismatique.com\/#\/schema\/logo\/image\/","url":"https:\/\/odysseus-numismatique.com\/wp-content\/uploads\/2019\/04\/odysseus-numismatique.png","contentUrl":"https:\/\/odysseus-numismatique.com\/wp-content\/uploads\/2019\/04\/odysseus-numismatique.png","width":500,"height":500,"caption":"Odysseus"},"image":{"@id":"https:\/\/odysseus-numismatique.com\/#\/schema\/logo\/image\/"}}]}},"_links":{"self":[{"href":"https:\/\/odysseus-numismatique.com\/en\/wp-json\/wp\/v2\/pages\/17","targetHints":{"allow":["GET"]}}],"collection":[{"href":"https:\/\/odysseus-numismatique.com\/en\/wp-json\/wp\/v2\/pages"}],"about":[{"href":"https:\/\/odysseus-numismatique.com\/en\/wp-json\/wp\/v2\/types\/page"}],"author":[{"embeddable":true,"href":"https:\/\/odysseus-numismatique.com\/en\/wp-json\/wp\/v2\/users\/1"}],"replies":[{"embeddable":true,"href":"https:\/\/odysseus-numismatique.com\/en\/wp-json\/wp\/v2\/comments?post=17"}],"version-history":[{"count":185,"href":"https:\/\/odysseus-numismatique.com\/en\/wp-json\/wp\/v2\/pages\/17\/revisions"}],"predecessor-version":[{"id":23134,"href":"https:\/\/odysseus-numismatique.com\/en\/wp-json\/wp\/v2\/pages\/17\/revisions\/23134"}],"wp:attachment":[{"href":"https:\/\/odysseus-numismatique.com\/en\/wp-json\/wp\/v2\/media?parent=17"}],"curies":[{"name":"wp","href":"https:\/\/api.w.org\/{rel}","templated":true}]}}